{"id":1001,"date":"2024-01-10T22:45:36","date_gmt":"2024-01-10T22:45:36","guid":{"rendered":"https:\/\/www.tayfunbavbek.com\/?page_id=1001"},"modified":"2024-01-25T15:48:51","modified_gmt":"2024-01-25T15:48:51","slug":"kontaktieren-sie-uns","status":"publish","type":"page","link":"https:\/\/www.tayfunbavbek.com\/de\/kontaktieren-sie-uns\/","title":{"rendered":"Kontaktieren Sie uns"},"content":{"rendered":"\n\t<section class=\"section section-hero\" id=\"section_108007676\">\n\t\t<div class=\"bg section-bg fill bg-fill  bg-loaded\" >\n\n\t\t\t\n\t\t\t\n\t\t\t\n\n\t\t<\/div>\n\n\t\t\n\n\t\t<div class=\"section-content relative\">\n\t\t\t\n\n<div class=\"row row-large align-middle\" style=\"max-width:1580px\" id=\"row-232503045\">\n\n\n\t<div id=\"col-485681602\" class=\"col medium-5 small-12 large-5\"  >\n\t\t\t\t<div class=\"col-inner\"  >\n\t\t\t\n\t\t\t\n\n<h1 style=\"max-width:550px;\">Kontaktieren Sie uns<\/h1>\n<p>Z\u00f6gern Sie nicht, uns f\u00fcr Fragen oder zur Terminvereinbarung zu kontaktieren. Sie k\u00f6nnen uns jederzeit \u00fcber die Kontaktformulare auf unserer Website, WhatsApp oder per E-Mail erreichen. Wir helfen Ihnen gerne weiter.<\/p>\n\n\n\t\t<div class=\"icon-box featured-box vertical-center icon-box-left text-left\"  >\n\t\t\t\t\t<div class=\"icon-box-img\" style=\"width: 60px\">\n\t\t\t\t<div class=\"icon\">\n\t\t\t\t\t<div class=\"icon-inner\" >\n\t\t\t\t\t\t<img loading=\"lazy\" decoding=\"async\" width=\"1\" height=\"1\" src=\"https:\/\/www.tayfunbavbek.com\/wp-content\/uploads\/2024\/01\/phone-icon-1.svg\" class=\"attachment-medium size-medium\" alt=\"\" \/>\t\t\t\t\t<\/div>\n\t\t\t\t<\/div>\n\t\t\t<\/div>\n\t\t\t\t<div class=\"icon-box-text last-reset\">\n\t\t\t\t\t\t\t\t\t\n\n\t<div id=\"text-2124129238\" class=\"text margin-0\">\n\t\t\n\n<p class=\"strong\" style=\"font-size:15px;\">Telefon: 0 542 124 15 50<\/p>\n\t\t\n<style>\n#text-2124129238 {\n  color: rgb(0, 0, 0);\n}\n#text-2124129238 > * {\n  color: rgb(0, 0, 0);\n}\n<\/style>\n\t<\/div>\n\t\n\n\t\t<\/div>\n\t<\/div>\n\t\n\t\n\n\t\t<\/div>\n\t\t\t\t\t<\/div>\n\n\t\n\n\t<div id=\"col-207347900\" class=\"col medium-7 small-12 large-7\"  >\n\t\t\t\t<div class=\"col-inner text-right\"  >\n\t\t\t\n\t\t\t\n\n\n\n<iframe src=\"https:\/\/www.google.com\/maps\/embed?pb=!1m18!1m12!1m3!1d188.252187760779!2d29.042362611316623!3d40.98071433702418!2m3!1f0!2f0!3f0!3m2!1i1024!2i768!4f13.1!3m3!1m2!1s0x14cab9f14a3e89cb%3A0x44bcecaf81a4d3a8!2sProf.Dr.%20Tayfun%20BAVBEK%2C%20G%C3%B6z%20Muayenehanesi!5e0!3m2!1str!2str!4v1705763923888!5m2!1str!2str\" width=\"750\" height=\"600\" style=\"border:0;\" allowfullscreen=\"\" loading=\"lazy\" referrerpolicy=\"no-referrer-when-downgrade\"><\/iframe>\n\n\n\t\t<\/div>\n\t\t\t\t\t<\/div>\n\n\t\n\n\n<style>\n#row-232503045 > .col > .col-inner {\n  padding: 32px 0px 0px 0px;\n}\n<\/style>\n<\/div>\n\n\t\t<\/div>\n\n\t\t\n<style>\n#section_108007676 {\n  padding-top: 160px;\n  padding-bottom: 160px;\n}\n<\/style>\n\t<\/section>\n\t\n\t<section class=\"section\" id=\"section_1224191341\">\n\t\t<div class=\"bg section-bg fill bg-fill  bg-loaded\" >\n\n\t\t\t\n\t\t\t\n\t\t\t\n\n\t\t<\/div>\n\n\t\t\n\n\t\t<div class=\"section-content relative\">\n\t\t\t\n\n\t<section class=\"section\" id=\"section_1476343718\">\n\t\t<div class=\"bg section-bg fill bg-fill  bg-loaded\" >\n\n\t\t\t\n\t\t\t\n\t\t\t\n\n\t\t<\/div>\n\n\t\t\n\n\t\t<div class=\"section-content relative\">\n\t\t\t\r\n\r\n<div class=\"row row-collapse row-full-width\"  id=\"row-1608812603\">\r\n\r\n\n\t<div id=\"col-417730851\" class=\"col small-12 large-12\"  >\n\t\t\t\t<div class=\"col-inner text-center\"  >\n\t\t\t\n\t\t\t\r\n\r\n\t<div id=\"text-1946214282\" class=\"text\">\n\t\t\r\n\r\n<p style=\"margin-bottom:0;\">\u00dcbersehen Sie nicht die unsichtbare Gefahr! Glaukom ist der Anstieg des Fl\u00fcssigkeitsdrucks innerhalb des Auges... <a href=\"\">Mehr...<\/a><\/p>\r\n\t\t\n<style>\n#text-1946214282 {\n  color: rgb(255, 255, 255);\n}\n#text-1946214282 > * {\n  color: rgb(255, 255, 255);\n}\n<\/style>\n\t<\/div>\n\t\r\n\r\n\t\t<\/div>\n\t\t\t\t\n<style>\n#col-417730851 > .col-inner {\n  padding: 20px 20px 20px 20px;\n}\n<\/style>\n\t<\/div>\n\n\t\r\n\r\n\n<style>\n#row-1608812603 > .col > .col-inner {\n  background-color: rgb(46, 39, 157);\n}\n<\/style>\n<\/div>\r\n\r\n\t\t<\/div>\n\n\t\t\n<style>\n#section_1476343718 {\n  padding-top: 0px;\n  padding-bottom: 0px;\n}\n<\/style>\n\t<\/section>\n\t\n\n\n\t\t<\/div>\n\n\t\t\n<style>\n#section_1224191341 {\n  padding-top: 0px;\n  padding-bottom: 0px;\n}\n<\/style>\n\t<\/section>\n\t\n\t<section class=\"section section-home-1\" id=\"section_999303266\">\n\t\t<div class=\"bg section-bg fill bg-fill  bg-loaded\" >\n\n\t\t\t\n\t\t\t\n\t\t\t\n\n\t\t<\/div>\n\n\t\t\n\n\t\t<div class=\"section-content relative\">\n\t\t\t\n\n\t<div id=\"gap-765958694\" class=\"gap-element clearfix\" style=\"display:block; height:auto;\">\n\t\t\n<style>\n#gap-765958694 {\n  padding-top: 30px;\n}\n<\/style>\n\t<\/div>\n\t\n\n<div class=\"row section-home-1-row\"  id=\"row-1530465976\">\n\n\n\t<div id=\"col-800528371\" class=\"col medium-4 small-12 large-4\"  >\n\t\t\t\t<div class=\"col-inner\" style=\"background-color:rgb(73, 154, 250);\" >\n\t\t\t\n\t<div class=\"is-border\"\n\t\tstyle=\"border-radius:6px;border-width:0px 0px 0px 0px;\">\n\t<\/div>\n\t\t\t\n\n\n\t\t<div class=\"icon-box featured-box icon-box-left text-left\"  >\n\t\t\t\t\t<div class=\"icon-box-img\" style=\"width: 38px\">\n\t\t\t\t<div class=\"icon\">\n\t\t\t\t\t<div class=\"icon-inner\" style=\"color:rgb(255, 255, 255);\">\n\t\t\t\t\t\t<svg width=\"114\" height=\"113\" viewBox=\"0 0 114 113\" fill=\"none\" xmlns=\"http:\/\/www.w3.org\/2000\/svg\">\n<g clip-path=\"url(#clip0_164_202)\">\n<path d=\"M88.5006 9.44012C89.5406 7.93012 90.6306 6.29012 91.7906 4.71012C92.8406 3.28012 93.8906 3.33012 94.4106 5.09012C95.8406 9.94012 97.2006 14.8101 98.4906 19.7001C98.8606 21.0901 98.5206 22.5701 96.8106 22.7701C91.0706 23.4401 85.3106 23.9601 79.5606 24.5301C79.3606 24.2601 79.1606 23.9901 78.9606 23.7201C80.2906 21.5401 81.6206 19.3601 83.0706 16.9901C77.8006 13.2801 72.0006 10.9201 65.7706 9.81012C40.1806 5.22012 16.8806 20.1201 10.2306 45.2001C5.02057 64.8601 14.2506 87.5801 31.9606 97.5501C36.7306 100.23 42.1706 101.74 47.3706 103.62C49.4406 104.37 51.2806 105.13 51.6606 107.55C52.1606 110.8 49.2506 113.22 45.6406 112.34C42.0306 111.45 38.3406 110.57 34.9706 109.07C16.6606 100.92 4.91057 87.2201 1.06057 67.4101C-4.90943 36.6401 14.9606 7.15012 45.8006 1.11012C59.8206 -1.63988 73.2106 0.690117 85.5806 8.09012C86.2906 8.52012 87.0106 8.94012 87.7306 9.34012C87.8606 9.41012 88.0506 9.39012 88.5006 9.44012Z\" fill=\"#2E279D\"\/>\n<path d=\"M50.2896 41.1502C50.2896 35.6702 50.2796 30.1802 50.2896 24.7002C50.2896 21.7002 51.6296 19.9602 53.8496 19.9602C56.0296 19.9602 57.2896 21.6702 57.2996 24.7702C57.3196 34.3302 57.3496 43.8802 57.2696 53.4402C57.2496 55.2602 57.8296 56.2702 59.4696 57.1002C68.4296 61.6302 77.3396 66.2602 86.2496 70.8902C89.3496 72.5002 90.0696 75.1802 87.7596 76.9202C86.8396 77.6102 84.9496 77.9802 83.9896 77.5102C73.0796 72.0602 62.2496 66.4502 51.4496 60.7702C50.8196 60.4402 50.3596 59.1902 50.3496 58.3502C50.2596 52.6202 50.2996 46.8802 50.2996 41.1502H50.2896Z\" fill=\"#2E279D\"\/>\n<path d=\"M67.141 112.46C64.171 112.51 62.241 111.03 61.861 109.01C61.441 106.82 62.451 104.82 64.621 104.1C66.081 103.61 67.661 103.27 69.191 103.2C71.481 103.08 72.941 104.44 73.451 106.59C73.941 108.69 73.021 110.42 71.141 111.31C69.681 112 68.001 112.23 67.151 112.47L67.141 112.46Z\" fill=\"#2E279D\"\/>\n<path d=\"M89.8201 99.8202C89.7401 102.95 86.4501 106.01 83.2501 106.33C81.0301 106.56 79.4401 105.5 78.6801 103.33C77.8201 100.87 78.7401 99.2702 82.2401 97.1402C84.8101 95.5802 87.0901 95.5702 88.5401 97.3302C89.2401 98.1702 89.5701 99.3102 89.8201 99.8102V99.8202Z\" fill=\"#2E279D\"\/>\n<path d=\"M104.5 56.4502C104.55 55.6302 104.5 54.7902 104.65 53.9902C105.05 51.7502 106.51 50.4602 108.72 50.3602C110.82 50.2602 112.48 51.3802 112.97 53.4402C113.34 55.0002 113.37 56.7302 113.16 58.3302C112.79 61.0802 110.95 62.3902 108.33 62.1402C106.09 61.9202 104.72 60.3002 104.61 57.7002C104.59 57.2902 104.61 56.8702 104.61 56.4602C104.58 56.4602 104.54 56.4602 104.51 56.4602L104.5 56.4502Z\" fill=\"#2E279D\"\/>\n<path d=\"M101.131 74.32C101.591 73.23 102.121 71.27 103.191 69.66C104.451 67.76 106.561 67.59 108.531 68.51C110.351 69.35 111.261 71 110.841 73C110.521 74.52 109.921 76.01 109.231 77.41C108.201 79.51 106.281 80.05 104.181 79.49C102.101 78.93 101.171 77.32 101.141 74.33L101.131 74.32Z\" fill=\"#2E279D\"\/>\n<path d=\"M92.17 90.3502C92.29 87.4502 95.97 83.6402 98.57 83.7402C100.94 83.8302 102.87 86.0002 102.72 88.4002C102.54 91.3602 98.92 95.0602 96.28 95.0002C93.88 94.9402 92.07 92.9002 92.17 90.3602V90.3502Z\" fill=\"#2E279D\"\/>\n<path d=\"M110.591 39.26C110.541 42.37 109.501 43.95 107.471 44.5C105.381 45.06 103.461 44.43 102.451 42.34C101.771 40.94 101.191 39.43 100.921 37.91C100.561 35.92 101.481 34.36 103.291 33.44C105.141 32.49 107.071 32.73 108.221 34.33C109.431 36.02 110.071 38.11 110.601 39.25L110.591 39.26Z\" fill=\"#2E279D\"\/>\n<\/g>\n<defs>\n<clipPath id=\"clip0_164_202\">\n<rect width=\"113.29\" height=\"112.51\" fill=\"white\"\/>\n<\/clipPath>\n<\/defs>\n<\/svg>\n\t\t\t\t\t<\/div>\n\t\t\t\t<\/div>\n\t\t\t<\/div>\n\t\t\t\t<div class=\"icon-box-text last-reset\">\n\t\t\t\t\t\t\t\t\t\n\n\t<div id=\"text-2017687239\" class=\"text\">\n\t\t\n\n<p><span class=\"strong\" style=\"font-size:18px;\">Rufen Sie uns an<\/span> <\/br>0 542 124 15 50<\/p>\n\n\t\t\n<style>\n#text-2017687239 {\n  color: rgb(255, 255, 255);\n}\n#text-2017687239 > * {\n  color: rgb(255, 255, 255);\n}\n<\/style>\n\t<\/div>\n\t\n\n\t\t<\/div>\n\t<\/div>\n\t\n\t\n\n\t\t<\/div>\n\t\t\t\t\n<style>\n#col-800528371 > .col-inner {\n  padding: 24px 28px 24px 28px;\n  border-radius: 4px;\n}\n<\/style>\n\t<\/div>\n\n\t\n\n\t<div id=\"col-1196348399\" class=\"col medium-4 small-12 large-4\"  >\n\t\t\t\t<div class=\"col-inner\" style=\"background-color:rgb(222, 238, 254);\" >\n\t\t\t\n\t<div class=\"is-border\"\n\t\tstyle=\"border-radius:6px;border-width:0px 0px 0px 0px;\">\n\t<\/div>\n\t\t\t\n\n\n\t\t<div class=\"icon-box featured-box icon-box-left text-left\"  >\n\t\t\t\t\t<div class=\"icon-box-img\" style=\"width: 38px\">\n\t\t\t\t<div class=\"icon\">\n\t\t\t\t\t<div class=\"icon-inner\" style=\"color:rgb(255, 255, 255);\">\n\t\t\t\t\t\t<img loading=\"lazy\" decoding=\"async\" width=\"1\" height=\"1\" src=\"https:\/\/www.tayfunbavbek.com\/wp-content\/uploads\/2024\/01\/Uzman-Kadro.svg\" class=\"attachment-medium size-medium\" alt=\"\" \/>\t\t\t\t\t<\/div>\n\t\t\t\t<\/div>\n\t\t\t<\/div>\n\t\t\t\t<div class=\"icon-box-text last-reset\">\n\t\t\t\t\t\t\t\t\t\n\n<p><span class=\"strong\" style=\"font-size:18px;\">Adresse<\/span> <\/br>Feneryolu Mah. Ba\u011fdat Cad. No: 73 Kat: 2 Daire: 4, Kad\u0131k\u00f6y \/ \u0130stanbul<\/p>\n\n\n\t\t<\/div>\n\t<\/div>\n\t\n\t\n\n\t\t<\/div>\n\t\t\t\t\n<style>\n#col-1196348399 > .col-inner {\n  padding: 24px 28px 24px 28px;\n  border-radius: 4px;\n}\n<\/style>\n\t<\/div>\n\n\t\n\n\t<div id=\"col-1154801169\" class=\"col medium-4 small-12 large-4\"  >\n\t\t\t\t<div class=\"col-inner\" style=\"background-color:rgb(46, 39, 157);\" >\n\t\t\t\n\t<div class=\"is-border\"\n\t\tstyle=\"border-radius:6px;border-width:0px 0px 0px 0px;\">\n\t<\/div>\n\t\t\t\n\n\n\t\t<div class=\"icon-box featured-box icon-box-left text-left\"  >\n\t\t\t\t\t<div class=\"icon-box-img\" style=\"width: 38px\">\n\t\t\t\t<div class=\"icon\">\n\t\t\t\t\t<div class=\"icon-inner\" style=\"color:rgb(255, 255, 255);\">\n\t\t\t\t\t\t<svg width=\"97\" height=\"113\" viewBox=\"0 0 97 113\" fill=\"none\" xmlns=\"http:\/\/www.w3.org\/2000\/svg\">\n<g clip-path=\"url(#clip0_164_196)\">\n<path d=\"M96.1097 38.1899C96.3397 50.0799 95.7397 61.9199 91.7597 73.2799C86.8697 87.2399 78.0697 98.0199 65.0797 105.16C60.7397 107.55 56.1497 109.53 51.5397 111.36C49.8897 112.02 47.6397 112.29 46.0197 111.73C34.7797 107.8 24.4697 102.31 16.3697 93.2499C8.12966 84.0499 3.66966 73.1699 1.60966 61.1599C-0.340338 49.7999 -0.0703381 38.3299 0.159662 26.8799C0.309662 19.2999 4.76966 14.6099 12.3097 14.1099C23.8997 13.3399 34.0697 9.33994 42.6697 1.40994C43.4797 0.669937 44.7997 0.309938 45.9397 0.139938C50.1497 -0.460062 53.4797 0.799937 56.8497 3.76994C64.3597 10.3999 73.5897 13.3599 83.5297 14.0299C90.3897 14.4899 95.5797 18.4299 96.0397 24.2399C96.4097 28.8599 96.1097 33.5299 96.1097 38.1799V38.1899ZM90.0997 38.5999C90.0997 37.2699 90.1197 35.9399 90.0997 34.6099C90.0497 32.1999 89.9697 29.7899 89.8997 27.3799C89.7497 22.5699 87.9597 20.8299 83.0897 20.3599C79.9597 20.0599 76.8197 19.6399 73.7497 18.9799C64.8597 17.0899 57.0997 12.9299 50.4297 6.80994C48.8697 5.37994 47.6997 4.92994 46.1397 6.74994C45.2297 7.80994 44.0397 8.62994 42.9197 9.48994C34.2597 16.1999 24.3897 19.6599 13.4997 20.3899C8.53966 20.7199 6.42966 22.6599 6.50966 27.5199C6.66966 37.3099 6.67966 47.1299 7.49966 56.8799C8.36966 67.1799 11.7897 76.7799 18.0297 85.2099C25.4697 95.2799 35.6597 101.38 47.2397 105.46C47.9897 105.72 49.0597 105.57 49.8197 105.24C53.4797 103.68 57.1897 102.2 60.6797 100.32C73.2997 93.5199 81.9397 83.3399 86.3197 69.5999C89.5397 59.4999 89.9197 49.0599 90.0997 38.5999Z\" fill=\"#2E279D\"\/>\n<path d=\"M76.3088 55.4601C76.3088 71.1201 63.7788 83.6901 48.1888 83.6601C32.7088 83.6301 19.9988 70.8401 20.0588 55.3701C20.1188 39.8701 32.5888 27.4501 48.1588 27.4001C63.8588 27.3501 76.3188 39.7601 76.3188 55.4601H76.3088ZM48.3588 33.7501C36.4788 33.7101 26.5088 43.4901 26.4088 55.2901C26.3088 67.1001 36.4188 77.3001 48.2388 77.3101C60.0388 77.3101 69.9288 67.4001 69.9688 55.5501C70.0088 43.6201 60.2688 33.8001 48.3688 33.7601L48.3588 33.7501Z\" fill=\"#2E279D\"\/>\n<path d=\"M42.9001 60.3899C47.2501 56.0199 51.1001 52.1499 54.9601 48.2899C57.5601 45.6899 59.5101 45.2599 61.0501 46.9299C62.4801 48.4799 62.0001 50.2799 59.4401 52.8399C55.1001 57.1799 50.7801 61.5199 46.4301 65.8399C43.9001 68.3499 42.6801 68.3599 40.1501 65.9399C38.5401 64.3899 36.9201 62.8399 35.3701 61.2299C33.9201 59.7299 33.4901 58.0299 35.1201 56.4199C36.7501 54.7999 38.4601 55.2199 39.9201 56.7199C40.9501 57.7799 41.8001 59.0099 42.9101 60.3899H42.9001Z\" fill=\"#2E279D\"\/>\n<\/g>\n<defs>\n<clipPath id=\"clip0_164_196\">\n<rect width=\"96.22\" height=\"112.03\" fill=\"white\"\/>\n<\/clipPath>\n<\/defs>\n<\/svg>\n\t\t\t\t\t<\/div>\n\t\t\t\t<\/div>\n\t\t\t<\/div>\n\t\t\t\t<div class=\"icon-box-text last-reset\">\n\t\t\t\t\t\t\t\t\t\n\n\t<div id=\"text-4026638028\" class=\"text\">\n\t\t\n\n<p><span class=\"strong\" style=\"font-size:18px;\">Kontakt<\/span> <\/br>iletisim@tayfunbavbek.com<\/p>\n\n\t\t\n<style>\n#text-4026638028 {\n  color: rgb(255, 255, 255);\n}\n#text-4026638028 > * {\n  color: rgb(255, 255, 255);\n}\n<\/style>\n\t<\/div>\n\t\n\n\t\t<\/div>\n\t<\/div>\n\t\n\t\n\n\t\t<\/div>\n\t\t\t\t\n<style>\n#col-1154801169 > .col-inner {\n  padding: 24px 28px 24px 28px;\n  border-radius: 4px;\n}\n<\/style>\n\t<\/div>\n\n\t\n\n<\/div>\n<div class=\"row row-large align-middle\"  id=\"row-525031786\">\n\n\n\t<div id=\"col-74307318\" class=\"col medium-5 small-12 large-5\"  >\n\t\t\t\t<div class=\"col-inner\"  >\n\t\t\t\n\t\t\t\n\n\t<div class=\"img has-hover x md-x lg-x y md-y lg-y\" id=\"image_731142520\">\n\t\t\t\t\t\t\t\t<div class=\"img-inner dark\" >\n\t\t\t<img loading=\"lazy\" decoding=\"async\" width=\"480\" height=\"657\" src=\"https:\/\/www.tayfunbavbek.com\/wp-content\/uploads\/2024\/01\/tayfunbavbek-photo.jpg\" class=\"attachment-original size-original\" alt=\"\" srcset=\"https:\/\/www.tayfunbavbek.com\/wp-content\/uploads\/2024\/01\/tayfunbavbek-photo.jpg 480w, https:\/\/www.tayfunbavbek.com\/wp-content\/uploads\/2024\/01\/tayfunbavbek-photo-292x400.jpg 292w\" sizes=\"auto, (max-width: 480px) 100vw, 480px\" \/>\t\t\t\t\t\t\n\t\t\t\t\t<\/div>\n\t\t\t\t\t\t\t\t\n<style>\n#image_731142520 {\n  width: 100%;\n}\n<\/style>\n\t<\/div>\n\t\n\n\n\t\t<\/div>\n\t\t\t\t\t<\/div>\n\n\t\n\n\t<div id=\"col-803874175\" class=\"col medium-6 small-12 large-6\"  >\n\t\t\t\t<div class=\"col-inner\"  >\n\t\t\t\n\t\t\t\n\n<p class=\"subheading\">KONTAKTFORMULAR<\/p>\n<h2>Kontaktieren Sie uns<\/h2>\n<p>Sie k\u00f6nnen sich ganz einfach \u00fcber das unten stehende Kontaktformular melden oder <a href=\"https:\/\/api.whatsapp.com\/send?phone=905421241550&amp;text=Merhaba,%20randevu%20olu%C5%9Fturmak%20istiyorum.\" target=\"_blank\" rel=\"noopener\"><b>hier klicken<\/b><\/a>, um uns \u00fcber WhatsApp zu erreichen.<\/p>\n\n\n<div class=\"wpcf7 no-js\" id=\"wpcf7-f1235-o1\" lang=\"de-DE\" dir=\"ltr\" data-wpcf7-id=\"1235\">\n<div class=\"screen-reader-response\"><p role=\"status\" aria-live=\"polite\" aria-atomic=\"true\"><\/p> <ul><\/ul><\/div>\n<form action=\"\/de\/wp-json\/wp\/v2\/pages\/1001#wpcf7-f1235-o1\" method=\"post\" class=\"wpcf7-form init\" aria-label=\"Kontaktformular\" novalidate=\"novalidate\" data-status=\"init\">\n<fieldset class=\"hidden-fields-container\"><input type=\"hidden\" name=\"_wpcf7\" value=\"1235\" \/><input type=\"hidden\" name=\"_wpcf7_version\" value=\"6.1.5\" \/><input type=\"hidden\" name=\"_wpcf7_locale\" value=\"de_DE\" \/><input type=\"hidden\" name=\"_wpcf7_unit_tag\" value=\"wpcf7-f1235-o1\" \/><input type=\"hidden\" name=\"_wpcf7_container_post\" value=\"0\" \/><input type=\"hidden\" name=\"_wpcf7_posted_data_hash\" value=\"\" \/><input type=\"hidden\" name=\"_wpcf7_recaptcha_response\" value=\"\" \/>\n<\/fieldset>\n<style>\n .row {\n display: flex;\n flex-wrap: wrap;\n margin-bottom: 15px;\n }\n\n .column {\n flex: 50%;\n padding: 0 15px;\n box-sizing: border-box;\n }\n\n \/* \u0130ste\u011fe ba\u011fl\u0131: D\u00fczenin geni\u015fli\u011fini ve ortalamay\u0131 ayarlamak i\u00e7in a\u015fa\u011f\u0131daki sat\u0131rlar\u0131 kullanabilirsiniz. *\/\n \/* .container {\n width: 70%;\n margin: 0 auto;\n } *\/\n<\/style>\n<div class=\"row\">\n\t<div class=\"column\">\n\t\t<p><label><br \/>\n<span class=\"wpcf7-form-control-wrap\" data-name=\"your-name\"><input size=\"40\" maxlength=\"400\" class=\"wpcf7-form-control wpcf7-text wpcf7-validates-as-required\" aria-required=\"true\" aria-invalid=\"false\" placeholder=\"Name\" value=\"\" type=\"text\" name=\"your-name\" \/><\/span><br \/>\n<\/label>\n\t\t<\/p>\n\t<\/div>\n\t<div class=\"column\">\n\t\t<p><label><br \/>\n<span class=\"wpcf7-form-control-wrap\" data-name=\"your-email\"><input size=\"40\" maxlength=\"400\" class=\"wpcf7-form-control wpcf7-email wpcf7-validates-as-required wpcf7-text wpcf7-validates-as-email\" aria-required=\"true\" aria-invalid=\"false\" placeholder=\"E-Mail\" value=\"\" type=\"email\" name=\"your-email\" \/><\/span><br \/>\n<\/label>\n\t\t<\/p>\n\t<\/div>\n<\/div>\n<p><label><br \/>\n<span class=\"wpcf7-form-control-wrap\" data-name=\"your-mesage\"><textarea cols=\"40\" rows=\"10\" maxlength=\"2000\" class=\"wpcf7-form-control wpcf7-textarea wpcf7-validates-as-required\" aria-required=\"true\" aria-invalid=\"false\" placeholder=\"M\u00f6chten Sie etwas hinzuf\u00fcgen?\" name=\"your-mesage\"><\/textarea><\/span><br \/>\n<\/label>\n<\/p>\n<p><div class=\"cf7-cf-turnstile\" style=\"margin-top: 0px; margin-bottom: -15px;\"> <div id=\"cf-turnstile-cf7-1310327768\" class=\"cf-turnstile\" data-sitekey=\"0x4AAAAAABDpirJKhxsIQ7BD\" data-theme=\"light\" data-language=\"auto\" data-size=\"normal\" data-retry=\"auto\" data-retry-interval=\"1000\" data-refresh-expired=\"auto\" data-refresh-timeout=\"auto\" data-action=\"contact-form-7\" data-callback=\"turnstileCF7Callback\" data-appearance=\"always\"><\/div> <script>document.addEventListener(\"DOMContentLoaded\", function() { setTimeout(function(){ var e=document.getElementById(\"cf-turnstile-cf7-1310327768\"); if(e&&!e.innerHTML.trim()){turnstile.render(e, {sitekey:\"0x4AAAAAABDpirJKhxsIQ7BD\"});} }, 200); });<\/script> <br class=\"cf-turnstile-br cf-turnstile-br-cf7-1310327768\"> <style>#cf-turnstile-cf7-1310327768 { margin-left: -15px; }<\/style> <script>document.addEventListener(\"DOMContentLoaded\",function(){document.querySelectorAll('.wpcf7-form').forEach(function(e){e.addEventListener('submit',function(){if(document.getElementById('cf-turnstile-cf7-1310327768')){setTimeout(function(){turnstile.reset('#cf-turnstile-cf7-1310327768');},1000)}})})});<\/script> <\/div><br\/><input class=\"wpcf7-form-control wpcf7-submit has-spinner\" type=\"submit\" value=\"Mesaj\u0131 G\u00f6nder\" \/>\n<\/p><p style=\"display: none !important;\" class=\"akismet-fields-container\" data-prefix=\"_wpcf7_ak_\"><label>&#916;<textarea name=\"_wpcf7_ak_hp_textarea\" cols=\"45\" rows=\"8\" maxlength=\"100\"><\/textarea><\/label><input type=\"hidden\" id=\"ak_js_1\" name=\"_wpcf7_ak_js\" value=\"151\"\/><script>document.getElementById( \"ak_js_1\" ).setAttribute( \"value\", ( new Date() ).getTime() );<\/script><\/p><div class=\"wpcf7-response-output\" aria-hidden=\"true\"><\/div>\n<\/form>\n<\/div>\n\n\n\n\t\t<\/div>\n\t\t\t\t\t<\/div>\n\n\t\n\n<\/div>\n\n\t\t<\/div>\n\n\t\t\n<style>\n#section_999303266 {\n  padding-top: 31px;\n  padding-bottom: 31px;\n}\n@media (min-width:550px) {\n  #section_999303266 {\n    padding-top: 30px;\n    padding-bottom: 30px;\n  }\n}\n<\/style>\n\t<\/section>\n\t\n\n","protected":false},"excerpt":{"rendered":"","protected":false},"author":1,"featured_media":0,"parent":0,"menu_order":0,"comment_status":"closed","ping_status":"closed","template":"page-transparent-header.php","meta":{"footnotes":""},"class_list":["post-1001","page","type-page","status-publish","hentry"],"_links":{"self":[{"href":"https:\/\/www.tayfunbavbek.com\/de\/wp-json\/wp\/v2\/pages\/1001","targetHints":{"allow":["GET"]}}],"collection":[{"href":"https:\/\/www.tayfunbavbek.com\/de\/wp-json\/wp\/v2\/pages"}],"about":[{"href":"https:\/\/www.tayfunbavbek.com\/de\/wp-json\/wp\/v2\/types\/page"}],"author":[{"embeddable":true,"href":"https:\/\/www.tayfunbavbek.com\/de\/wp-json\/wp\/v2\/users\/1"}],"replies":[{"embeddable":true,"href":"https:\/\/www.tayfunbavbek.com\/de\/wp-json\/wp\/v2\/comments?post=1001"}],"version-history":[{"count":2,"href":"https:\/\/www.tayfunbavbek.com\/de\/wp-json\/wp\/v2\/pages\/1001\/revisions"}],"predecessor-version":[{"id":1003,"href":"https:\/\/www.tayfunbavbek.com\/de\/wp-json\/wp\/v2\/pages\/1001\/revisions\/1003"}],"wp:attachment":[{"href":"https:\/\/www.tayfunbavbek.com\/de\/wp-json\/wp\/v2\/media?parent=1001"}],"curies":[{"name":"wp","href":"https:\/\/api.w.org\/{rel}","templated":true}]}}