{"id":1059,"date":"2024-01-11T23:18:18","date_gmt":"2024-01-11T23:18:18","guid":{"rendered":"https:\/\/www.tayfunbavbek.com\/?page_id=1059"},"modified":"2024-01-26T08:47:55","modified_gmt":"2024-01-26T08:47:55","slug":"glaukom","status":"publish","type":"page","link":"https:\/\/www.tayfunbavbek.com\/de\/unsere-dienstleistungen\/glaukom\/","title":{"rendered":"Glaukom"},"content":{"rendered":"\n\t<section class=\"section\" id=\"section_2040269775\">\n\t\t<div class=\"bg section-bg fill bg-fill  bg-loaded\" >\n\n\t\t\t\n\t\t\t\n\t\t\t\n\n\t\t<\/div>\n\n\t\t\n\n\t\t<div class=\"section-content relative\">\n\t\t\t\n\n<div class=\"row row-large\"  id=\"row-510598121\">\n\n\n\t<div id=\"col-420665567\" class=\"col medium-12 small-12 large-4\"  >\n\t\t\t\t<div class=\"col-inner\"  >\n\t\t\t\n\t\t\t\n\n<div class=\"row row-large align-equal\"  id=\"row-167462056\">\n\n\n\t<div id=\"col-1589984296\" class=\"col bavbek-pp medium-6 small-12 large-12\"  >\n\t\t\t\t<div class=\"col-inner\"  >\n\t\t\t\n\t\t\t\n\n\t<div class=\"box has-hover   has-hover box-text-bottom\" >\n\n\t\t<div class=\"box-image\" >\n\t\t\t\t\t\t<div class=\"\" >\n\t\t\t\t<img loading=\"lazy\" decoding=\"async\" width=\"400\" height=\"400\" src=\"https:\/\/www.tayfunbavbek.com\/wp-content\/uploads\/2024\/01\/hakkimda.jpg\" class=\"attachment- size-\" alt=\"\" srcset=\"https:\/\/www.tayfunbavbek.com\/wp-content\/uploads\/2024\/01\/hakkimda.jpg 400w, https:\/\/www.tayfunbavbek.com\/wp-content\/uploads\/2024\/01\/hakkimda-280x280.jpg 280w\" sizes=\"auto, (max-width: 400px) 100vw, 400px\" \/>\t\t\t\t\t\t\t\t\t\t\t<\/div>\n\t\t\t\t\t<\/div>\n\n\t\t<div class=\"box-text text-center dark\" style=\"background-color:rgb(73, 154, 250);padding:30px 30px 30px 30px;\">\n\t\t\t<div class=\"box-text-inner\">\n\t\t\t\t\n\n\t<div id=\"text-2249337364\" class=\"text\">\n\t\t\n\n<h3>Pers\u00f6nliche Informationen<\/h3>\n\n\t\t\n<style>\n#text-2249337364 {\n  text-align: left;\n}\n<\/style>\n\t<\/div>\n\t\n\n\n<style>\r\n.tb-divider {\r\nwidth:100%;\r\nheight:1px;\r\nbackground:#82B9FC;\r\nmargin-top:1rem;\r\nmargin-bottom:1rem;\r\n}\r\n<\/style>\r\n\r\n<div class=\"tb-divider\">\r\n\r\n<\/div>\n\n\t<div id=\"text-1396862281\" class=\"text\">\n\t\t\n\n<p>Rufnummer: +90 542 124 15 50<\/p>\n<p>B\u00fcronummer: +90 542 124 15 50<\/p>\n<p>E-Mail: info@tayfunbavbek.com<\/p>\n\n\t\t\n<style>\n#text-1396862281 {\n  text-align: left;\n  color: rgb(255, 255, 255);\n}\n#text-1396862281 > * {\n  color: rgb(255, 255, 255);\n}\n<\/style>\n\t<\/div>\n\t\n\t<div id=\"gap-211017716\" class=\"gap-element clearfix\" style=\"display:block; height:auto;\">\n\t\t\n<style>\n#gap-211017716 {\n  padding-top: 26px;\n}\n<\/style>\n\t<\/div>\n\t\n\n<div class=\"social-icons follow-icons full-width text-left\" ><a href=\"http:\/\/www.facebook.com\/profdrtayfunbavbek\" target=\"_blank\" data-label=\"Facebook\" class=\"icon button circle is-outline facebook tooltip\" title=\"Auf Facebook folgen\" aria-label=\"Auf Facebook folgen\" rel=\"noopener nofollow\"><i class=\"icon-facebook\" ><\/i><\/a><a href=\"http:\/\/www.instagram.com\/profdrtayfunbavbek\" target=\"_blank\" data-label=\"Instagram\" class=\"icon button circle is-outline instagram tooltip\" title=\"Auf Instagram folgen\" aria-label=\"Auf Instagram folgen\" rel=\"noopener nofollow\"><i class=\"icon-instagram\" ><\/i><\/a><a href=\"http:\/\/www.twitter.com\/profdrtayfunbavbek\" data-label=\"Twitter\" target=\"_blank\" class=\"icon button circle is-outline twitter tooltip\" title=\"Auf Twitter folgen\" aria-label=\"Auf Twitter folgen\" rel=\"noopener nofollow\"><i class=\"icon-twitter\" ><\/i><\/a><a href=\"mailto:tayfunbavbek@gmail.com\" data-label=\"E-mail\" target=\"_blank\" class=\"icon button circle is-outline email tooltip\" title=\"Sende uns eine E-Mail\" aria-label=\"Sende uns eine E-Mail\" rel=\"nofollow noopener\" ><i class=\"icon-envelop\" ><\/i><\/a><a href=\"http:\/\/www.youtube.com\/profdrtayfunbavbek\" data-label=\"YouTube\" target=\"_blank\" class=\"icon button circle is-outline youtube tooltip\" title=\"Auf YouTube folgen\" aria-label=\"Auf YouTube folgen\" rel=\"noopener nofollow\"><i class=\"icon-youtube\" ><\/i><\/a><\/div>\n\n\n\t\t\t<\/div>\n\t\t<\/div>\n\t<\/div>\n\t\n\n\t<div id=\"gap-1474619481\" class=\"gap-element clearfix hide-for-medium\" style=\"display:block; height:auto;\">\n\t\t\n<style>\n#gap-1474619481 {\n  padding-top: 30px;\n}\n<\/style>\n\t<\/div>\n\t\n\n\n\t\t<\/div>\n\t\t\t\t\n<style>\n#col-1589984296 > .col-inner {\n  padding: 0px 0px 0px 0px;\n}\n@media (min-width:550px) {\n  #col-1589984296 > .col-inner {\n    padding: 0px 30px 0px 0px;\n  }\n}\n<\/style>\n\t<\/div>\n\n\t\n\n\t<div id=\"col-1813120205\" class=\"col bg-color medium-6 small-12 large-12\"  >\n\t\t\t\t<div class=\"col-inner\"  >\n\t\t\t\n\t\t\t\n\n\t<div id=\"gap-642476319\" class=\"gap-element clearfix\" style=\"display:block; height:auto;\">\n\t\t\n<style>\n#gap-642476319 {\n  padding-top: 30px;\n}\n<\/style>\n\t<\/div>\n\t\n\n\t<div id=\"text-42225965\" class=\"text\">\n\t\t\n\n<h3>Online einen Termin vereinbaren<\/h3>\n<p style=\"opacity:0.8;\">Sie k\u00f6nnen ganz einfach einen Termin vereinbaren, indem Sie das Terminformular unten ausf\u00fcllen oder <a style=\"color:#fff;\" href=\"https:\/\/api.whatsapp.com\/send?phone=905421241550&#038;text=Hallo,%20ich%20m\u00f6chte%20einen%20Termin%20vereinbaren.\" target=\"_blank\" rel=\"noopener\"><b>hier klicken<\/b><\/a>, um uns \u00fcber Whatsapp zu kontaktieren.<\/p>\n\n\t\t\n<style>\n#text-42225965 {\n  text-align: left;\n  color: rgb(255, 255, 255);\n}\n#text-42225965 > * {\n  color: rgb(255, 255, 255);\n}\n<\/style>\n\t<\/div>\n\t\n\n<div class=\"wpcf7 no-js\" id=\"wpcf7-f1226-o1\" lang=\"de-DE\" dir=\"ltr\" data-wpcf7-id=\"1226\">\n<div class=\"screen-reader-response\"><p role=\"status\" aria-live=\"polite\" aria-atomic=\"true\"><\/p> <ul><\/ul><\/div>\n<form action=\"\/de\/wp-json\/wp\/v2\/pages\/1059#wpcf7-f1226-o1\" method=\"post\" class=\"wpcf7-form init\" aria-label=\"Kontaktformular\" novalidate=\"novalidate\" data-status=\"init\">\n<fieldset class=\"hidden-fields-container\"><input type=\"hidden\" name=\"_wpcf7\" value=\"1226\" \/><input type=\"hidden\" name=\"_wpcf7_version\" value=\"6.1.5\" \/><input type=\"hidden\" name=\"_wpcf7_locale\" value=\"de_DE\" \/><input type=\"hidden\" name=\"_wpcf7_unit_tag\" value=\"wpcf7-f1226-o1\" \/><input type=\"hidden\" name=\"_wpcf7_container_post\" value=\"0\" \/><input type=\"hidden\" name=\"_wpcf7_posted_data_hash\" value=\"\" \/><input type=\"hidden\" name=\"_wpcf7_recaptcha_response\" value=\"\" \/>\n<\/fieldset>\n<style>\n .row {\n display: flex;\n flex-wrap: wrap;\n margin-bottom: 15px;\n }\n\n .column {\n flex: 50%;\n padding: 0 15px;\n box-sizing: border-box;\n }\n\n @media (max-width: 1024px) {\n .row {\n flex-direction: column;\n margin-bottom: 0;\n }\n}\n<\/style>\n<p><label><br \/>\n<span class=\"wpcf7-form-control-wrap\" data-name=\"your-name\"><input size=\"40\" maxlength=\"400\" class=\"wpcf7-form-control wpcf7-text wpcf7-validates-as-required\" aria-required=\"true\" aria-invalid=\"false\" placeholder=\"Name-Nachname\" value=\"\" type=\"text\" name=\"your-name\" \/><\/span><br \/>\n<\/label>\n<\/p>\n<p><label><br \/>\n<span class=\"wpcf7-form-control-wrap\" data-name=\"your-phone\"><input size=\"40\" maxlength=\"400\" class=\"wpcf7-form-control wpcf7-text wpcf7-validates-as-required\" aria-required=\"true\" aria-invalid=\"false\" placeholder=\"Telefon\" value=\"\" type=\"text\" name=\"your-phone\" \/><\/span><br \/>\n<\/label>\n<\/p>\n<p><label><br \/>\n<span class=\"wpcf7-form-control-wrap\" data-name=\"your-email\"><input size=\"40\" maxlength=\"400\" class=\"wpcf7-form-control wpcf7-email wpcf7-validates-as-required wpcf7-text wpcf7-validates-as-email\" aria-required=\"true\" aria-invalid=\"false\" placeholder=\"E-Mail\" value=\"\" type=\"email\" name=\"your-email\" \/><\/span><br \/>\n<\/label>\n<\/p>\n<p><label><br \/>\n<span class=\"wpcf7-form-control-wrap\" data-name=\"your-date\"><input class=\"wpcf7-form-control wpcf7-date wpcf7-validates-as-required wpcf7-validates-as-date\" aria-required=\"true\" aria-invalid=\"false\" value=\"\" type=\"date\" name=\"your-date\" \/><\/span><br \/>\n<\/label>\n<\/p>\n<div class=\"row\">\n\t<div class=\"column\">\n\t\t<p><label><br \/>\n<span class=\"wpcf7-form-control-wrap\" data-name=\"your-hours\"><select class=\"wpcf7-form-control wpcf7-select wpcf7-validates-as-required\" aria-required=\"true\" aria-invalid=\"false\" name=\"your-hours\"><option value=\"09\">09<\/option><option value=\"10\">10<\/option><option value=\"11\">11<\/option><option value=\"12\">12<\/option><option value=\"13\">13<\/option><option value=\"14\">14<\/option><option value=\"15\">15<\/option><option value=\"16\">16<\/option><option value=\"17\">17<\/option><\/select><\/span><br \/>\n<\/label>\n\t\t<\/p>\n\t<\/div>\n\t<div class=\"column\">\n\t\t<p><label><br \/>\n<span class=\"wpcf7-form-control-wrap\" data-name=\"your-mins\"><select class=\"wpcf7-form-control wpcf7-select wpcf7-validates-as-required\" aria-required=\"true\" aria-invalid=\"false\" name=\"your-mins\"><option value=\"00\">00<\/option><option value=\"30\">30<\/option><\/select><\/span><br \/>\n<\/label>\n\t\t<\/p>\n\t<\/div>\n<\/div>\n<p><div class=\"cf7-cf-turnstile\" style=\"margin-top: 0px; margin-bottom: -15px;\"> <div id=\"cf-turnstile-cf7-3551275388\" class=\"cf-turnstile\" data-sitekey=\"0x4AAAAAABDpirJKhxsIQ7BD\" data-theme=\"light\" data-language=\"auto\" data-size=\"normal\" data-retry=\"auto\" data-retry-interval=\"1000\" data-refresh-expired=\"auto\" data-refresh-timeout=\"auto\" data-action=\"contact-form-7\" data-callback=\"turnstileCF7Callback\" data-appearance=\"always\"><\/div> <script>document.addEventListener(\"DOMContentLoaded\", function() { setTimeout(function(){ var e=document.getElementById(\"cf-turnstile-cf7-3551275388\"); if(e&&!e.innerHTML.trim()){turnstile.render(e, {sitekey:\"0x4AAAAAABDpirJKhxsIQ7BD\"});} }, 200); });<\/script> <br class=\"cf-turnstile-br cf-turnstile-br-cf7-3551275388\"> <style>#cf-turnstile-cf7-3551275388 { margin-left: -15px; }<\/style> <script>document.addEventListener(\"DOMContentLoaded\",function(){document.querySelectorAll('.wpcf7-form').forEach(function(e){e.addEventListener('submit',function(){if(document.getElementById('cf-turnstile-cf7-3551275388')){setTimeout(function(){turnstile.reset('#cf-turnstile-cf7-3551275388');},1000)}})})});<\/script> <\/div><br\/><input class=\"wpcf7-form-control wpcf7-submit has-spinner\" type=\"submit\" value=\"Randevu Talep Et\" \/>\n<\/p><p style=\"display: none !important;\" class=\"akismet-fields-container\" data-prefix=\"_wpcf7_ak_\"><label>&#916;<textarea name=\"_wpcf7_ak_hp_textarea\" cols=\"45\" rows=\"8\" maxlength=\"100\"><\/textarea><\/label><input type=\"hidden\" id=\"ak_js_1\" name=\"_wpcf7_ak_js\" value=\"0\"\/><script>document.getElementById( \"ak_js_1\" ).setAttribute( \"value\", ( new Date() ).getTime() );<\/script><\/p><div class=\"wpcf7-response-output\" aria-hidden=\"true\"><\/div>\n<\/form>\n<\/div>\n\n\n\n\t\t<\/div>\n\t\t\t\t\n<style>\n#col-1813120205 > .col-inner {\n  padding: 12px 12px 12px 12px;\n}\n@media (min-width:550px) {\n  #col-1813120205 > .col-inner {\n    padding: 24px 24px 24px 24px;\n  }\n}\n@media (min-width:850px) {\n  #col-1813120205 > .col-inner {\n    padding: 12px 12px 0px 12px;\n  }\n}\n<\/style>\n\t<\/div>\n\n\t\n\n<\/div>\n\n\t\t<\/div>\n\t\t\t\t\t<\/div>\n\n\t\n\n\t<div id=\"col-1880574831\" class=\"col medium-12 small-12 large-8 medium-col-first\"  >\n\t\t\t\t<div class=\"col-inner\"  >\n\t\t\t\n\t\t\t\n\n<div class=\"row\"  id=\"row-1861797796\">\n\n\n\t<div id=\"col-1841461833\" class=\"col remove-padding small-12 large-12\"  >\n\t\t\t\t<div class=\"col-inner\" style=\"background-color:rgb(244, 245, 248);\" >\n\t\t\t\n\t\t\t\n\n<h2>Glaukom<\/h2>\n\t<div id=\"gap-1474901470\" class=\"gap-element clearfix\" style=\"display:block; height:auto;\">\n\t\t\n<style>\n#gap-1474901470 {\n  padding-top: 15px;\n}\n<\/style>\n\t<\/div>\n\t\n\n\t<div class=\"img has-hover x md-x lg-x y md-y lg-y\" id=\"image_1693964807\">\n\t\t\t\t\t\t\t\t<div class=\"img-inner dark\" >\n\t\t\t<img loading=\"lazy\" decoding=\"async\" width=\"660\" height=\"420\" src=\"https:\/\/www.tayfunbavbek.com\/wp-content\/uploads\/2024\/01\/glokom.jpg\" class=\"attachment-original size-original\" alt=\"\" srcset=\"https:\/\/www.tayfunbavbek.com\/wp-content\/uploads\/2024\/01\/glokom.jpg 660w, https:\/\/www.tayfunbavbek.com\/wp-content\/uploads\/2024\/01\/glokom-629x400.jpg 629w\" sizes=\"auto, (max-width: 660px) 100vw, 660px\" \/>\t\t\t\t\t\t\n\t\t\t\t\t<\/div>\n\t\t\t\t\t\t\t\t\n<style>\n#image_1693964807 {\n  width: 100%;\n}\n<\/style>\n\t<\/div>\n\t\n\n<p>Glaukom ist eine Augen- und Sehnervenerkrankung, die durch Sch\u00e4den an den Sehnerven entsteht. Es kann in jedem Alter auftreten und ist eine relativ leicht zu verhindernde und behandelbare Augen- und Sehnervenerkrankung. Der Begriff &#8222;Glaukom&#8220; wird in den Texten des Hippokrates um 400 v. Chr. erw\u00e4hnt. Etymologisch bezieht er sich auf die gr\u00fcn-blaue Meerfarbe, die wir an den K\u00fcsten des Mittelmeers bewundern. Gleichzeitig bedeutet er als Adjektiv auch leuchtend, was auf das \u00f6demat\u00f6se Erscheinungsbild der Hornhaut hinweist, das sich in jener antiken Zeit aus den akuten Glaukomkrisen ergab.<\/p>\n\n\t\t<\/div>\n\t\t\t\t\n<style>\n#col-1841461833 > .col-inner {\n  padding: 25px 25px 25px 25px;\n}\n@media (min-width:850px) {\n  #col-1841461833 > .col-inner {\n    padding: 50px 50px 50px 50px;\n  }\n}\n<\/style>\n\t<\/div>\n\n\t\n\n<\/div>\n<div class=\"row\"  id=\"row-705697397\">\n\n\n\t<div id=\"col-522150659\" class=\"col remove-padding small-12 large-12\"  >\n\t\t\t\t<div class=\"col-inner\" style=\"background-color:rgb(244, 245, 248);\" >\n\t\t\t\n\t\t\t\n\n<p>Glaukom kann in jedem Alter beobachtet werden, angefangen von der Kindheit, ist jedoch h\u00e4ufiger bei Personen \u00fcber 40 Jahren. Es handelt sich um eine erbliche Krankheit, und Personen mit einer famili\u00e4ren Vorgeschichte von Glaukom sollten w\u00e4hrend Augenuntersuchungen auf die Krankheit achten und dies erw\u00e4hnen. Obwohl sie gelegentlich mit starken Schmerzen, pl\u00f6tzlichem Sehverlust, \u00dcbelkeit und Erbrechen auftreten kann, verl\u00e4uft sie in der Regel ohne Symptome und f\u00fchrt schlie\u00dflich zu erheblichem Sehverlust oder sogar Blindheit.<\/p>\n<p>Wenn wir unser Auge grob als Ballon betrachten, muss dieser Ballon einen bestimmten Druck innen haben, um ein Zusammenfallen zu verhindern und die kugelf\u00f6rmigen Eigenschaften seiner optischen Oberfl\u00e4chen zu erhalten. Die im Inneren unseres Auges abgesonderte intraokulare Fl\u00fcssigkeit sorgt f\u00fcr diesen Druck. Nat\u00fcrlich gibt es neben der Absonderung auch einen Mechanismus f\u00fcr den Abfluss dieser Fl\u00fcssigkeit. Wenn es in diesem Abflussmechanismus zu Widerst\u00e4nden kommt, steigt der intraokulare Druck. Der normale intraokulare Druck betr\u00e4gt bis zu 20 mm Hg.<\/p>\n<p>Der Sehnerv ist das empfindlichste Gewebe des Auges gegen\u00fcber dem Anstieg des intraokularen Drucks. Der Sehnerv besteht aus Millionen von Kabeln, die die visuellen Reize, die von der Nervenschicht wahrgenommen werden, zum visuellen Zentrum (Hauptzentrum) in unserem Gehirn \u00fcbertragen. Die Ern\u00e4hrung des Sehnervs ist entscheidend f\u00fcr die Aufrechterhaltung seiner Funktionen und erfolgt durch die winzigen Blutgef\u00e4\u00dfe um ihn herum und in ihm. Wenn eine Zunahme des intraokularen Drucks den Fluss in diesen winzigen Blutgef\u00e4\u00dfen beeintr\u00e4chtigt, beginnt eine Sch\u00e4digung des Sehnervs, die zu Sehbeeintr\u00e4chtigungen f\u00fchrt. Neben einem hohen intraokularen Druck kann bei Personen, die empfindlich auf Migr\u00e4ne oder kaltes Wetter reagieren, eine glaukomat\u00f6se Sch\u00e4digung auftreten, was zu einer unzureichenden Ern\u00e4hrung des Sehnervs f\u00fchrt. In solchen F\u00e4llen kann auch bei nicht hohem intraokularen Druck eine Glaukomdiagnose gestellt werden. Diese Art von Glaukom wird als &#8222;Niederdruck-Glaukom&#8220; bezeichnet. Andererseits gibt es eine Situation, in der der intraokulare Druck \u00fcber den normalen Grenzen liegt, aber bei Untersuchungen keine glaukomat\u00f6se Sch\u00e4digung festgestellt wird, und dies wird als &#8222;okul\u00e4re Hypertension&#8220; bezeichnet.<\/p>\n<p>Es gab in der Behandlung von Glaukom bedeutende Fortschritte. Sowohl die medikament\u00f6se Behandlung als auch die Lasertherapie und chirurgische Intervention sind sehr erfolgreich. Die Lasertherapie wird in der Regel angewendet, um die Dosierung und H\u00e4ufigkeit der Medikamente zu reduzieren. Eine Operation wird durchgef\u00fchrt, wenn der intraokulare Druck mit Medikamenten oder Lasertherapie nicht ausreichend kontrolliert werden kann und eine glaukombedingte Sch\u00e4digung des Sehnervs fortschreitet.<\/p>\n<p>Bemerkenswerte Fortschritte in den letzten Jahren im Zusammenhang mit Glaukom betreffen diagnostische Methoden. Je fr\u00fcher die Diagnose gestellt wird, desto fr\u00fcher k\u00f6nnen wir Sch\u00e4den am Sehnerv verhindern. Daher ben\u00f6tigen wir diagnostische Ger\u00e4te, die uns solide Beweise liefern, bevor bei unseren Patienten ein erkennbarer Verlust auftritt. Dank neuer technologischer Fortschritte k\u00f6nnen wir nun Sch\u00e4den an unserem Sehnerv in seinem Anfangsstadium erkennen, eine fr\u00fchzeitige Diagnose stellen und eine fr\u00fchzeitige Behandlung durchf\u00fchren.<\/p>\n<p>Die grundlegenden diagnostischen Methoden f\u00fcr Glaukom sind die Untersuchung des Gesichtsfelds und die optische Koh\u00e4renztomographie (OCT). Die computergest\u00fctzte Gesichtsfelduntersuchung erkennt jede Verengung unseres peripheren Gesichtsfelds. Die OCT hingegen nimmt Abschnitte der Nervenschicht (Retina) und des Sehnervs (Sehnerv) und erm\u00f6glicht durch den Vergleich mit normalen Individuen durch Computerprogramme die Erkennung von Nervenfasersch\u00e4den in sehr fr\u00fchen Stadien mit hoher Empfindlichkeit.<\/p>\n<p>Ein weiteres Merkmal bei der Diagnose von Glaukom ist, wie die Dicke unserer Augenwand den gemessenen intraokularen Druck beeinflusst. Daher sollten Personen, bei denen der Verdacht auf Glaukom besteht, die Dicke der Hornhaut messen lassen. Glaukom ist eine Krankheit, die zu ernsthaften Sehverlusten f\u00fchren kann, aber es handelt sich um eine Krankheit, die leicht zu diagnostizieren und zu behandeln ist. Daher sollten regelm\u00e4\u00dfige j\u00e4hrliche Augenuntersuchungen, besonders nach dem 40. Lebensjahr, nicht vernachl\u00e4ssigt werden.<\/p>\n\n\t\t<\/div>\n\t\t\t\t\n<style>\n#col-522150659 > .col-inner {\n  padding: 25px 25px 25px 25px;\n}\n@media (min-width:850px) {\n  #col-522150659 > .col-inner {\n    padding: 50px 50px 50px 50px;\n  }\n}\n<\/style>\n\t<\/div>\n\n\t\n\n<\/div>\n\n\t\t<\/div>\n\t\t\t\t\t<\/div>\n\n\t\n\n<\/div>\n\n\t\t<\/div>\n\n\t\t\n<style>\n#section_2040269775 {\n  padding-top: 0px;\n  padding-bottom: 0px;\n}\n@media (min-width:850px) {\n  #section_2040269775 {\n    padding-top: 30px;\n    padding-bottom: 30px;\n  }\n}\n<\/style>\n\t<\/section>\n\t\n\n","protected":false},"excerpt":{"rendered":"","protected":false},"author":1,"featured_media":0,"parent":998,"menu_order":0,"comment_status":"closed","ping_status":"closed","template":"","meta":{"footnotes":""},"class_list":["post-1059","page","type-page","status-publish","hentry"],"_links":{"self":[{"href":"https:\/\/www.tayfunbavbek.com\/de\/wp-json\/wp\/v2\/pages\/1059","targetHints":{"allow":["GET"]}}],"collection":[{"href":"https:\/\/www.tayfunbavbek.com\/de\/wp-json\/wp\/v2\/pages"}],"about":[{"href":"https:\/\/www.tayfunbavbek.com\/de\/wp-json\/wp\/v2\/types\/page"}],"author":[{"embeddable":true,"href":"https:\/\/www.tayfunbavbek.com\/de\/wp-json\/wp\/v2\/users\/1"}],"replies":[{"embeddable":true,"href":"https:\/\/www.tayfunbavbek.com\/de\/wp-json\/wp\/v2\/comments?post=1059"}],"version-history":[{"count":3,"href":"https:\/\/www.tayfunbavbek.com\/de\/wp-json\/wp\/v2\/pages\/1059\/revisions"}],"predecessor-version":[{"id":1199,"href":"https:\/\/www.tayfunbavbek.com\/de\/wp-json\/wp\/v2\/pages\/1059\/revisions\/1199"}],"up":[{"embeddable":true,"href":"https:\/\/www.tayfunbavbek.com\/de\/wp-json\/wp\/v2\/pages\/998"}],"wp:attachment":[{"href":"https:\/\/www.tayfunbavbek.com\/de\/wp-json\/wp\/v2\/media?parent=1059"}],"curies":[{"name":"wp","href":"https:\/\/api.w.org\/{rel}","templated":true}]}}