{"id":1066,"date":"2024-01-19T15:17:11","date_gmt":"2024-01-19T15:17:11","guid":{"rendered":"https:\/\/www.tayfunbavbek.com\/?page_id=1066"},"modified":"2024-01-26T08:48:25","modified_gmt":"2024-01-26T08:48:25","slug":"katarakt","status":"publish","type":"page","link":"https:\/\/www.tayfunbavbek.com\/de\/unsere-dienstleistungen\/katarakt\/","title":{"rendered":"Katarakt"},"content":{"rendered":"\n\t<section class=\"section\" id=\"section_1435032704\">\n\t\t<div class=\"bg section-bg fill bg-fill  bg-loaded\" >\n\n\t\t\t\n\t\t\t\n\t\t\t\n\n\t\t<\/div>\n\n\t\t\n\n\t\t<div class=\"section-content relative\">\n\t\t\t\n\n<div class=\"row row-large\"  id=\"row-497141861\">\n\n\n\t<div id=\"col-632187757\" class=\"col medium-12 small-12 large-4\"  >\n\t\t\t\t<div class=\"col-inner\"  >\n\t\t\t\n\t\t\t\n\n<div class=\"row row-large align-equal\"  id=\"row-286532845\">\n\n\n\t<div id=\"col-226457522\" class=\"col bavbek-pp medium-6 small-12 large-12\"  >\n\t\t\t\t<div class=\"col-inner\"  >\n\t\t\t\n\t\t\t\n\n\t<div class=\"box has-hover   has-hover box-text-bottom\" >\n\n\t\t<div class=\"box-image\" >\n\t\t\t\t\t\t<div class=\"\" >\n\t\t\t\t<img loading=\"lazy\" decoding=\"async\" width=\"400\" height=\"400\" src=\"https:\/\/www.tayfunbavbek.com\/wp-content\/uploads\/2024\/01\/hakkimda.jpg\" class=\"attachment- size-\" alt=\"\" srcset=\"https:\/\/www.tayfunbavbek.com\/wp-content\/uploads\/2024\/01\/hakkimda.jpg 400w, https:\/\/www.tayfunbavbek.com\/wp-content\/uploads\/2024\/01\/hakkimda-280x280.jpg 280w\" sizes=\"auto, (max-width: 400px) 100vw, 400px\" \/>\t\t\t\t\t\t\t\t\t\t\t<\/div>\n\t\t\t\t\t<\/div>\n\n\t\t<div class=\"box-text text-center dark\" style=\"background-color:rgb(73, 154, 250);padding:30px 30px 30px 30px;\">\n\t\t\t<div class=\"box-text-inner\">\n\t\t\t\t\n\n\t<div id=\"text-1015689275\" class=\"text\">\n\t\t\n\n<h3>Pers\u00f6nliche Informationen<\/h3>\n\n\t\t\n<style>\n#text-1015689275 {\n  text-align: left;\n}\n<\/style>\n\t<\/div>\n\t\n\n\n<style>\r\n.tb-divider {\r\nwidth:100%;\r\nheight:1px;\r\nbackground:#82B9FC;\r\nmargin-top:1rem;\r\nmargin-bottom:1rem;\r\n}\r\n<\/style>\r\n\r\n<div class=\"tb-divider\">\r\n\r\n<\/div>\n\n\t<div id=\"text-2747690424\" class=\"text\">\n\t\t\n\n<p>Rufnummer: +90 542 124 15 50<\/p>\n<p>B\u00fcronummer: +90 542 124 15 50<\/p>\n<p>E-Mail: info@tayfunbavbek.com<\/p>\n\n\t\t\n<style>\n#text-2747690424 {\n  text-align: left;\n  color: rgb(255, 255, 255);\n}\n#text-2747690424 > * {\n  color: rgb(255, 255, 255);\n}\n<\/style>\n\t<\/div>\n\t\n\t<div id=\"gap-896240026\" class=\"gap-element clearfix\" style=\"display:block; height:auto;\">\n\t\t\n<style>\n#gap-896240026 {\n  padding-top: 26px;\n}\n<\/style>\n\t<\/div>\n\t\n\n<div class=\"social-icons follow-icons full-width text-left\" ><a href=\"http:\/\/www.facebook.com\/profdrtayfunbavbek\" target=\"_blank\" data-label=\"Facebook\" class=\"icon button circle is-outline facebook tooltip\" title=\"Auf Facebook folgen\" aria-label=\"Auf Facebook folgen\" rel=\"noopener nofollow\"><i class=\"icon-facebook\" ><\/i><\/a><a href=\"http:\/\/www.instagram.com\/profdrtayfunbavbek\" target=\"_blank\" data-label=\"Instagram\" class=\"icon button circle is-outline instagram tooltip\" title=\"Auf Instagram folgen\" aria-label=\"Auf Instagram folgen\" rel=\"noopener nofollow\"><i class=\"icon-instagram\" ><\/i><\/a><a href=\"http:\/\/www.twitter.com\/profdrtayfunbavbek\" data-label=\"Twitter\" target=\"_blank\" class=\"icon button circle is-outline twitter tooltip\" title=\"Auf Twitter folgen\" aria-label=\"Auf Twitter folgen\" rel=\"noopener nofollow\"><i class=\"icon-twitter\" ><\/i><\/a><a href=\"mailto:tayfunbavbek@gmail.com\" data-label=\"E-mail\" target=\"_blank\" class=\"icon button circle is-outline email tooltip\" title=\"Sende uns eine E-Mail\" aria-label=\"Sende uns eine E-Mail\" rel=\"nofollow noopener\" ><i class=\"icon-envelop\" ><\/i><\/a><a href=\"http:\/\/www.youtube.com\/profdrtayfunbavbek\" data-label=\"YouTube\" target=\"_blank\" class=\"icon button circle is-outline youtube tooltip\" title=\"Auf YouTube folgen\" aria-label=\"Auf YouTube folgen\" rel=\"noopener nofollow\"><i class=\"icon-youtube\" ><\/i><\/a><\/div>\n\n\n\t\t\t<\/div>\n\t\t<\/div>\n\t<\/div>\n\t\n\n\t<div id=\"gap-353455023\" class=\"gap-element clearfix hide-for-medium\" style=\"display:block; height:auto;\">\n\t\t\n<style>\n#gap-353455023 {\n  padding-top: 30px;\n}\n<\/style>\n\t<\/div>\n\t\n\n\n\t\t<\/div>\n\t\t\t\t\n<style>\n#col-226457522 > .col-inner {\n  padding: 0px 0px 0px 0px;\n}\n@media (min-width:550px) {\n  #col-226457522 > .col-inner {\n    padding: 0px 30px 0px 0px;\n  }\n}\n<\/style>\n\t<\/div>\n\n\t\n\n\t<div id=\"col-991090752\" class=\"col bg-color medium-6 small-12 large-12\"  >\n\t\t\t\t<div class=\"col-inner\"  >\n\t\t\t\n\t\t\t\n\n\t<div id=\"gap-1920038957\" class=\"gap-element clearfix\" style=\"display:block; height:auto;\">\n\t\t\n<style>\n#gap-1920038957 {\n  padding-top: 30px;\n}\n<\/style>\n\t<\/div>\n\t\n\n\t<div id=\"text-2360758161\" class=\"text\">\n\t\t\n\n<h3>Online einen Termin vereinbaren<\/h3>\n<p style=\"opacity:0.8;\">Sie k\u00f6nnen ganz einfach einen Termin vereinbaren, indem Sie das Terminformular unten ausf\u00fcllen oder <a style=\"color:#fff;\" href=\"https:\/\/api.whatsapp.com\/send?phone=905421241550&#038;text=Hallo,%20ich%20m\u00f6chte%20einen%20Termin%20vereinbaren.\" target=\"_blank\" rel=\"noopener\"><b>hier klicken<\/b><\/a>, um uns \u00fcber Whatsapp zu kontaktieren.<\/p>\n\n\t\t\n<style>\n#text-2360758161 {\n  text-align: left;\n  color: rgb(255, 255, 255);\n}\n#text-2360758161 > * {\n  color: rgb(255, 255, 255);\n}\n<\/style>\n\t<\/div>\n\t\n\n<div class=\"wpcf7 no-js\" id=\"wpcf7-f1226-o1\" lang=\"de-DE\" dir=\"ltr\" data-wpcf7-id=\"1226\">\n<div class=\"screen-reader-response\"><p role=\"status\" aria-live=\"polite\" aria-atomic=\"true\"><\/p> <ul><\/ul><\/div>\n<form action=\"\/de\/wp-json\/wp\/v2\/pages\/1066#wpcf7-f1226-o1\" method=\"post\" class=\"wpcf7-form init\" aria-label=\"Kontaktformular\" novalidate=\"novalidate\" data-status=\"init\">\n<fieldset class=\"hidden-fields-container\"><input type=\"hidden\" name=\"_wpcf7\" value=\"1226\" \/><input type=\"hidden\" name=\"_wpcf7_version\" value=\"6.1.5\" \/><input type=\"hidden\" name=\"_wpcf7_locale\" value=\"de_DE\" \/><input type=\"hidden\" name=\"_wpcf7_unit_tag\" value=\"wpcf7-f1226-o1\" \/><input type=\"hidden\" name=\"_wpcf7_container_post\" value=\"0\" \/><input type=\"hidden\" name=\"_wpcf7_posted_data_hash\" value=\"\" \/><input type=\"hidden\" name=\"_wpcf7_recaptcha_response\" value=\"\" \/>\n<\/fieldset>\n<style>\n .row {\n display: flex;\n flex-wrap: wrap;\n margin-bottom: 15px;\n }\n\n .column {\n flex: 50%;\n padding: 0 15px;\n box-sizing: border-box;\n }\n\n @media (max-width: 1024px) {\n .row {\n flex-direction: column;\n margin-bottom: 0;\n }\n}\n<\/style>\n<p><label><br \/>\n<span class=\"wpcf7-form-control-wrap\" data-name=\"your-name\"><input size=\"40\" maxlength=\"400\" class=\"wpcf7-form-control wpcf7-text wpcf7-validates-as-required\" aria-required=\"true\" aria-invalid=\"false\" placeholder=\"Name-Nachname\" value=\"\" type=\"text\" name=\"your-name\" \/><\/span><br \/>\n<\/label>\n<\/p>\n<p><label><br \/>\n<span class=\"wpcf7-form-control-wrap\" data-name=\"your-phone\"><input size=\"40\" maxlength=\"400\" class=\"wpcf7-form-control wpcf7-text wpcf7-validates-as-required\" aria-required=\"true\" aria-invalid=\"false\" placeholder=\"Telefon\" value=\"\" type=\"text\" name=\"your-phone\" \/><\/span><br \/>\n<\/label>\n<\/p>\n<p><label><br \/>\n<span class=\"wpcf7-form-control-wrap\" data-name=\"your-email\"><input size=\"40\" maxlength=\"400\" class=\"wpcf7-form-control wpcf7-email wpcf7-validates-as-required wpcf7-text wpcf7-validates-as-email\" aria-required=\"true\" aria-invalid=\"false\" placeholder=\"E-Mail\" value=\"\" type=\"email\" name=\"your-email\" \/><\/span><br \/>\n<\/label>\n<\/p>\n<p><label><br \/>\n<span class=\"wpcf7-form-control-wrap\" data-name=\"your-date\"><input class=\"wpcf7-form-control wpcf7-date wpcf7-validates-as-required wpcf7-validates-as-date\" aria-required=\"true\" aria-invalid=\"false\" value=\"\" type=\"date\" name=\"your-date\" \/><\/span><br \/>\n<\/label>\n<\/p>\n<div class=\"row\">\n\t<div class=\"column\">\n\t\t<p><label><br \/>\n<span class=\"wpcf7-form-control-wrap\" data-name=\"your-hours\"><select class=\"wpcf7-form-control wpcf7-select wpcf7-validates-as-required\" aria-required=\"true\" aria-invalid=\"false\" name=\"your-hours\"><option value=\"09\">09<\/option><option value=\"10\">10<\/option><option value=\"11\">11<\/option><option value=\"12\">12<\/option><option value=\"13\">13<\/option><option value=\"14\">14<\/option><option value=\"15\">15<\/option><option value=\"16\">16<\/option><option value=\"17\">17<\/option><\/select><\/span><br \/>\n<\/label>\n\t\t<\/p>\n\t<\/div>\n\t<div class=\"column\">\n\t\t<p><label><br \/>\n<span class=\"wpcf7-form-control-wrap\" data-name=\"your-mins\"><select class=\"wpcf7-form-control wpcf7-select wpcf7-validates-as-required\" aria-required=\"true\" aria-invalid=\"false\" name=\"your-mins\"><option value=\"00\">00<\/option><option value=\"30\">30<\/option><\/select><\/span><br \/>\n<\/label>\n\t\t<\/p>\n\t<\/div>\n<\/div>\n<p><div class=\"cf7-cf-turnstile\" style=\"margin-top: 0px; margin-bottom: -15px;\"> <div id=\"cf-turnstile-cf7-1545054813\" class=\"cf-turnstile\" data-sitekey=\"0x4AAAAAABDpirJKhxsIQ7BD\" data-theme=\"light\" data-language=\"auto\" data-size=\"normal\" data-retry=\"auto\" data-retry-interval=\"1000\" data-refresh-expired=\"auto\" data-refresh-timeout=\"auto\" data-action=\"contact-form-7\" data-callback=\"turnstileCF7Callback\" data-appearance=\"always\"><\/div> <script>document.addEventListener(\"DOMContentLoaded\", function() { setTimeout(function(){ var e=document.getElementById(\"cf-turnstile-cf7-1545054813\"); if(e&&!e.innerHTML.trim()){turnstile.render(e, {sitekey:\"0x4AAAAAABDpirJKhxsIQ7BD\"});} }, 200); });<\/script> <br class=\"cf-turnstile-br cf-turnstile-br-cf7-1545054813\"> <style>#cf-turnstile-cf7-1545054813 { margin-left: -15px; }<\/style> <script>document.addEventListener(\"DOMContentLoaded\",function(){document.querySelectorAll('.wpcf7-form').forEach(function(e){e.addEventListener('submit',function(){if(document.getElementById('cf-turnstile-cf7-1545054813')){setTimeout(function(){turnstile.reset('#cf-turnstile-cf7-1545054813');},1000)}})})});<\/script> <\/div><br\/><input class=\"wpcf7-form-control wpcf7-submit has-spinner\" type=\"submit\" value=\"Randevu Talep Et\" \/>\n<\/p><p style=\"display: none !important;\" class=\"akismet-fields-container\" data-prefix=\"_wpcf7_ak_\"><label>&#916;<textarea name=\"_wpcf7_ak_hp_textarea\" cols=\"45\" rows=\"8\" maxlength=\"100\"><\/textarea><\/label><input type=\"hidden\" id=\"ak_js_1\" name=\"_wpcf7_ak_js\" value=\"76\"\/><script>document.getElementById( \"ak_js_1\" ).setAttribute( \"value\", ( new Date() ).getTime() );<\/script><\/p><div class=\"wpcf7-response-output\" aria-hidden=\"true\"><\/div>\n<\/form>\n<\/div>\n\n\n\n\t\t<\/div>\n\t\t\t\t\n<style>\n#col-991090752 > .col-inner {\n  padding: 12px 12px 12px 12px;\n}\n@media (min-width:550px) {\n  #col-991090752 > .col-inner {\n    padding: 24px 24px 24px 24px;\n  }\n}\n@media (min-width:850px) {\n  #col-991090752 > .col-inner {\n    padding: 12px 12px 0px 12px;\n  }\n}\n<\/style>\n\t<\/div>\n\n\t\n\n<\/div>\n\n\t\t<\/div>\n\t\t\t\t\t<\/div>\n\n\t\n\n\t<div id=\"col-1085330884\" class=\"col medium-12 small-12 large-8 medium-col-first\"  >\n\t\t\t\t<div class=\"col-inner\"  >\n\t\t\t\n\t\t\t\n\n<div class=\"row\"  id=\"row-270476380\">\n\n\n\t<div id=\"col-98939497\" class=\"col remove-padding small-12 large-12\"  >\n\t\t\t\t<div class=\"col-inner\" style=\"background-color:rgb(244, 245, 248);\" >\n\t\t\t\n\t\t\t\n\n<h2>Katarakt<\/h2>\n\t<div id=\"gap-264342328\" class=\"gap-element clearfix\" style=\"display:block; height:auto;\">\n\t\t\n<style>\n#gap-264342328 {\n  padding-top: 15px;\n}\n<\/style>\n\t<\/div>\n\t\n\n\t<div class=\"img has-hover x md-x lg-x y md-y lg-y\" id=\"image_211634313\">\n\t\t\t\t\t\t\t\t<div class=\"img-inner dark\" >\n\t\t\t<img loading=\"lazy\" decoding=\"async\" width=\"660\" height=\"420\" src=\"https:\/\/www.tayfunbavbek.com\/wp-content\/uploads\/2024\/01\/sarinokta-1.webp\" class=\"attachment-original size-original\" alt=\"sar\u0131 nokta hastal\u0131\u011f\u0131 tedavisi\" srcset=\"https:\/\/www.tayfunbavbek.com\/wp-content\/uploads\/2024\/01\/sarinokta-1.webp 660w, https:\/\/www.tayfunbavbek.com\/wp-content\/uploads\/2024\/01\/sarinokta-1-629x400.webp 629w\" sizes=\"auto, (max-width: 660px) 100vw, 660px\" \/>\t\t\t\t\t\t\n\t\t\t\t\t<\/div>\n\t\t\t\t\t\t\t\t\n<style>\n#image_211634313 {\n  width: 100%;\n}\n<\/style>\n\t<\/div>\n\t\n\n<p>Als Augenarzt m\u00f6chten wir kurzzeitig alle Fenster nach au\u00dfen in unserem Haus vereisen. Die Menge an Licht, die in unser Zuhause gelangt, nimmt pl\u00f6tzlich ab, wodurch das Licht sich verteilt und Halos um sie herum erzeugt. Nun, was w\u00e4re, wenn wir auch unsere dicken Vorh\u00e4nge schlie\u00dfen w\u00fcrden? Die Umgebung wird noch dunkler; unsere F\u00e4higkeit, uns im Haus zu bewegen, nimmt ab, und es wird schwieriger, unsere t\u00e4glichen Aufgaben zu erledigen. Hinter der Pupille, dem Fenster unseres Auges zur Au\u00dfenwelt, befindet sich eine Linse. Diese Linse erh\u00f6ht ihre Brechkraft, wenn wir uns auf Objekte konzentrieren, und erm\u00f6glicht es uns, nahe gelegene Objekte klar zu sehen. \u00c4hnlich wie professionelle DSLR-Kameras mit hochentwickelten elektronischen Sensoren. Im Fall der Krankheit namens Katarakt verliert unsere Linse allm\u00e4hlich ihre Transparenz. Dadurch nehmen die visuellen Reize und die Menge des Lichts, die die retinale Schicht erreichen, ab, was zu einer Verdunkelung des Inneren des Auges und zu einer Verringerung der effektiven Sehkraft f\u00fchrt. Einige Kunsthistoriker haben diese qualitative Ver\u00e4nderung in der Wahrnehmung, verursacht durch Bedingungen wie Katarakte, mit bestimmten Farb- und Kontrastver\u00e4nderungen in den Werken von Malern wie Van Gogh im Laufe der Zeit in Verbindung gebracht.<\/p>\n\n\t\t<\/div>\n\t\t\t\t\n<style>\n#col-98939497 > .col-inner {\n  padding: 25px 25px 25px 25px;\n}\n@media (min-width:850px) {\n  #col-98939497 > .col-inner {\n    padding: 50px 50px 50px 50px;\n  }\n}\n<\/style>\n\t<\/div>\n\n\t\n\n<\/div>\n<div class=\"row\"  id=\"row-987990421\">\n\n\n\t<div id=\"col-2056183492\" class=\"col remove-padding small-12 large-12\"  >\n\t\t\t\t<div class=\"col-inner\" style=\"background-color:rgb(244, 245, 248);\" >\n\t\t\t\n\t\t\t\n\n<p>Als Augenarzt begegnen wir am h\u00e4ufigsten dem altersbedingten Grauen Star, der mit der Alterung der Linse in unseren Augen einhergeht. Unsere Linse beginnt ab etwa dem 40. Lebensjahr zu altern, und wie bei vielen Krankheiten beschleunigen Faktoren wie Diabetes, UV-Exposition, Rauchen und Ern\u00e4hrungsst\u00f6rungen diesen Alterungsprozess. Manchmal treffen wir sogar bei jungen Menschen auf Grauen Star, und in einigen F\u00e4llen sogar bei Babys. Bei jungen Menschen k\u00f6nnen sich Katarakte aufgrund externer Faktoren wie Strahlentherapie oder Nebenwirkungen von Kortikosteroiden entwickeln, die f\u00fcr bestimmte Krankheiten notwendig sind, oder auf interne Faktoren wie Diabetes. Bei Babys k\u00f6nnen angeborene Katarakte, auch als von Geburt an vorhandene Katarakte bekannt, unmittelbar nach der Geburt beobachtet werden. Diese Art von Katarakt bei Babys kann entweder erblich bedingt sein oder durch Faktoren wie Strahlenbelastung oder den Gebrauch bestimmter Medikamente oder das Rauchen der Mutter w\u00e4hrend der embryonalen Entwicklung im Mutterleib verursacht werden.<\/p>\n<p>Katarakt ist eine der \u00e4ltesten bekannten Krankheiten, und ihre einzige Behandlung ist die Operation. Da es sich um eine weit verbreitete Krankheit handelt, reicht die Geschichte der Kataraktoperation bis vor die gemeinsame \u00c4ra zur\u00fcck. Die Kataraktoperation wurde vor etwa 4.000 Jahren durchgef\u00fchrt. Die ersten Kataraktoperationen in Babylon bestanden darin, dem Auge mit einem stumpfen Gegenstand einen Schlag zu versetzen oder eine nadelf\u00f6rmige, antike chirurgische Instrument in das Auge fallen zu lassen, um die getr\u00fcbte Linse zu l\u00f6sen. Die verdickte Kataraktlinse wurde teilweise entfernt, indem sie in den leeren Raum im Inneren des Auges fiel, wodurch die Sicht in gewissem Ma\u00dfe verbessert wurde. Diejenigen, die diese Operationen durchf\u00fchrten, waren in der Regel Barbier oder &#8222;Magier&#8220;. Nach Jahrhunderten der Anwendung dieser alten, aber erfolgreichen Technik wurde im 18. Jahrhundert eine modernere Technik entwickelt. Anstatt die getr\u00fcbte Linse ins Auge fallen zu lassen, begann man, sie aus dem Auge zu entfernen. Im Gegensatz zur urspr\u00fcnglichen Linse wurde keine Ersatzlinse eingesetzt, sodass Patienten, die sich einer Kataraktoperation unterzogen, bis in die 1950er Jahre dicke Brillen tragen mussten. W\u00e4hrend des Zweiten Weltkriegs wurde beobachtet, dass Methylmethacrylat, das beim Bau von Glas f\u00fcr Kriegsflugzeuge verwendet wurde, keine Fremdk\u00f6rperreaktion in den Augen verursachte, wenn es w\u00e4hrend Konflikten versehentlich in die Augen des Piloten gelangte. Die Idee, die urspr\u00fcngliche Linse durch eine k\u00fcnstliche Intraokularlinse zu ersetzen, wurde geboren, umgesetzt und als erfolgreich erwiesen. Obwohl nicht so weit verbreitet wie die Herausforderungen, denen sich Galileo gegen\u00fcbersah, trotz des starken Widerstands einiger konservativer Wissenschaftler, wurden bis in die 1990er Jahre erfolgreich starre Methacrylat-Intraokularlinsen angewendet. In den letzten Jahren wurden mit der Entwicklung von faltbaren weichen Linsen moderne chirurgische Techniken erreicht. Im Gegensatz zu anderen Organprothesen werden Intraokularlinsen ins Auge implantiert und k\u00f6nnen theoretisch, abh\u00e4ngig von der Qualit\u00e4t der eingesetzten Linse, jahrhundertelang ohne Austausch halten.<\/p>\n\t<div class=\"img has-hover x md-x lg-x y md-y lg-y\" id=\"image_499230012\">\n\t\t\t\t\t\t\t\t<div class=\"img-inner dark\" >\n\t\t\t<img loading=\"lazy\" decoding=\"async\" width=\"1200\" height=\"800\" src=\"https:\/\/www.tayfunbavbek.com\/wp-content\/uploads\/2024\/01\/katarakt-ornek.webp\" class=\"attachment-original size-original\" alt=\"\" srcset=\"https:\/\/www.tayfunbavbek.com\/wp-content\/uploads\/2024\/01\/katarakt-ornek.webp 1200w, https:\/\/www.tayfunbavbek.com\/wp-content\/uploads\/2024\/01\/katarakt-ornek-600x400.webp 600w, https:\/\/www.tayfunbavbek.com\/wp-content\/uploads\/2024\/01\/katarakt-ornek-768x512.webp 768w\" sizes=\"auto, (max-width: 1200px) 100vw, 1200px\" \/>\t\t\t\t\t\t\n\t\t\t\t\t<\/div>\n\t\t\t\t\t\t\t\t\n<style>\n#image_499230012 {\n  width: 100%;\n}\n<\/style>\n\t<\/div>\n\t\n\n<p>Als Augenarzt m\u00f6chte ich betonen, dass moderne Kataraktoperationen nun durch einen sehr kleinen Schnitt ohne N\u00e4hte durchgef\u00fchrt werden k\u00f6nnen. Dies erm\u00f6glicht es den Patienten, bereits einen Tag nach der Operation zu ihren normalen Aktivit\u00e4ten zur\u00fcckzukehren. Durch diesen winzigen Schnitt wird die Kataraktlinse, die mit dem Alter verh\u00e4rtet und ihre Transparenz verliert, innerhalb weniger Minuten mit hochmodernen elektronischen Ger\u00e4ten in St\u00fccke zerbrochen. Anschlie\u00dfend werden hochentwickelte faltbare Linsen anstelle der Kataraktlinse durch denselben kleinen Schnitt implantiert. Die entscheidenden Faktoren bei einer Kataraktoperation sind die Erfahrung des durchf\u00fchrenden Chirurgen, die Qualit\u00e4t der verwendeten Ger\u00e4te sowie die k\u00fcnstliche Linse, die im Auge platziert wird. Patienten sollten diese Aspekte gr\u00fcndlich recherchieren, bevor sie sich f\u00fcr eine Operation entscheiden. Es ist erw\u00e4hnenswert, mit Stolz festzustellen, dass unser Land Tausende von Patienten aus der ganzen Welt, haupts\u00e4chlich aus fortschrittlichen westlichen L\u00e4ndern, f\u00fcr Augenoperationen anzieht. Unsere in unserem Land ausgebildeten Augenchirurgen werden auf den von ihnen besuchten internationalen Konferenzen von ihren Kollegen respektiert, und ihre Erfahrungen sind sehr gefragt.<\/p>\n<p>Parallel zur Verbesserung der Operationsqualit\u00e4t hat sich auch der Zeitpunkt f\u00fcr Kataraktoperationen ge\u00e4ndert. Heutzutage wird der Zeitpunkt der Kataraktoperation durch die individuellen Bed\u00fcrfnisse des Einzelnen bestimmt. Chirurg und Patient sollten gemeinsam den Zeitpunkt der Operation festlegen, wobei die t\u00e4glichen Aktivit\u00e4ten und beruflichen Merkmale der Person ber\u00fccksichtigt werden. In Berufen, in denen klare Sicht entscheidend ist, kann die Kataraktoperation in den fr\u00fchen Stadien durchgef\u00fchrt werden, um die Sehqualit\u00e4t zu verbessern. Nach einer erfolgreichen Kataraktoperation ist eine erneute Entwicklung von Katarakten nicht m\u00f6glich, da die undurchsichtige Linse entfernt und durch eine k\u00fcnstliche Linse ersetzt wurde. Bei Personen, die eine Kataraktoperation hatten, wird die k\u00fcnstliche Linse im Inneren der nat\u00fcrlichen Linsenkapsel implantiert. Diese Kapsel kann im Laufe der Zeit tr\u00fcb werden, was dazu f\u00fchrt, dass der Patient unscharf sieht und Halos um Lichtquellen sieht, \u00e4hnlich wie vor der Kataraktoperation. In solchen F\u00e4llen ist keine weitere Operation erforderlich; ein einfacher ambulanter Laser-Eingriff kann die Kapsel kl\u00e4ren und die Sicht auf normale Werte wiederherstellen.<\/p>\n\n\t\t<\/div>\n\t\t\t\t\n<style>\n#col-2056183492 > .col-inner {\n  padding: 25px 25px 25px 25px;\n}\n@media (min-width:850px) {\n  #col-2056183492 > .col-inner {\n    padding: 50px 50px 50px 50px;\n  }\n}\n<\/style>\n\t<\/div>\n\n\t\n\n<\/div>\n\n\t\t<\/div>\n\t\t\t\t\t<\/div>\n\n\t\n\n<\/div>\n\n\t\t<\/div>\n\n\t\t\n<style>\n#section_1435032704 {\n  padding-top: 0px;\n  padding-bottom: 0px;\n}\n@media (min-width:850px) {\n  #section_1435032704 {\n    padding-top: 30px;\n    padding-bottom: 30px;\n  }\n}\n<\/style>\n\t<\/section>\n\t\n\n","protected":false},"excerpt":{"rendered":"","protected":false},"author":1,"featured_media":0,"parent":998,"menu_order":0,"comment_status":"closed","ping_status":"closed","template":"","meta":{"footnotes":""},"class_list":["post-1066","page","type-page","status-publish","hentry"],"_links":{"self":[{"href":"https:\/\/www.tayfunbavbek.com\/de\/wp-json\/wp\/v2\/pages\/1066","targetHints":{"allow":["GET"]}}],"collection":[{"href":"https:\/\/www.tayfunbavbek.com\/de\/wp-json\/wp\/v2\/pages"}],"about":[{"href":"https:\/\/www.tayfunbavbek.com\/de\/wp-json\/wp\/v2\/types\/page"}],"author":[{"embeddable":true,"href":"https:\/\/www.tayfunbavbek.com\/de\/wp-json\/wp\/v2\/users\/1"}],"replies":[{"embeddable":true,"href":"https:\/\/www.tayfunbavbek.com\/de\/wp-json\/wp\/v2\/comments?post=1066"}],"version-history":[{"count":3,"href":"https:\/\/www.tayfunbavbek.com\/de\/wp-json\/wp\/v2\/pages\/1066\/revisions"}],"predecessor-version":[{"id":1200,"href":"https:\/\/www.tayfunbavbek.com\/de\/wp-json\/wp\/v2\/pages\/1066\/revisions\/1200"}],"up":[{"embeddable":true,"href":"https:\/\/www.tayfunbavbek.com\/de\/wp-json\/wp\/v2\/pages\/998"}],"wp:attachment":[{"href":"https:\/\/www.tayfunbavbek.com\/de\/wp-json\/wp\/v2\/media?parent=1066"}],"curies":[{"name":"wp","href":"https:\/\/api.w.org\/{rel}","templated":true}]}}