{"id":1079,"date":"2024-01-19T15:19:43","date_gmt":"2024-01-19T15:19:43","guid":{"rendered":"https:\/\/www.tayfunbavbek.com\/?page_id=1079"},"modified":"2024-01-26T08:48:55","modified_gmt":"2024-01-26T08:48:55","slug":"lasik-treatment","status":"publish","type":"page","link":"https:\/\/www.tayfunbavbek.com\/de\/unsere-dienstleistungen\/lasik-treatment\/","title":{"rendered":"LASIK Treatment"},"content":{"rendered":"\n\t<section class=\"section\" id=\"section_499158047\">\n\t\t<div class=\"bg section-bg fill bg-fill  bg-loaded\" >\n\n\t\t\t\n\t\t\t\n\t\t\t\n\n\t\t<\/div>\n\n\t\t\n\n\t\t<div class=\"section-content relative\">\n\t\t\t\n\n<div class=\"row row-large\"  id=\"row-116168034\">\n\n\n\t<div id=\"col-529689302\" class=\"col medium-12 small-12 large-4\"  >\n\t\t\t\t<div class=\"col-inner\"  >\n\t\t\t\n\t\t\t\n\n<div class=\"row row-large align-equal\"  id=\"row-1453010381\">\n\n\n\t<div id=\"col-1184696050\" class=\"col bavbek-pp medium-6 small-12 large-12\"  >\n\t\t\t\t<div class=\"col-inner\"  >\n\t\t\t\n\t\t\t\n\n\t<div class=\"box has-hover   has-hover box-text-bottom\" >\n\n\t\t<div class=\"box-image\" >\n\t\t\t\t\t\t<div class=\"\" >\n\t\t\t\t<img loading=\"lazy\" decoding=\"async\" width=\"400\" height=\"400\" src=\"https:\/\/www.tayfunbavbek.com\/wp-content\/uploads\/2024\/01\/hakkimda.jpg\" class=\"attachment- size-\" alt=\"\" srcset=\"https:\/\/www.tayfunbavbek.com\/wp-content\/uploads\/2024\/01\/hakkimda.jpg 400w, https:\/\/www.tayfunbavbek.com\/wp-content\/uploads\/2024\/01\/hakkimda-280x280.jpg 280w\" sizes=\"auto, (max-width: 400px) 100vw, 400px\" \/>\t\t\t\t\t\t\t\t\t\t\t<\/div>\n\t\t\t\t\t<\/div>\n\n\t\t<div class=\"box-text text-center dark\" style=\"background-color:rgb(73, 154, 250);padding:30px 30px 30px 30px;\">\n\t\t\t<div class=\"box-text-inner\">\n\t\t\t\t\n\n\t<div id=\"text-2295207809\" class=\"text\">\n\t\t\n\n<h3>Pers\u00f6nliche Informationen<\/h3>\n\n\t\t\n<style>\n#text-2295207809 {\n  text-align: left;\n}\n<\/style>\n\t<\/div>\n\t\n\n\n<style>\r\n.tb-divider {\r\nwidth:100%;\r\nheight:1px;\r\nbackground:#82B9FC;\r\nmargin-top:1rem;\r\nmargin-bottom:1rem;\r\n}\r\n<\/style>\r\n\r\n<div class=\"tb-divider\">\r\n\r\n<\/div>\n\n\t<div id=\"text-1710276917\" class=\"text\">\n\t\t\n\n<p>Rufnummer: +90 542 124 15 50<\/p>\n<p>B\u00fcronummer: +90 542 124 15 50<\/p>\n<p>E-Mail: info@tayfunbavbek.com<\/p>\n\n\t\t\n<style>\n#text-1710276917 {\n  text-align: left;\n  color: rgb(255, 255, 255);\n}\n#text-1710276917 > * {\n  color: rgb(255, 255, 255);\n}\n<\/style>\n\t<\/div>\n\t\n\t<div id=\"gap-520529196\" class=\"gap-element clearfix\" style=\"display:block; height:auto;\">\n\t\t\n<style>\n#gap-520529196 {\n  padding-top: 26px;\n}\n<\/style>\n\t<\/div>\n\t\n\n<div class=\"social-icons follow-icons full-width text-left\" ><a href=\"http:\/\/www.facebook.com\/profdrtayfunbavbek\" target=\"_blank\" data-label=\"Facebook\" class=\"icon button circle is-outline facebook tooltip\" title=\"Auf Facebook folgen\" aria-label=\"Auf Facebook folgen\" rel=\"noopener nofollow\"><i class=\"icon-facebook\" ><\/i><\/a><a href=\"http:\/\/www.instagram.com\/profdrtayfunbavbek\" target=\"_blank\" data-label=\"Instagram\" class=\"icon button circle is-outline instagram tooltip\" title=\"Auf Instagram folgen\" aria-label=\"Auf Instagram folgen\" rel=\"noopener nofollow\"><i class=\"icon-instagram\" ><\/i><\/a><a href=\"http:\/\/www.twitter.com\/profdrtayfunbavbek\" data-label=\"Twitter\" target=\"_blank\" class=\"icon button circle is-outline twitter tooltip\" title=\"Auf Twitter folgen\" aria-label=\"Auf Twitter folgen\" rel=\"noopener nofollow\"><i class=\"icon-twitter\" ><\/i><\/a><a href=\"mailto:tayfunbavbek@gmail.com\" data-label=\"E-mail\" target=\"_blank\" class=\"icon button circle is-outline email tooltip\" title=\"Sende uns eine E-Mail\" aria-label=\"Sende uns eine E-Mail\" rel=\"nofollow noopener\" ><i class=\"icon-envelop\" ><\/i><\/a><a href=\"http:\/\/www.youtube.com\/profdrtayfunbavbek\" data-label=\"YouTube\" target=\"_blank\" class=\"icon button circle is-outline youtube tooltip\" title=\"Auf YouTube folgen\" aria-label=\"Auf YouTube folgen\" rel=\"noopener nofollow\"><i class=\"icon-youtube\" ><\/i><\/a><\/div>\n\n\n\t\t\t<\/div>\n\t\t<\/div>\n\t<\/div>\n\t\n\n\t<div id=\"gap-1942969732\" class=\"gap-element clearfix hide-for-medium\" style=\"display:block; height:auto;\">\n\t\t\n<style>\n#gap-1942969732 {\n  padding-top: 30px;\n}\n<\/style>\n\t<\/div>\n\t\n\n\n\t\t<\/div>\n\t\t\t\t\n<style>\n#col-1184696050 > .col-inner {\n  padding: 0px 0px 0px 0px;\n}\n@media (min-width:550px) {\n  #col-1184696050 > .col-inner {\n    padding: 0px 30px 0px 0px;\n  }\n}\n<\/style>\n\t<\/div>\n\n\t\n\n\t<div id=\"col-27956732\" class=\"col bg-color medium-6 small-12 large-12\"  >\n\t\t\t\t<div class=\"col-inner\"  >\n\t\t\t\n\t\t\t\n\n\t<div id=\"gap-1295272014\" class=\"gap-element clearfix\" style=\"display:block; height:auto;\">\n\t\t\n<style>\n#gap-1295272014 {\n  padding-top: 30px;\n}\n<\/style>\n\t<\/div>\n\t\n\n\t<div id=\"text-3200380538\" class=\"text\">\n\t\t\n\n<h3>Online einen Termin vereinbaren<\/h3>\n<p style=\"opacity:0.8;\">Sie k\u00f6nnen ganz einfach einen Termin vereinbaren, indem Sie das Terminformular unten ausf\u00fcllen oder <a style=\"color:#fff;\" href=\"https:\/\/api.whatsapp.com\/send?phone=905421241550&#038;text=Hallo,%20ich%20m\u00f6chte%20einen%20Termin%20vereinbaren.\" target=\"_blank\" rel=\"noopener\"><b>hier klicken<\/b><\/a>, um uns \u00fcber Whatsapp zu kontaktieren.<\/p>\n\n\t\t\n<style>\n#text-3200380538 {\n  text-align: left;\n  color: rgb(255, 255, 255);\n}\n#text-3200380538 > * {\n  color: rgb(255, 255, 255);\n}\n<\/style>\n\t<\/div>\n\t\n\n<div class=\"wpcf7 no-js\" id=\"wpcf7-f1226-o1\" lang=\"de-DE\" dir=\"ltr\" data-wpcf7-id=\"1226\">\n<div class=\"screen-reader-response\"><p role=\"status\" aria-live=\"polite\" aria-atomic=\"true\"><\/p> <ul><\/ul><\/div>\n<form action=\"\/de\/wp-json\/wp\/v2\/pages\/1079#wpcf7-f1226-o1\" method=\"post\" class=\"wpcf7-form init\" aria-label=\"Kontaktformular\" novalidate=\"novalidate\" data-status=\"init\">\n<fieldset class=\"hidden-fields-container\"><input type=\"hidden\" name=\"_wpcf7\" value=\"1226\" \/><input type=\"hidden\" name=\"_wpcf7_version\" value=\"6.1.5\" \/><input type=\"hidden\" name=\"_wpcf7_locale\" value=\"de_DE\" \/><input type=\"hidden\" name=\"_wpcf7_unit_tag\" value=\"wpcf7-f1226-o1\" \/><input type=\"hidden\" name=\"_wpcf7_container_post\" value=\"0\" \/><input type=\"hidden\" name=\"_wpcf7_posted_data_hash\" value=\"\" \/><input type=\"hidden\" name=\"_wpcf7_recaptcha_response\" value=\"\" \/>\n<\/fieldset>\n<style>\n .row {\n display: flex;\n flex-wrap: wrap;\n margin-bottom: 15px;\n }\n\n .column {\n flex: 50%;\n padding: 0 15px;\n box-sizing: border-box;\n }\n\n @media (max-width: 1024px) {\n .row {\n flex-direction: column;\n margin-bottom: 0;\n }\n}\n<\/style>\n<p><label><br \/>\n<span class=\"wpcf7-form-control-wrap\" data-name=\"your-name\"><input size=\"40\" maxlength=\"400\" class=\"wpcf7-form-control wpcf7-text wpcf7-validates-as-required\" aria-required=\"true\" aria-invalid=\"false\" placeholder=\"Name-Nachname\" value=\"\" type=\"text\" name=\"your-name\" \/><\/span><br \/>\n<\/label>\n<\/p>\n<p><label><br \/>\n<span class=\"wpcf7-form-control-wrap\" data-name=\"your-phone\"><input size=\"40\" maxlength=\"400\" class=\"wpcf7-form-control wpcf7-text wpcf7-validates-as-required\" aria-required=\"true\" aria-invalid=\"false\" placeholder=\"Telefon\" value=\"\" type=\"text\" name=\"your-phone\" \/><\/span><br \/>\n<\/label>\n<\/p>\n<p><label><br \/>\n<span class=\"wpcf7-form-control-wrap\" data-name=\"your-email\"><input size=\"40\" maxlength=\"400\" class=\"wpcf7-form-control wpcf7-email wpcf7-validates-as-required wpcf7-text wpcf7-validates-as-email\" aria-required=\"true\" aria-invalid=\"false\" placeholder=\"E-Mail\" value=\"\" type=\"email\" name=\"your-email\" \/><\/span><br \/>\n<\/label>\n<\/p>\n<p><label><br \/>\n<span class=\"wpcf7-form-control-wrap\" data-name=\"your-date\"><input class=\"wpcf7-form-control wpcf7-date wpcf7-validates-as-required wpcf7-validates-as-date\" aria-required=\"true\" aria-invalid=\"false\" value=\"\" type=\"date\" name=\"your-date\" \/><\/span><br \/>\n<\/label>\n<\/p>\n<div class=\"row\">\n\t<div class=\"column\">\n\t\t<p><label><br \/>\n<span class=\"wpcf7-form-control-wrap\" data-name=\"your-hours\"><select class=\"wpcf7-form-control wpcf7-select wpcf7-validates-as-required\" aria-required=\"true\" aria-invalid=\"false\" name=\"your-hours\"><option value=\"09\">09<\/option><option value=\"10\">10<\/option><option value=\"11\">11<\/option><option value=\"12\">12<\/option><option value=\"13\">13<\/option><option value=\"14\">14<\/option><option value=\"15\">15<\/option><option value=\"16\">16<\/option><option value=\"17\">17<\/option><\/select><\/span><br \/>\n<\/label>\n\t\t<\/p>\n\t<\/div>\n\t<div class=\"column\">\n\t\t<p><label><br \/>\n<span class=\"wpcf7-form-control-wrap\" data-name=\"your-mins\"><select class=\"wpcf7-form-control wpcf7-select wpcf7-validates-as-required\" aria-required=\"true\" aria-invalid=\"false\" name=\"your-mins\"><option value=\"00\">00<\/option><option value=\"30\">30<\/option><\/select><\/span><br \/>\n<\/label>\n\t\t<\/p>\n\t<\/div>\n<\/div>\n<p><div class=\"cf7-cf-turnstile\" style=\"margin-top: 0px; margin-bottom: -15px;\"> <div id=\"cf-turnstile-cf7-4158703635\" class=\"cf-turnstile\" data-sitekey=\"0x4AAAAAABDpirJKhxsIQ7BD\" data-theme=\"light\" data-language=\"auto\" data-size=\"normal\" data-retry=\"auto\" data-retry-interval=\"1000\" data-refresh-expired=\"auto\" data-refresh-timeout=\"auto\" data-action=\"contact-form-7\" data-callback=\"turnstileCF7Callback\" data-appearance=\"always\"><\/div> <script>document.addEventListener(\"DOMContentLoaded\", function() { setTimeout(function(){ var e=document.getElementById(\"cf-turnstile-cf7-4158703635\"); if(e&&!e.innerHTML.trim()){turnstile.render(e, {sitekey:\"0x4AAAAAABDpirJKhxsIQ7BD\"});} }, 200); });<\/script> <br class=\"cf-turnstile-br cf-turnstile-br-cf7-4158703635\"> <style>#cf-turnstile-cf7-4158703635 { margin-left: -15px; }<\/style> <script>document.addEventListener(\"DOMContentLoaded\",function(){document.querySelectorAll('.wpcf7-form').forEach(function(e){e.addEventListener('submit',function(){if(document.getElementById('cf-turnstile-cf7-4158703635')){setTimeout(function(){turnstile.reset('#cf-turnstile-cf7-4158703635');},1000)}})})});<\/script> <\/div><br\/><input class=\"wpcf7-form-control wpcf7-submit has-spinner\" type=\"submit\" value=\"Randevu Talep Et\" \/>\n<\/p><p style=\"display: none !important;\" class=\"akismet-fields-container\" data-prefix=\"_wpcf7_ak_\"><label>&#916;<textarea name=\"_wpcf7_ak_hp_textarea\" cols=\"45\" rows=\"8\" maxlength=\"100\"><\/textarea><\/label><input type=\"hidden\" id=\"ak_js_1\" name=\"_wpcf7_ak_js\" value=\"145\"\/><script>document.getElementById( \"ak_js_1\" ).setAttribute( \"value\", ( new Date() ).getTime() );<\/script><\/p><div class=\"wpcf7-response-output\" aria-hidden=\"true\"><\/div>\n<\/form>\n<\/div>\n\n\n\n\t\t<\/div>\n\t\t\t\t\n<style>\n#col-27956732 > .col-inner {\n  padding: 12px 12px 12px 12px;\n}\n@media (min-width:550px) {\n  #col-27956732 > .col-inner {\n    padding: 24px 24px 24px 24px;\n  }\n}\n@media (min-width:850px) {\n  #col-27956732 > .col-inner {\n    padding: 12px 12px 0px 12px;\n  }\n}\n<\/style>\n\t<\/div>\n\n\t\n\n<\/div>\n\n\t\t<\/div>\n\t\t\t\t\t<\/div>\n\n\t\n\n\t<div id=\"col-1271805525\" class=\"col medium-12 small-12 large-8 medium-col-first\"  >\n\t\t\t\t<div class=\"col-inner\"  >\n\t\t\t\n\t\t\t\n\n<div class=\"row\"  id=\"row-481917263\">\n\n\n\t<div id=\"col-748426313\" class=\"col remove-padding small-12 large-12\"  >\n\t\t\t\t<div class=\"col-inner\" style=\"background-color:rgb(244, 245, 248);\" >\n\t\t\t\n\t\t\t\n\n<h2>LASIK Treatment<br \/>\n<\/h2>\n\t<div id=\"gap-160913392\" class=\"gap-element clearfix\" style=\"display:block; height:auto;\">\n\t\t\n<style>\n#gap-160913392 {\n  padding-top: 15px;\n}\n<\/style>\n\t<\/div>\n\t\n\n\t<div class=\"img has-hover x md-x lg-x y md-y lg-y\" id=\"image_1594747373\">\n\t\t\t\t\t\t\t\t<div class=\"img-inner dark\" >\n\t\t\t<img loading=\"lazy\" decoding=\"async\" width=\"660\" height=\"420\" src=\"https:\/\/www.tayfunbavbek.com\/wp-content\/uploads\/2024\/01\/lasik.webp\" class=\"attachment-original size-original\" alt=\"lasik tedavisi\" srcset=\"https:\/\/www.tayfunbavbek.com\/wp-content\/uploads\/2024\/01\/lasik.webp 660w, https:\/\/www.tayfunbavbek.com\/wp-content\/uploads\/2024\/01\/lasik-629x400.webp 629w\" sizes=\"auto, (max-width: 660px) 100vw, 660px\" \/>\t\t\t\t\t\t\n\t\t\t\t\t<\/div>\n\t\t\t\t\t\t\t\t\n<style>\n#image_1594747373 {\n  width: 100%;\n}\n<\/style>\n\t<\/div>\n\t\n\n<p>Lasik ist heute eine der am h\u00e4ufigsten angewendeten Methoden zur Behandlung von Fehlsichtigkeiten. Diese Methode eignet sich f\u00fcr Patienten ab 18 Jahren, die in den letzten zw\u00f6lf Monaten keine \u00c4nderungen an ihrer Brillenverordnung hatten. Damit eine Lasik-Behandlung durchgef\u00fchrt werden kann, ist es entscheidend, dass die Fehlsichtigkeiten im Auge und die Augenstruktur f\u00fcr diese Methode geeignet sind. Daher wird vor der Lasik-Behandlung eine gr\u00fcndliche Augenuntersuchung f\u00fcr alle Patienten durchgef\u00fchrt, und die Hornhautschicht wird sorgf\u00e4ltig untersucht. Mit der heutigen Technologie kann Lasik Myopie bis zu 12 Dioptrien, Hyperopie bis zu 6 Dioptrien und Astigmatismus behandeln.<\/p>\n\n\t\t<\/div>\n\t\t\t\t\n<style>\n#col-748426313 > .col-inner {\n  padding: 25px 25px 25px 25px;\n}\n@media (min-width:850px) {\n  #col-748426313 > .col-inner {\n    padding: 50px 50px 50px 50px;\n  }\n}\n<\/style>\n\t<\/div>\n\n\t\n\n<\/div>\n<div class=\"row\"  id=\"row-90505853\">\n\n\n\t<div id=\"col-1539002847\" class=\"col remove-padding small-12 large-12\"  >\n\t\t\t\t<div class=\"col-inner\" style=\"background-color:rgb(244, 245, 248);\" >\n\t\t\t\n\t\t\t\n\n<p>Lasik ist die am h\u00e4ufigsten verwendete Laserbehandlungsmethode zur Korrektur von refraktiven Fehlern der Augen. Diese Methode wird allgemein mit der Abk\u00fcrzung &#8222;Lasik&#8220; bezeichnet. Lasik wird nicht nur in unserem Land, sondern auch weltweit weit verbreitet eingesetzt. Diese Prozedur wird seit \u00fcber einem Jahrzehnt ernsthaft angewendet und hat signifikante Verbesserungen f\u00fcr Patienten gebracht. Allein in den Vereinigten Staaten unterziehen sich j\u00e4hrlich etwa 600.000 Menschen einer Lasik-Behandlung. In der T\u00fcrkei liegt die offizielle Zahl zwar nicht vor, aber sie betr\u00e4gt etwa 30.000.<\/p>\n<h3 class=\"elementor-heading-title elementor-size-default\">Wer ist nicht f\u00fcr Lasik geeignet?<\/h3>\n<p>Lasik-Behandlung kann bei Personen mit bestimmten Bedingungen nicht angewendet werden. Diese sind wie folgt aufgef\u00fchrt:<\/p>\n<ul class=\"ul1\">\n<li class=\"li1\">Personen unter 18 Jahren.<\/li>\n<li class=\"li1\">Personen mit Keratokonus.<\/li>\n<li class=\"li1\">Personen mit strukturellen Abnormalit\u00e4ten in der Hornhaut.<\/li>\n<li class=\"li1\">Personen mit einer Hornhautdicke unter einem bestimmten Limit.<\/li>\n<li class=\"li1\">Personen, die unter starken trockenen Augen leiden.<\/li>\n<li class=\"li1\">Diabetiker.<\/li>\n<li class=\"li1\">Personen mit rheumatischen Erkrankungen.<\/li>\n<li class=\"li1\">Schwangere Frauen.<\/li>\n<li class=\"li1\">Stillende Frauen.<\/li>\n<li class=\"li1\">Personen mit Bedingungen wie Katarakten, Infektionen, Glaukom in den Augen.<\/li>\n<li class=\"li1\">Personen mit Augen-Hypertonie.<\/li>\n<\/ul>\n<h3>Wie wird die Lasik-Behandlung durchgef\u00fchrt?<\/h3>\n<p>Vor der Lasik-Behandlung f\u00fchren erfahrene \u00c4rzte eine Untersuchung durch, um festzustellen, ob der Patient f\u00fcr diese Behandlung geeignet ist. Nach dieser Augenuntersuchung werden Tests durchgef\u00fchrt und der Zustand wird bewertet. Wenn der Patient geeignet ist, wird er \u00fcber die Operation informiert und erh\u00e4lt einen Termin. Am Tag des Termins wird der Patient erneut \u00fcberpr\u00fcft und in den Laser-Raum gebracht. Zuerst wird die transparente Schicht am Auge mit Tropfen bet\u00e4ubt, und eine d\u00fcnne Schicht wird mit einem Laser namens &#8222;Intralase&#8220; entfernt. Obwohl der Patient w\u00e4hrend dieses Vorgangs Druck versp\u00fcren kann, gibt es keine Schmerzen. Anschlie\u00dfend wird der Patient angewiesen, auf das rote Licht zu schauen, und die Lasik-Behandlung beginnt auf diese Weise. Das Eye-Tracking-System des Ger\u00e4ts stellt sicher, dass die Behandlung reibungslos verl\u00e4uft, selbst wenn der Patient das Auge bewegt. Nach Abschluss dieser Verfahren erh\u00e4lt der Patient f\u00fcr eine Nacht Schutzbrillen. Der Patient kann am n\u00e4chsten Tag bequem in seinen Alltag zur\u00fcckkehren.<\/p>\n<h3>Was passiert nach der Operation?<\/h3>\n<p>Der Lasik-Chirurgieeingriff ist schmerzfrei. Es kann jedoch nach der Operation ein leichtes Schmerzgef\u00fchl auftreten. Um den Schmerz zu reduzieren, kann der Arzt schmerzlindernde Medikamente verschreiben. Zus\u00e4tzlich kann der Patient in den ersten 2 Stunden nach dem Laser Brennen, Stechen und Tr\u00e4nen in den Augen versp\u00fcren. Nach Lasik kann es zu R\u00f6tungen in den wei\u00dfen Augen kommen. Diese R\u00f6tung variiert in Intensit\u00e4t f\u00fcr jede Person und verschwindet normalerweise vollst\u00e4ndig nach etwa 15 Tagen. Im Allgemeinen k\u00f6nnen normale Aktivit\u00e4ten innerhalb weniger Tage nach der Operation problemlos durchgef\u00fchrt werden. Die vollst\u00e4ndige Sehsch\u00e4rfe kann jedoch bis zu 6 Wochen dauern. In einigen F\u00e4llen kann dieser Zeitraum l\u00e4nger sein. Nach der Lasik-Behandlung sollten die Patienten die vom Arzt verschriebenen Cortison- und Antibiotika-Augentropfen verwenden. Dar\u00fcber hinaus k\u00f6nnen k\u00fcnstliche Tr\u00e4nen f\u00fcr eine kurze Zeit verwendet werden.<\/p>\n<p>Eine der h\u00e4ufigsten Sorgen der Patienten ist, wie schnell sie nach der Behandlung wieder arbeiten k\u00f6nnen. Experten empfehlen im Allgemeinen, 1 Woche frei zu nehmen, um den Heilungsprozess zu unterst\u00fctzen. Insbesondere wenn die Arbeitsumgebung staubig und nicht hygienisch ist, sollte diese Zeit genommen werden. Wenn jedoch die B\u00fcroumgebung hygienisch ist, ist es m\u00f6glich, sofort nach der Operation zur Arbeit zur\u00fcckzukehren.<\/p>\n\n\t\t<\/div>\n\t\t\t\t\n<style>\n#col-1539002847 > .col-inner {\n  padding: 25px 25px 25px 25px;\n}\n@media (min-width:850px) {\n  #col-1539002847 > .col-inner {\n    padding: 50px 50px 50px 50px;\n  }\n}\n<\/style>\n\t<\/div>\n\n\t\n\n<\/div>\n\n\t\t<\/div>\n\t\t\t\t\t<\/div>\n\n\t\n\n<\/div>\n\n\t\t<\/div>\n\n\t\t\n<style>\n#section_499158047 {\n  padding-top: 0px;\n  padding-bottom: 0px;\n}\n@media (min-width:850px) {\n  #section_499158047 {\n    padding-top: 30px;\n    padding-bottom: 30px;\n  }\n}\n<\/style>\n\t<\/section>\n\t\n\n","protected":false},"excerpt":{"rendered":"","protected":false},"author":1,"featured_media":0,"parent":998,"menu_order":0,"comment_status":"closed","ping_status":"closed","template":"","meta":{"footnotes":""},"class_list":["post-1079","page","type-page","status-publish","hentry"],"_links":{"self":[{"href":"https:\/\/www.tayfunbavbek.com\/de\/wp-json\/wp\/v2\/pages\/1079","targetHints":{"allow":["GET"]}}],"collection":[{"href":"https:\/\/www.tayfunbavbek.com\/de\/wp-json\/wp\/v2\/pages"}],"about":[{"href":"https:\/\/www.tayfunbavbek.com\/de\/wp-json\/wp\/v2\/types\/page"}],"author":[{"embeddable":true,"href":"https:\/\/www.tayfunbavbek.com\/de\/wp-json\/wp\/v2\/users\/1"}],"replies":[{"embeddable":true,"href":"https:\/\/www.tayfunbavbek.com\/de\/wp-json\/wp\/v2\/comments?post=1079"}],"version-history":[{"count":3,"href":"https:\/\/www.tayfunbavbek.com\/de\/wp-json\/wp\/v2\/pages\/1079\/revisions"}],"predecessor-version":[{"id":1201,"href":"https:\/\/www.tayfunbavbek.com\/de\/wp-json\/wp\/v2\/pages\/1079\/revisions\/1201"}],"up":[{"embeddable":true,"href":"https:\/\/www.tayfunbavbek.com\/de\/wp-json\/wp\/v2\/pages\/998"}],"wp:attachment":[{"href":"https:\/\/www.tayfunbavbek.com\/de\/wp-json\/wp\/v2\/media?parent=1079"}],"curies":[{"name":"wp","href":"https:\/\/api.w.org\/{rel}","templated":true}]}}