{"id":1089,"date":"2024-01-19T20:48:01","date_gmt":"2024-01-19T20:48:01","guid":{"rendered":"https:\/\/www.tayfunbavbek.com\/?page_id=1089"},"modified":"2024-01-26T08:49:53","modified_gmt":"2024-01-26T08:49:53","slug":"smile-laser","status":"publish","type":"page","link":"https:\/\/www.tayfunbavbek.com\/de\/unsere-dienstleistungen\/smile-laser\/","title":{"rendered":"Smile Laser"},"content":{"rendered":"\n\t<section class=\"section\" id=\"section_2088102143\">\n\t\t<div class=\"bg section-bg fill bg-fill  bg-loaded\" >\n\n\t\t\t\n\t\t\t\n\t\t\t\n\n\t\t<\/div>\n\n\t\t\n\n\t\t<div class=\"section-content relative\">\n\t\t\t\n\n<div class=\"row row-large\"  id=\"row-205018468\">\n\n\n\t<div id=\"col-12871441\" class=\"col medium-12 small-12 large-4\"  >\n\t\t\t\t<div class=\"col-inner\"  >\n\t\t\t\n\t\t\t\n\n<div class=\"row row-large align-equal\"  id=\"row-618294689\">\n\n\n\t<div id=\"col-38122716\" class=\"col bavbek-pp medium-6 small-12 large-12\"  >\n\t\t\t\t<div class=\"col-inner\"  >\n\t\t\t\n\t\t\t\n\n\t<div class=\"box has-hover   has-hover box-text-bottom\" >\n\n\t\t<div class=\"box-image\" >\n\t\t\t\t\t\t<div class=\"\" >\n\t\t\t\t<img loading=\"lazy\" decoding=\"async\" width=\"400\" height=\"400\" src=\"https:\/\/www.tayfunbavbek.com\/wp-content\/uploads\/2024\/01\/hakkimda.jpg\" class=\"attachment- size-\" alt=\"\" srcset=\"https:\/\/www.tayfunbavbek.com\/wp-content\/uploads\/2024\/01\/hakkimda.jpg 400w, https:\/\/www.tayfunbavbek.com\/wp-content\/uploads\/2024\/01\/hakkimda-280x280.jpg 280w\" sizes=\"auto, (max-width: 400px) 100vw, 400px\" \/>\t\t\t\t\t\t\t\t\t\t\t<\/div>\n\t\t\t\t\t<\/div>\n\n\t\t<div class=\"box-text text-center dark\" style=\"background-color:rgb(73, 154, 250);padding:30px 30px 30px 30px;\">\n\t\t\t<div class=\"box-text-inner\">\n\t\t\t\t\n\n\t<div id=\"text-4210125532\" class=\"text\">\n\t\t\n\n<h3>Pers\u00f6nliche Informationen<\/h3>\n\n\t\t\n<style>\n#text-4210125532 {\n  text-align: left;\n}\n<\/style>\n\t<\/div>\n\t\n\n\n<style>\r\n.tb-divider {\r\nwidth:100%;\r\nheight:1px;\r\nbackground:#82B9FC;\r\nmargin-top:1rem;\r\nmargin-bottom:1rem;\r\n}\r\n<\/style>\r\n\r\n<div class=\"tb-divider\">\r\n\r\n<\/div>\n\n\t<div id=\"text-1109134701\" class=\"text\">\n\t\t\n\n<p>Rufnummer: +90 542 124 15 50<\/p>\n<p>B\u00fcronummer: +90 542 124 15 50<\/p>\n<p>E-Mail: info@tayfunbavbek.com<\/p>\n\n\t\t\n<style>\n#text-1109134701 {\n  text-align: left;\n  color: rgb(255, 255, 255);\n}\n#text-1109134701 > * {\n  color: rgb(255, 255, 255);\n}\n<\/style>\n\t<\/div>\n\t\n\t<div id=\"gap-2126303648\" class=\"gap-element clearfix\" style=\"display:block; height:auto;\">\n\t\t\n<style>\n#gap-2126303648 {\n  padding-top: 26px;\n}\n<\/style>\n\t<\/div>\n\t\n\n<div class=\"social-icons follow-icons full-width text-left\" ><a href=\"http:\/\/www.facebook.com\/profdrtayfunbavbek\" target=\"_blank\" data-label=\"Facebook\" class=\"icon button circle is-outline facebook tooltip\" title=\"Auf Facebook folgen\" aria-label=\"Auf Facebook folgen\" rel=\"noopener nofollow\"><i class=\"icon-facebook\" ><\/i><\/a><a href=\"http:\/\/www.instagram.com\/profdrtayfunbavbek\" target=\"_blank\" data-label=\"Instagram\" class=\"icon button circle is-outline instagram tooltip\" title=\"Auf Instagram folgen\" aria-label=\"Auf Instagram folgen\" rel=\"noopener nofollow\"><i class=\"icon-instagram\" ><\/i><\/a><a href=\"http:\/\/www.twitter.com\/profdrtayfunbavbek\" data-label=\"Twitter\" target=\"_blank\" class=\"icon button circle is-outline twitter tooltip\" title=\"Auf Twitter folgen\" aria-label=\"Auf Twitter folgen\" rel=\"noopener nofollow\"><i class=\"icon-twitter\" ><\/i><\/a><a href=\"mailto:tayfunbavbek@gmail.com\" data-label=\"E-mail\" target=\"_blank\" class=\"icon button circle is-outline email tooltip\" title=\"Sende uns eine E-Mail\" aria-label=\"Sende uns eine E-Mail\" rel=\"nofollow noopener\" ><i class=\"icon-envelop\" ><\/i><\/a><a href=\"http:\/\/www.youtube.com\/profdrtayfunbavbek\" data-label=\"YouTube\" target=\"_blank\" class=\"icon button circle is-outline youtube tooltip\" title=\"Auf YouTube folgen\" aria-label=\"Auf YouTube folgen\" rel=\"noopener nofollow\"><i class=\"icon-youtube\" ><\/i><\/a><\/div>\n\n\n\t\t\t<\/div>\n\t\t<\/div>\n\t<\/div>\n\t\n\n\t<div id=\"gap-1412678354\" class=\"gap-element clearfix hide-for-medium\" style=\"display:block; height:auto;\">\n\t\t\n<style>\n#gap-1412678354 {\n  padding-top: 30px;\n}\n<\/style>\n\t<\/div>\n\t\n\n\n\t\t<\/div>\n\t\t\t\t\n<style>\n#col-38122716 > .col-inner {\n  padding: 0px 0px 0px 0px;\n}\n@media (min-width:550px) {\n  #col-38122716 > .col-inner {\n    padding: 0px 30px 0px 0px;\n  }\n}\n<\/style>\n\t<\/div>\n\n\t\n\n\t<div id=\"col-1680773103\" class=\"col bg-color medium-6 small-12 large-12\"  >\n\t\t\t\t<div class=\"col-inner\"  >\n\t\t\t\n\t\t\t\n\n\t<div id=\"gap-422930943\" class=\"gap-element clearfix\" style=\"display:block; height:auto;\">\n\t\t\n<style>\n#gap-422930943 {\n  padding-top: 30px;\n}\n<\/style>\n\t<\/div>\n\t\n\n\t<div id=\"text-203675553\" class=\"text\">\n\t\t\n\n<h3>Online einen Termin vereinbaren<\/h3>\n<p style=\"opacity:0.8;\">Sie k\u00f6nnen ganz einfach einen Termin vereinbaren, indem Sie das Terminformular unten ausf\u00fcllen oder <a style=\"color:#fff;\" href=\"https:\/\/api.whatsapp.com\/send?phone=905421241550&#038;text=Hallo,%20ich%20m\u00f6chte%20einen%20Termin%20vereinbaren.\" target=\"_blank\" rel=\"noopener\"><b>hier klicken<\/b><\/a>, um uns \u00fcber Whatsapp zu kontaktieren.<\/p>\n\n\t\t\n<style>\n#text-203675553 {\n  text-align: left;\n  color: rgb(255, 255, 255);\n}\n#text-203675553 > * {\n  color: rgb(255, 255, 255);\n}\n<\/style>\n\t<\/div>\n\t\n\n<div class=\"wpcf7 no-js\" id=\"wpcf7-f1226-o1\" lang=\"de-DE\" dir=\"ltr\" data-wpcf7-id=\"1226\">\n<div class=\"screen-reader-response\"><p role=\"status\" aria-live=\"polite\" aria-atomic=\"true\"><\/p> <ul><\/ul><\/div>\n<form action=\"\/de\/wp-json\/wp\/v2\/pages\/1089#wpcf7-f1226-o1\" method=\"post\" class=\"wpcf7-form init\" aria-label=\"Kontaktformular\" novalidate=\"novalidate\" data-status=\"init\">\n<fieldset class=\"hidden-fields-container\"><input type=\"hidden\" name=\"_wpcf7\" value=\"1226\" \/><input type=\"hidden\" name=\"_wpcf7_version\" value=\"6.1.5\" \/><input type=\"hidden\" name=\"_wpcf7_locale\" value=\"de_DE\" \/><input type=\"hidden\" name=\"_wpcf7_unit_tag\" value=\"wpcf7-f1226-o1\" \/><input type=\"hidden\" name=\"_wpcf7_container_post\" value=\"0\" \/><input type=\"hidden\" name=\"_wpcf7_posted_data_hash\" value=\"\" \/><input type=\"hidden\" name=\"_wpcf7_recaptcha_response\" value=\"\" \/>\n<\/fieldset>\n<style>\n .row {\n display: flex;\n flex-wrap: wrap;\n margin-bottom: 15px;\n }\n\n .column {\n flex: 50%;\n padding: 0 15px;\n box-sizing: border-box;\n }\n\n @media (max-width: 1024px) {\n .row {\n flex-direction: column;\n margin-bottom: 0;\n }\n}\n<\/style>\n<p><label><br \/>\n<span class=\"wpcf7-form-control-wrap\" data-name=\"your-name\"><input size=\"40\" maxlength=\"400\" class=\"wpcf7-form-control wpcf7-text wpcf7-validates-as-required\" aria-required=\"true\" aria-invalid=\"false\" placeholder=\"Name-Nachname\" value=\"\" type=\"text\" name=\"your-name\" \/><\/span><br \/>\n<\/label>\n<\/p>\n<p><label><br \/>\n<span class=\"wpcf7-form-control-wrap\" data-name=\"your-phone\"><input size=\"40\" maxlength=\"400\" class=\"wpcf7-form-control wpcf7-text wpcf7-validates-as-required\" aria-required=\"true\" aria-invalid=\"false\" placeholder=\"Telefon\" value=\"\" type=\"text\" name=\"your-phone\" \/><\/span><br \/>\n<\/label>\n<\/p>\n<p><label><br \/>\n<span class=\"wpcf7-form-control-wrap\" data-name=\"your-email\"><input size=\"40\" maxlength=\"400\" class=\"wpcf7-form-control wpcf7-email wpcf7-validates-as-required wpcf7-text wpcf7-validates-as-email\" aria-required=\"true\" aria-invalid=\"false\" placeholder=\"E-Mail\" value=\"\" type=\"email\" name=\"your-email\" \/><\/span><br \/>\n<\/label>\n<\/p>\n<p><label><br \/>\n<span class=\"wpcf7-form-control-wrap\" data-name=\"your-date\"><input class=\"wpcf7-form-control wpcf7-date wpcf7-validates-as-required wpcf7-validates-as-date\" aria-required=\"true\" aria-invalid=\"false\" value=\"\" type=\"date\" name=\"your-date\" \/><\/span><br \/>\n<\/label>\n<\/p>\n<div class=\"row\">\n\t<div class=\"column\">\n\t\t<p><label><br \/>\n<span class=\"wpcf7-form-control-wrap\" data-name=\"your-hours\"><select class=\"wpcf7-form-control wpcf7-select wpcf7-validates-as-required\" aria-required=\"true\" aria-invalid=\"false\" name=\"your-hours\"><option value=\"09\">09<\/option><option value=\"10\">10<\/option><option value=\"11\">11<\/option><option value=\"12\">12<\/option><option value=\"13\">13<\/option><option value=\"14\">14<\/option><option value=\"15\">15<\/option><option value=\"16\">16<\/option><option value=\"17\">17<\/option><\/select><\/span><br \/>\n<\/label>\n\t\t<\/p>\n\t<\/div>\n\t<div class=\"column\">\n\t\t<p><label><br \/>\n<span class=\"wpcf7-form-control-wrap\" data-name=\"your-mins\"><select class=\"wpcf7-form-control wpcf7-select wpcf7-validates-as-required\" aria-required=\"true\" aria-invalid=\"false\" name=\"your-mins\"><option value=\"00\">00<\/option><option value=\"30\">30<\/option><\/select><\/span><br \/>\n<\/label>\n\t\t<\/p>\n\t<\/div>\n<\/div>\n<p><div class=\"cf7-cf-turnstile\" style=\"margin-top: 0px; margin-bottom: -15px;\"> <div id=\"cf-turnstile-cf7-2207086763\" class=\"cf-turnstile\" data-sitekey=\"0x4AAAAAABDpirJKhxsIQ7BD\" data-theme=\"light\" data-language=\"auto\" data-size=\"normal\" data-retry=\"auto\" data-retry-interval=\"1000\" data-refresh-expired=\"auto\" data-refresh-timeout=\"auto\" data-action=\"contact-form-7\" data-callback=\"turnstileCF7Callback\" data-appearance=\"always\"><\/div> <script>document.addEventListener(\"DOMContentLoaded\", function() { setTimeout(function(){ var e=document.getElementById(\"cf-turnstile-cf7-2207086763\"); if(e&&!e.innerHTML.trim()){turnstile.render(e, {sitekey:\"0x4AAAAAABDpirJKhxsIQ7BD\"});} }, 200); });<\/script> <br class=\"cf-turnstile-br cf-turnstile-br-cf7-2207086763\"> <style>#cf-turnstile-cf7-2207086763 { margin-left: -15px; }<\/style> <script>document.addEventListener(\"DOMContentLoaded\",function(){document.querySelectorAll('.wpcf7-form').forEach(function(e){e.addEventListener('submit',function(){if(document.getElementById('cf-turnstile-cf7-2207086763')){setTimeout(function(){turnstile.reset('#cf-turnstile-cf7-2207086763');},1000)}})})});<\/script> <\/div><br\/><input class=\"wpcf7-form-control wpcf7-submit has-spinner\" type=\"submit\" value=\"Randevu Talep Et\" \/>\n<\/p><p style=\"display: none !important;\" class=\"akismet-fields-container\" data-prefix=\"_wpcf7_ak_\"><label>&#916;<textarea name=\"_wpcf7_ak_hp_textarea\" cols=\"45\" rows=\"8\" maxlength=\"100\"><\/textarea><\/label><input type=\"hidden\" id=\"ak_js_1\" name=\"_wpcf7_ak_js\" value=\"49\"\/><script>document.getElementById( \"ak_js_1\" ).setAttribute( \"value\", ( new Date() ).getTime() );<\/script><\/p><div class=\"wpcf7-response-output\" aria-hidden=\"true\"><\/div>\n<\/form>\n<\/div>\n\n\n\n\t\t<\/div>\n\t\t\t\t\n<style>\n#col-1680773103 > .col-inner {\n  padding: 12px 12px 12px 12px;\n}\n@media (min-width:550px) {\n  #col-1680773103 > .col-inner {\n    padding: 24px 24px 24px 24px;\n  }\n}\n@media (min-width:850px) {\n  #col-1680773103 > .col-inner {\n    padding: 12px 12px 0px 12px;\n  }\n}\n<\/style>\n\t<\/div>\n\n\t\n\n<\/div>\n\n\t\t<\/div>\n\t\t\t\t\t<\/div>\n\n\t\n\n\t<div id=\"col-460501837\" class=\"col medium-12 small-12 large-8 medium-col-first\"  >\n\t\t\t\t<div class=\"col-inner\"  >\n\t\t\t\n\t\t\t\n\n<div class=\"row\"  id=\"row-1610805179\">\n\n\n\t<div id=\"col-487033254\" class=\"col remove-padding small-12 large-12\"  >\n\t\t\t\t<div class=\"col-inner\" style=\"background-color:rgb(244, 245, 248);\" >\n\t\t\t\n\t\t\t\n\n<h2>SMILE Laser<\/h2>\n\t<div id=\"gap-1296851224\" class=\"gap-element clearfix\" style=\"display:block; height:auto;\">\n\t\t\n<style>\n#gap-1296851224 {\n  padding-top: 15px;\n}\n<\/style>\n\t<\/div>\n\t\n\n\t<div class=\"img has-hover x md-x lg-x y md-y lg-y\" id=\"image_1869399118\">\n\t\t\t\t\t\t\t\t<div class=\"img-inner dark\" >\n\t\t\t<img loading=\"lazy\" decoding=\"async\" width=\"660\" height=\"420\" src=\"https:\/\/www.tayfunbavbek.com\/wp-content\/uploads\/2024\/01\/smile-lazer.webp\" class=\"attachment-original size-original\" alt=\"smile lazer\" srcset=\"https:\/\/www.tayfunbavbek.com\/wp-content\/uploads\/2024\/01\/smile-lazer.webp 660w, https:\/\/www.tayfunbavbek.com\/wp-content\/uploads\/2024\/01\/smile-lazer-629x400.webp 629w\" sizes=\"auto, (max-width: 660px) 100vw, 660px\" \/>\t\t\t\t\t\t\n\t\t\t\t\t<\/div>\n\t\t\t\t\t\t\t\t\n<style>\n#image_1869399118 {\n  width: 100%;\n}\n<\/style>\n\t<\/div>\n\t\n\n<p>Die Smile-Laser (Relex)-Methode ist heute eine der h\u00e4ufig verwendeten Behandlungsmethoden. Diese Methode, die insbesondere bei der Behandlung von Myopie und Astigmatismus eingesetzt wird, erzielt erfolgreiche Ergebnisse. Mit dem Smile-Laser ist es m\u00f6glich, bis zu -10 bei Myopie und -5 bei Astigmatismus zu behandeln. Diese Laserbehandlungsmethode ist im Allgemeinen f\u00fcr Berufsgruppen geeignet, die einem Risiko durch Druck und Belastung ausgesetzt sind.<\/p>\n\n\t\t<\/div>\n\t\t\t\t\n<style>\n#col-487033254 > .col-inner {\n  padding: 25px 25px 25px 25px;\n}\n@media (min-width:850px) {\n  #col-487033254 > .col-inner {\n    padding: 50px 50px 50px 50px;\n  }\n}\n<\/style>\n\t<\/div>\n\n\t\n\n<\/div>\n<div class=\"row\"  id=\"row-1091174016\">\n\n\n\t<div id=\"col-594316017\" class=\"col remove-padding small-12 large-12\"  >\n\t\t\t\t<div class=\"col-inner\" style=\"background-color:rgb(244, 245, 248);\" >\n\t\t\t\n\t\t\t\n\n<p>Smile Laser, Laserbehandlung der 3. Generation. W\u00e4hrend bei der Lasik-Behandlungsmethode gro\u00dfe Einschnitte erforderlich sind, werden diese bei der Smile-Behandlungsmethode erheblich reduziert. Diese Behandlungsmethode ist revolution\u00e4r unter den laserbasierten, klingenlosen Behandlungsmethoden. Die Smile-Laserbehandlung wird insbesondere f\u00fcr Personen mit einem aktiven Lebensstil empfohlen. Der Grund daf\u00fcr ist das Risiko einer Verschiebung des Hornhautlappens bei anderen Methoden. Bei der Smile-Behandlungsmethode besteht dieses Risiko nicht. Daher wird sie h\u00e4ufig f\u00fcr Sportler empfohlen.<\/p>\n<h3>Welche Merkmale hat die Smile-Laser-Methode?<\/h3>\n<p>Mit der Smile-Laser-Methode k\u00f6nnen Myopie bis zu -10 Dioptrien und Astigmatismus bis zu -5 Dioptrien behandelt werden.<\/p>\n<ul>\n<li>Es wird eine Biomechanik des Hornhautschutzes geboten.<\/li>\n<li>Es ist f\u00fcr eine d\u00fcnnere Hornhautstruktur geeignet.<\/li>\n<li>Es handelt sich um eine Einzelschritt-Operation.<\/li>\n<li>Es wird eine geschlossene chirurgische Methode angewendet.<\/li>\n<li>Es handelt sich um eine nicht-invasive Art der Operation.<\/li>\n<\/ul>\n<h3>Wer kann sich einer Smile-Laser-Behandlung unterziehen?<\/h3>\n<p>Patienten mit den folgenden Bedingungen k\u00f6nnen von der Smile-Laser-Methode profitieren:<\/p>\n<ul>\n<li>Personen \u00fcber 18 Jahre.<\/li>\n<li>Personen, bei denen sich die Augenverordnung im letzten Jahr nicht ge\u00e4ndert hat.<\/li>\n<li>Personen mit einer Myopie von -1,00 bis -10,00.<\/li>\n<li>Personen mit einem Astigmatismus von nicht mehr als -5,00.<\/li>\n<li>Im Allgemeinen Personen mit guter Hornhaut- und Augengesundheit.<\/li>\n<\/ul>\n<h3>Wer kann keine Smile-Laser-Behandlung durchf\u00fchren?<\/h3>\n<p>Patienten mit den folgenden Bedingungen k\u00f6nnen nicht von der Smile-Laser-Methode profitieren:<\/p>\n<ul>\n<li>Patienten mit sich \u00e4ndernden Verordnungen.<\/li>\n<li>Weitsichtige Patienten.<\/li>\n<li>Personen unter 18 Jahren.<\/li>\n<li>Personen mit Gesundheitsproblemen, die die Heilung beeintr\u00e4chtigen k\u00f6nnten.<\/li>\n<li>Personen mit fortgeschrittenem Glaukom.<\/li>\n<li>\u00dcberm\u00e4\u00dfige Keloidbildung.<\/li>\n<li>\u00dcberm\u00e4\u00dfige Narbenbildung.<\/li>\n<li>Personen mit Hornhautdegeneration.<\/li>\n<li>Personen mit Hornhautkrankheiten.<\/li>\n<li>Personen, die zuvor eine Augeninfektion hatten.<\/li>\n<li>Schwangere Personen.<\/li>\n<li>Stillende Frauen.<\/li>\n<li>Personen mit Kataraktproblemen.<\/li>\n<\/ul>\n<h3>Was sind die Vorteile?<\/h3>\n<p>Die Vorteile der Smile-Laserchirurgie sind wie folgt:<\/p>\n<ul>\n<li>Es gibt eine konsistente Hornhaut- und Brechungsstabilit\u00e4t.<\/li>\n<li>Die klingenlose Technik wird angewendet.<\/li>\n<li>Es ist eine pr\u00e4zise und schnelle Behandlungsmethode.<\/li>\n<li>Die Wahrscheinlichkeit von trockenen Augen ist gering.<\/li>\n<li>Es gibt eine schnelle Erholungsphase.<\/li>\n<li>Es erm\u00f6glicht einen schonenderen Eingriff.<\/li>\n<li>Die Dauer der Operation ist kurz.<\/li>\n<li>Es handelt sich um die kleinste Inzisionchirurgie an der Augenoberfl\u00e4che.<\/li>\n<li>Es gibt keine Probleme mit der strukturellen Haltbarkeit des Auges.<\/li>\n<li>Die nat\u00fcrlichsten Ergebnisse werden erzielt.<\/li>\n<li>Schnelle Lasertechnologie wird mit 500 kHz verwendet.<\/li>\n<li>Das Risiko einer R\u00fcckkehr der Verordnung ist fast vernachl\u00e4ssigbar.<\/li>\n<\/ul>\n<h3>Vorsichtsma\u00dfnahmen vor der Operation<\/h3>\n<p>Vor der Operation sollten Sie auf Folgendes achten:<\/p>\n<ul>\n<li>Verwenden Sie kein Parf\u00fcm und Deodorant vor der Operation.<\/li>\n<li>Tragen Sie am Tag der Operation keine Augen- und Gesichtsschminke auf.<\/li>\n<li>Es besteht kein Problem mit dem Essen vor der Operation.<\/li>\n<li>Der Patient sollte f\u00fcr diese Operation mindestens 3-4 Stunden einplanen.<\/li>\n<li>Es ist erforderlich, zur Operation mit einer Begleitperson zu kommen.<\/li>\n<li>Nur der Patient wird in den Operationssaal eingelassen.<\/li>\n<li>Bringen Sie eine Sonnenbrille mit, um Ihre Augen nach der Operation zu sch\u00fctzen.<\/li>\n<\/ul>\n<h3>Stadien der Operation<\/h3>\n<p>Vor der Smile-Laserchirurgie f\u00fchren \u00c4rzte eine sehr gr\u00fcndliche Augenuntersuchung und Tests durch. Wenn die Struktur des Auges f\u00fcr die Smile-Laserchirurgie geeignet ist, erh\u00e4lt der Patient die notwendigen Informationen und einen Termin. Die Operation besteht aus einem 27-sek\u00fcndigen Laser-Eingriff. W\u00e4hrend der Operation wird ein Vakuumring, der die Bewegung Ihrer Augen verhindert, platziert, und dann beginnt die Laseranwendung. Der Arzt entfernt den Teil innerhalb der Hornhaut durch einen 2-mm-Schnitt. Nach der Operation wird Ihr Arzt empfehlen, sich an diesem Tag auszuruhen. Nach der Operation k\u00f6nnen ein Tr\u00e4nenfluss, Sensibilit\u00e4t und Blendung im Licht empfunden werden. Dies ist v\u00f6llig normal, und die vom Arzt empfohlenen Tropfen reduzieren diese Beschwerden. Sie k\u00f6nnen einen klaren Blick erhalten, um viele Aufgaben einen Tag nach dem Eingriff zu erledigen. Nach der Smile-Laserbehandlung muss einige Tage auf das Erreichen des besten Sehgrads gewartet werden.<\/p>\n\n\t\t<\/div>\n\t\t\t\t\n<style>\n#col-594316017 > .col-inner {\n  padding: 25px 25px 25px 25px;\n}\n@media (min-width:850px) {\n  #col-594316017 > .col-inner {\n    padding: 50px 50px 50px 50px;\n  }\n}\n<\/style>\n\t<\/div>\n\n\t\n\n<\/div>\n\n\t\t<\/div>\n\t\t\t\t\t<\/div>\n\n\t\n\n<\/div>\n\n\t\t<\/div>\n\n\t\t\n<style>\n#section_2088102143 {\n  padding-top: 0px;\n  padding-bottom: 0px;\n}\n@media (min-width:850px) {\n  #section_2088102143 {\n    padding-top: 30px;\n    padding-bottom: 30px;\n  }\n}\n<\/style>\n\t<\/section>\n\t\n\n","protected":false},"excerpt":{"rendered":"","protected":false},"author":1,"featured_media":0,"parent":998,"menu_order":0,"comment_status":"closed","ping_status":"closed","template":"","meta":{"footnotes":""},"class_list":["post-1089","page","type-page","status-publish","hentry"],"_links":{"self":[{"href":"https:\/\/www.tayfunbavbek.com\/de\/wp-json\/wp\/v2\/pages\/1089","targetHints":{"allow":["GET"]}}],"collection":[{"href":"https:\/\/www.tayfunbavbek.com\/de\/wp-json\/wp\/v2\/pages"}],"about":[{"href":"https:\/\/www.tayfunbavbek.com\/de\/wp-json\/wp\/v2\/types\/page"}],"author":[{"embeddable":true,"href":"https:\/\/www.tayfunbavbek.com\/de\/wp-json\/wp\/v2\/users\/1"}],"replies":[{"embeddable":true,"href":"https:\/\/www.tayfunbavbek.com\/de\/wp-json\/wp\/v2\/comments?post=1089"}],"version-history":[{"count":3,"href":"https:\/\/www.tayfunbavbek.com\/de\/wp-json\/wp\/v2\/pages\/1089\/revisions"}],"predecessor-version":[{"id":1203,"href":"https:\/\/www.tayfunbavbek.com\/de\/wp-json\/wp\/v2\/pages\/1089\/revisions\/1203"}],"up":[{"embeddable":true,"href":"https:\/\/www.tayfunbavbek.com\/de\/wp-json\/wp\/v2\/pages\/998"}],"wp:attachment":[{"href":"https:\/\/www.tayfunbavbek.com\/de\/wp-json\/wp\/v2\/media?parent=1089"}],"curies":[{"name":"wp","href":"https:\/\/api.w.org\/{rel}","templated":true}]}}