{"id":1098,"date":"2024-01-19T15:24:20","date_gmt":"2024-01-19T15:24:20","guid":{"rendered":"https:\/\/www.tayfunbavbek.com\/?page_id=1098"},"modified":"2024-01-26T08:50:27","modified_gmt":"2024-01-26T08:50:27","slug":"makuladegeneration","status":"publish","type":"page","link":"https:\/\/www.tayfunbavbek.com\/de\/unsere-dienstleistungen\/makuladegeneration\/","title":{"rendered":"Makuladegeneration"},"content":{"rendered":"\n\t<section class=\"section\" id=\"section_969903310\">\n\t\t<div class=\"bg section-bg fill bg-fill  bg-loaded\" >\n\n\t\t\t\n\t\t\t\n\t\t\t\n\n\t\t<\/div>\n\n\t\t\n\n\t\t<div class=\"section-content relative\">\n\t\t\t\n\n<div class=\"row row-large\"  id=\"row-876881669\">\n\n\n\t<div id=\"col-198668378\" class=\"col medium-12 small-12 large-4\"  >\n\t\t<div class=\"is-sticky-column\"><div class=\"is-sticky-column__inner\">\t\t<div class=\"col-inner\"  >\n\t\t\t\n\t\t\t\n\n<div class=\"row row-large align-equal\"  id=\"row-1403821285\">\n\n\n\t<div id=\"col-1470659834\" class=\"col bavbek-pp medium-6 small-12 large-12\"  >\n\t\t\t\t<div class=\"col-inner\"  >\n\t\t\t\n\t\t\t\n\n\t<div class=\"box has-hover   has-hover box-text-bottom\" >\n\n\t\t<div class=\"box-image\" >\n\t\t\t\t\t\t<div class=\"\" >\n\t\t\t\t<img loading=\"lazy\" decoding=\"async\" width=\"400\" height=\"400\" src=\"https:\/\/www.tayfunbavbek.com\/wp-content\/uploads\/2024\/01\/hakkimda.jpg\" class=\"attachment- size-\" alt=\"\" srcset=\"https:\/\/www.tayfunbavbek.com\/wp-content\/uploads\/2024\/01\/hakkimda.jpg 400w, https:\/\/www.tayfunbavbek.com\/wp-content\/uploads\/2024\/01\/hakkimda-280x280.jpg 280w\" sizes=\"auto, (max-width: 400px) 100vw, 400px\" \/>\t\t\t\t\t\t\t\t\t\t\t<\/div>\n\t\t\t\t\t<\/div>\n\n\t\t<div class=\"box-text text-center dark\" style=\"background-color:rgb(73, 154, 250);padding:30px 30px 30px 30px;\">\n\t\t\t<div class=\"box-text-inner\">\n\t\t\t\t\n\n\t<div id=\"text-3843489827\" class=\"text\">\n\t\t\n\n<h3>Pers\u00f6nliche Informationen<\/h3>\n\n\t\t\n<style>\n#text-3843489827 {\n  text-align: left;\n}\n<\/style>\n\t<\/div>\n\t\n\n\n<style>\r\n.tb-divider {\r\nwidth:100%;\r\nheight:1px;\r\nbackground:#82B9FC;\r\nmargin-top:1rem;\r\nmargin-bottom:1rem;\r\n}\r\n<\/style>\r\n\r\n<div class=\"tb-divider\">\r\n\r\n<\/div>\n\n\t<div id=\"text-2824696855\" class=\"text\">\n\t\t\n\n<p>Rufnummer: +90 542 124 15 50<\/p>\n<p>B\u00fcronummer: +90 542 124 15 50<\/p>\n<p>E-Mail: info@tayfunbavbek.com<\/p>\n\n\t\t\n<style>\n#text-2824696855 {\n  text-align: left;\n  color: rgb(255, 255, 255);\n}\n#text-2824696855 > * {\n  color: rgb(255, 255, 255);\n}\n<\/style>\n\t<\/div>\n\t\n\t<div id=\"gap-1705411739\" class=\"gap-element clearfix\" style=\"display:block; height:auto;\">\n\t\t\n<style>\n#gap-1705411739 {\n  padding-top: 26px;\n}\n<\/style>\n\t<\/div>\n\t\n\n<div class=\"social-icons follow-icons full-width text-left\" ><a href=\"http:\/\/www.facebook.com\/profdrtayfunbavbek\" target=\"_blank\" data-label=\"Facebook\" class=\"icon button circle is-outline facebook tooltip\" title=\"Auf Facebook folgen\" aria-label=\"Auf Facebook folgen\" rel=\"noopener nofollow\"><i class=\"icon-facebook\" ><\/i><\/a><a href=\"http:\/\/www.instagram.com\/profdrtayfunbavbek\" target=\"_blank\" data-label=\"Instagram\" class=\"icon button circle is-outline instagram tooltip\" title=\"Auf Instagram folgen\" aria-label=\"Auf Instagram folgen\" rel=\"noopener nofollow\"><i class=\"icon-instagram\" ><\/i><\/a><a href=\"http:\/\/www.twitter.com\/profdrtayfunbavbek\" data-label=\"Twitter\" target=\"_blank\" class=\"icon button circle is-outline twitter tooltip\" title=\"Auf Twitter folgen\" aria-label=\"Auf Twitter folgen\" rel=\"noopener nofollow\"><i class=\"icon-twitter\" ><\/i><\/a><a href=\"mailto:tayfunbavbek@gmail.com\" data-label=\"E-mail\" target=\"_blank\" class=\"icon button circle is-outline email tooltip\" title=\"Sende uns eine E-Mail\" aria-label=\"Sende uns eine E-Mail\" rel=\"nofollow noopener\" ><i class=\"icon-envelop\" ><\/i><\/a><a href=\"http:\/\/www.youtube.com\/profdrtayfunbavbek\" data-label=\"YouTube\" target=\"_blank\" class=\"icon button circle is-outline youtube tooltip\" title=\"Auf YouTube folgen\" aria-label=\"Auf YouTube folgen\" rel=\"noopener nofollow\"><i class=\"icon-youtube\" ><\/i><\/a><\/div>\n\n\n\t\t\t<\/div>\n\t\t<\/div>\n\t<\/div>\n\t\n\n\t<div id=\"gap-757930516\" class=\"gap-element clearfix hide-for-medium\" style=\"display:block; height:auto;\">\n\t\t\n<style>\n#gap-757930516 {\n  padding-top: 30px;\n}\n<\/style>\n\t<\/div>\n\t\n\n\n\t\t<\/div>\n\t\t\t\t\n<style>\n#col-1470659834 > .col-inner {\n  padding: 0px 0px 0px 0px;\n}\n@media (min-width:550px) {\n  #col-1470659834 > .col-inner {\n    padding: 0px 30px 0px 0px;\n  }\n}\n<\/style>\n\t<\/div>\n\n\t\n\n\t<div id=\"col-1024089961\" class=\"col bg-color medium-6 small-12 large-12\"  >\n\t\t\t\t<div class=\"col-inner\"  >\n\t\t\t\n\t\t\t\n\n\t<div id=\"gap-2141496743\" class=\"gap-element clearfix\" style=\"display:block; height:auto;\">\n\t\t\n<style>\n#gap-2141496743 {\n  padding-top: 30px;\n}\n<\/style>\n\t<\/div>\n\t\n\n\t<div id=\"text-2288497487\" class=\"text\">\n\t\t\n\n<h3>Online einen Termin vereinbaren<\/h3>\n<p style=\"opacity:0.8;\">Sie k\u00f6nnen ganz einfach einen Termin vereinbaren, indem Sie das Terminformular unten ausf\u00fcllen oder <a style=\"color:#fff;\" href=\"https:\/\/api.whatsapp.com\/send?phone=905421241550&#038;text=Hallo,%20ich%20m\u00f6chte%20einen%20Termin%20vereinbaren.\" target=\"_blank\" rel=\"noopener\"><b>hier klicken<\/b><\/a>, um uns \u00fcber Whatsapp zu kontaktieren.<\/p>\n\n\t\t\n<style>\n#text-2288497487 {\n  text-align: left;\n  color: rgb(255, 255, 255);\n}\n#text-2288497487 > * {\n  color: rgb(255, 255, 255);\n}\n<\/style>\n\t<\/div>\n\t\n\n<div class=\"wpcf7 no-js\" id=\"wpcf7-f1226-o1\" lang=\"de-DE\" dir=\"ltr\" data-wpcf7-id=\"1226\">\n<div class=\"screen-reader-response\"><p role=\"status\" aria-live=\"polite\" aria-atomic=\"true\"><\/p> <ul><\/ul><\/div>\n<form action=\"\/de\/wp-json\/wp\/v2\/pages\/1098#wpcf7-f1226-o1\" method=\"post\" class=\"wpcf7-form init\" aria-label=\"Kontaktformular\" novalidate=\"novalidate\" data-status=\"init\">\n<fieldset class=\"hidden-fields-container\"><input type=\"hidden\" name=\"_wpcf7\" value=\"1226\" \/><input type=\"hidden\" name=\"_wpcf7_version\" value=\"6.1.5\" \/><input type=\"hidden\" name=\"_wpcf7_locale\" value=\"de_DE\" \/><input type=\"hidden\" name=\"_wpcf7_unit_tag\" value=\"wpcf7-f1226-o1\" \/><input type=\"hidden\" name=\"_wpcf7_container_post\" value=\"0\" \/><input type=\"hidden\" name=\"_wpcf7_posted_data_hash\" value=\"\" \/><input type=\"hidden\" name=\"_wpcf7_recaptcha_response\" value=\"\" \/>\n<\/fieldset>\n<style>\n .row {\n display: flex;\n flex-wrap: wrap;\n margin-bottom: 15px;\n }\n\n .column {\n flex: 50%;\n padding: 0 15px;\n box-sizing: border-box;\n }\n\n @media (max-width: 1024px) {\n .row {\n flex-direction: column;\n margin-bottom: 0;\n }\n}\n<\/style>\n<p><label><br \/>\n<span class=\"wpcf7-form-control-wrap\" data-name=\"your-name\"><input size=\"40\" maxlength=\"400\" class=\"wpcf7-form-control wpcf7-text wpcf7-validates-as-required\" aria-required=\"true\" aria-invalid=\"false\" placeholder=\"Name-Nachname\" value=\"\" type=\"text\" name=\"your-name\" \/><\/span><br \/>\n<\/label>\n<\/p>\n<p><label><br \/>\n<span class=\"wpcf7-form-control-wrap\" data-name=\"your-phone\"><input size=\"40\" maxlength=\"400\" class=\"wpcf7-form-control wpcf7-text wpcf7-validates-as-required\" aria-required=\"true\" aria-invalid=\"false\" placeholder=\"Telefon\" value=\"\" type=\"text\" name=\"your-phone\" \/><\/span><br \/>\n<\/label>\n<\/p>\n<p><label><br \/>\n<span class=\"wpcf7-form-control-wrap\" data-name=\"your-email\"><input size=\"40\" maxlength=\"400\" class=\"wpcf7-form-control wpcf7-email wpcf7-validates-as-required wpcf7-text wpcf7-validates-as-email\" aria-required=\"true\" aria-invalid=\"false\" placeholder=\"E-Mail\" value=\"\" type=\"email\" name=\"your-email\" \/><\/span><br \/>\n<\/label>\n<\/p>\n<p><label><br \/>\n<span class=\"wpcf7-form-control-wrap\" data-name=\"your-date\"><input class=\"wpcf7-form-control wpcf7-date wpcf7-validates-as-required wpcf7-validates-as-date\" aria-required=\"true\" aria-invalid=\"false\" value=\"\" type=\"date\" name=\"your-date\" \/><\/span><br \/>\n<\/label>\n<\/p>\n<div class=\"row\">\n\t<div class=\"column\">\n\t\t<p><label><br \/>\n<span class=\"wpcf7-form-control-wrap\" data-name=\"your-hours\"><select class=\"wpcf7-form-control wpcf7-select wpcf7-validates-as-required\" aria-required=\"true\" aria-invalid=\"false\" name=\"your-hours\"><option value=\"09\">09<\/option><option value=\"10\">10<\/option><option value=\"11\">11<\/option><option value=\"12\">12<\/option><option value=\"13\">13<\/option><option value=\"14\">14<\/option><option value=\"15\">15<\/option><option value=\"16\">16<\/option><option value=\"17\">17<\/option><\/select><\/span><br \/>\n<\/label>\n\t\t<\/p>\n\t<\/div>\n\t<div class=\"column\">\n\t\t<p><label><br \/>\n<span class=\"wpcf7-form-control-wrap\" data-name=\"your-mins\"><select class=\"wpcf7-form-control wpcf7-select wpcf7-validates-as-required\" aria-required=\"true\" aria-invalid=\"false\" name=\"your-mins\"><option value=\"00\">00<\/option><option value=\"30\">30<\/option><\/select><\/span><br \/>\n<\/label>\n\t\t<\/p>\n\t<\/div>\n<\/div>\n<p><div class=\"cf7-cf-turnstile\" style=\"margin-top: 0px; margin-bottom: -15px;\"> <div id=\"cf-turnstile-cf7-408152871\" class=\"cf-turnstile\" data-sitekey=\"0x4AAAAAABDpirJKhxsIQ7BD\" data-theme=\"light\" data-language=\"auto\" data-size=\"normal\" data-retry=\"auto\" data-retry-interval=\"1000\" data-refresh-expired=\"auto\" data-refresh-timeout=\"auto\" data-action=\"contact-form-7\" data-callback=\"turnstileCF7Callback\" data-appearance=\"always\"><\/div> <script>document.addEventListener(\"DOMContentLoaded\", function() { setTimeout(function(){ var e=document.getElementById(\"cf-turnstile-cf7-408152871\"); if(e&&!e.innerHTML.trim()){turnstile.render(e, {sitekey:\"0x4AAAAAABDpirJKhxsIQ7BD\"});} }, 200); });<\/script> <br class=\"cf-turnstile-br cf-turnstile-br-cf7-408152871\"> <style>#cf-turnstile-cf7-408152871 { margin-left: -15px; }<\/style> <script>document.addEventListener(\"DOMContentLoaded\",function(){document.querySelectorAll('.wpcf7-form').forEach(function(e){e.addEventListener('submit',function(){if(document.getElementById('cf-turnstile-cf7-408152871')){setTimeout(function(){turnstile.reset('#cf-turnstile-cf7-408152871');},1000)}})})});<\/script> <\/div><br\/><input class=\"wpcf7-form-control wpcf7-submit has-spinner\" type=\"submit\" value=\"Randevu Talep Et\" \/>\n<\/p><p style=\"display: none !important;\" class=\"akismet-fields-container\" data-prefix=\"_wpcf7_ak_\"><label>&#916;<textarea name=\"_wpcf7_ak_hp_textarea\" cols=\"45\" rows=\"8\" maxlength=\"100\"><\/textarea><\/label><input type=\"hidden\" id=\"ak_js_1\" name=\"_wpcf7_ak_js\" value=\"111\"\/><script>document.getElementById( \"ak_js_1\" ).setAttribute( \"value\", ( new Date() ).getTime() );<\/script><\/p><div class=\"wpcf7-response-output\" aria-hidden=\"true\"><\/div>\n<\/form>\n<\/div>\n\n\n\n\t\t<\/div>\n\t\t\t\t\n<style>\n#col-1024089961 > .col-inner {\n  padding: 12px 12px 12px 12px;\n}\n@media (min-width:550px) {\n  #col-1024089961 > .col-inner {\n    padding: 24px 24px 24px 24px;\n  }\n}\n@media (min-width:850px) {\n  #col-1024089961 > .col-inner {\n    padding: 12px 12px 0px 12px;\n  }\n}\n<\/style>\n\t<\/div>\n\n\t\n\n<\/div>\n\n\t\t<\/div>\n\t\t<\/div><\/div>\t\t\t<\/div>\n\n\t\n\n\t<div id=\"col-1156961742\" class=\"col medium-12 small-12 large-8 medium-col-first\"  >\n\t\t\t\t<div class=\"col-inner\"  >\n\t\t\t\n\t\t\t\n\n<div class=\"row\"  id=\"row-766792660\">\n\n\n\t<div id=\"col-628610265\" class=\"col remove-padding small-12 large-12\"  >\n\t\t\t\t<div class=\"col-inner\" style=\"background-color:rgb(244, 245, 248);\" >\n\t\t\t\n\t\t\t\n\n<h2>Macular Degeneration Treatment<br \/>\n<\/h2>\n\t<div id=\"gap-1590416187\" class=\"gap-element clearfix\" style=\"display:block; height:auto;\">\n\t\t\n<style>\n#gap-1590416187 {\n  padding-top: 15px;\n}\n<\/style>\n\t<\/div>\n\t\n\n\t<div class=\"img has-hover x md-x lg-x y md-y lg-y\" id=\"image_622695518\">\n\t\t\t\t\t\t\t\t<div class=\"img-inner dark\" >\n\t\t\t<img loading=\"lazy\" decoding=\"async\" width=\"660\" height=\"420\" src=\"https:\/\/www.tayfunbavbek.com\/wp-content\/uploads\/2024\/01\/sarinokta-1.webp\" class=\"attachment-original size-original\" alt=\"sar\u0131 nokta hastal\u0131\u011f\u0131 tedavisi\" srcset=\"https:\/\/www.tayfunbavbek.com\/wp-content\/uploads\/2024\/01\/sarinokta-1.webp 660w, https:\/\/www.tayfunbavbek.com\/wp-content\/uploads\/2024\/01\/sarinokta-1-629x400.webp 629w\" sizes=\"auto, (max-width: 660px) 100vw, 660px\" \/>\t\t\t\t\t\t\n\t\t\t\t\t<\/div>\n\t\t\t\t\t\t\t\t\n<style>\n#image_622695518 {\n  width: 100%;\n}\n<\/style>\n\t<\/div>\n\t\n\n<p>In unserem Auge befindet sich ein winziger gelber Fleck, etwa so gro\u00df wie eine kleine Walnuss. Wenn wir es mit einer Walnuss vergleichen, ist dieser gelbe Fleck nur so klein wie die Spitze einer Nadel. Diese Region, die die Gr\u00f6\u00dfe einer Nadelsspitze im hinteren inneren Teil unseres Auges hat, ist so entscheidend, dass Leonardo die Mona Lisa erschaffen konnte und Michelangelo die David-Statue, dank dieses winzigen Flecks. Er fungiert als ein hochmodernes Sensor, der die umgebende Welt, unsere Umgebung und unsere Lieben als visuelle Reize wahrnimmt und sie zum visuellen Zentrum, dem Hauptkraftwerk in unserem Gehirn, sendet.<\/p>\n\n\t\t<\/div>\n\t\t\t\t\n<style>\n#col-628610265 > .col-inner {\n  padding: 25px 25px 25px 25px;\n  border-radius: 5px;\n}\n@media (min-width:850px) {\n  #col-628610265 > .col-inner {\n    padding: 50px 50px 50px 50px;\n  }\n}\n<\/style>\n\t<\/div>\n\n\t\n\n<\/div>\n<div class=\"row\"  id=\"row-1731095984\">\n\n\n\t<div id=\"col-535866822\" class=\"col remove-padding small-12 large-12\"  >\n\t\t\t\t<div class=\"col-inner\" style=\"background-color:rgb(244, 245, 248);\" >\n\t\t\t\n\t\t\t\n\n<p>Nat\u00fcrlich ben\u00f6tigen auch alle Staaten und Unternehmen wie bei ihren High-Tech-Radaren und Sensoren h\u00f6chsten Schutz, ist auch der Gelbe Fleck in unseren Augen auf h\u00f6chstem Niveau vor seinen Feinden gesch\u00fctzt. Dieses Schutzsystem und diese Verteidigungsmauer haben eine sehr hohe Empfindlichkeit und sch\u00fctzen diesen empfindlichen Bereich vor potenziellen Gefahren von au\u00dfen oder innerhalb des K\u00f6rpers durch verschiedene chemische und elektrische Mechanismen, nat\u00fcrlich bis zu einem gewissen Grad. Wer sind also die Feinde? Feind 1: Ultraviolette Strahlen von der Sonne, genau wie unsere Haut im Sommer knallrot wird, wenn wir sie zum ersten Mal der Sonne aussetzen, nachts verbrennt, juckt und Schmerzen verursacht; die Auswirkung von \u00fcberm\u00e4\u00dfiger UV-Strahlung auf unseren Gelben Fleck ist \u00e4hnlich. Wenn man bedenkt, dass dieser Effekt sich im Laufe der Jahre ansammelt und dass die Ozonschicht allm\u00e4hlich d\u00fcnner wird, nimmt die Wirkung der UV-Strahlung exponentiell zu. Feind 2: Mangelhafte Ern\u00e4hrung, auch als heutige Fast-Food-Di\u00e4t bezeichnet. Nat\u00fcrlich sprechen wir dabei von einer lebenslangen unzureichenden Ern\u00e4hrung. Wir m\u00fcssen kontinuierlich Spurenelemente aus vielen Gem\u00fcse- und Obstsorten aufnehmen und nat\u00fcrlich auch viel quecksilberfreien Fisch essen. Feind 3: Rauchen. Es betr\u00fcbt mich sehr zu denken, wie eine Person, die 40 Jahre lang t\u00e4glich 20 Zigaretten geraucht hat, die Verteidigungsmauern in ihrem Gelben Fleck demontiert hat, dieses perfekt gestaltete Abwehrsystem. Feind 4: Altern. Im Moment k\u00f6nnen wir nichts dagegen tun, aber wenn wir das Tempo der oben genannten Feinde verlangsamen, ist es m\u00f6glich, das Altern zu verlangsamen. Feind 5: Unser genetisches Profil, das wir als Schicksal bezeichnen k\u00f6nnen. Im Moment k\u00f6nnen wir auch hier nichts dagegen tun. Aber es ist noch einmal erw\u00e4hnenswert, was wir hier tun k\u00f6nnen: niemals rauchen, eine ausgewogene Ern\u00e4hrung zu sich nehmen, UV-Strahlen vermeiden, Sonnenbrillen verwenden, unser Umfeld informieren und regelm\u00e4\u00dfige Augenuntersuchungen nicht vernachl\u00e4ssigen.<\/p>\n<p>Also, was ist die Makuladegeneration? Und welche Stadien hat die Behandlung der Makuladegeneration? Genau wie unsere Haut Falten bekommt und Linien entwickelt, w\u00e4hrend wir altern, bilden sich Muttermale, \u00e4hnliche Ver\u00e4nderungen treten in der Makula auf, dem Hauptdetektor dieser Ver\u00e4nderungen. Im Gegensatz zu diesen Ver\u00e4nderungen in unserer Haut verleihen die Ver\u00e4nderungen in der Makula uns jedoch kein reiferes Aussehen; im Gegenteil, sie reduzieren unsere Sicht.<\/p>\n<p>Es gibt zwei Arten von Makuladegeneration: die trockene Art, die nur Ver\u00e4nderungen in Farbe, Ablagerungen von Abfallmaterial und den Verlust von Sehzellen umfasst. In diesem Stadium ist nichts anderes als unterst\u00fctzende Behandlung und h\u00e4ufige Kontrollen erforderlich; sie schreitet sehr langsam voran und kann jahrelang im gleichen Stadium verbleiben, ohne eine pl\u00f6tzliche Abnahme der Sehkraft zu verursachen. Die zweite Art ist die feuchte Makuladegeneration, bei der neben den Ver\u00e4nderungen der trockenen Art auch eine pathologische Bildung von Blutgef\u00e4\u00dfen auftritt, was zu Blutungen, Austritt von Protein und Fl\u00fcssigkeit au\u00dferhalb der Gef\u00e4\u00dfe und pl\u00f6tzlichem Sehverlust f\u00fchrt. Da ein Risiko f\u00fcr dauerhaften Sehverlust besteht, muss es dringend behandelt werden. Bei der Behandlung der feuchten Makuladegeneration sind wir heute viel weiter fortgeschritten als vor f\u00fcnf Jahren. Wir haben zwei Methoden, die pathologische Blutgef\u00e4\u00dfe schrumpfen und eliminieren, ohne die Sehzellen zu sch\u00e4digen: die Laserbehandlung, die nur pathologische Blutgef\u00e4\u00dfe zerst\u00f6rt, und zus\u00e4tzlich die Anwendung von intraokularen Medikamenten, die Blutungen und Fl\u00fcssigkeitsbildung verhindern, indem sie die Bildung neuer Blutgef\u00e4\u00dfe verhindern. Abh\u00e4ngig vom klinischen Zustand k\u00f6nnen wir diese Behandlungsmethoden gemeinsam oder einzeln anwenden, solange wir unsere Patienten rechtzeitig diagnostizieren k\u00f6nnen und eine fr\u00fchzeitige Behandlung durchf\u00fchren.<\/p>\n\n\t\t<\/div>\n\t\t\t\t\n<style>\n#col-535866822 > .col-inner {\n  padding: 25px 25px 25px 25px;\n  border-radius: 5px;\n}\n@media (min-width:850px) {\n  #col-535866822 > .col-inner {\n    padding: 50px 50px 50px 50px;\n  }\n}\n<\/style>\n\t<\/div>\n\n\t\n\n<\/div>\n\n\t\t<\/div>\n\t\t\t\t\t<\/div>\n\n\t\n\n<\/div>\n\n\t\t<\/div>\n\n\t\t\n<style>\n#section_969903310 {\n  padding-top: 0px;\n  padding-bottom: 0px;\n}\n@media (min-width:850px) {\n  #section_969903310 {\n    padding-top: 30px;\n    padding-bottom: 30px;\n  }\n}\n<\/style>\n\t<\/section>\n\t\n\n","protected":false},"excerpt":{"rendered":"","protected":false},"author":1,"featured_media":0,"parent":998,"menu_order":0,"comment_status":"closed","ping_status":"closed","template":"","meta":{"footnotes":""},"class_list":["post-1098","page","type-page","status-publish","hentry"],"_links":{"self":[{"href":"https:\/\/www.tayfunbavbek.com\/de\/wp-json\/wp\/v2\/pages\/1098","targetHints":{"allow":["GET"]}}],"collection":[{"href":"https:\/\/www.tayfunbavbek.com\/de\/wp-json\/wp\/v2\/pages"}],"about":[{"href":"https:\/\/www.tayfunbavbek.com\/de\/wp-json\/wp\/v2\/types\/page"}],"author":[{"embeddable":true,"href":"https:\/\/www.tayfunbavbek.com\/de\/wp-json\/wp\/v2\/users\/1"}],"replies":[{"embeddable":true,"href":"https:\/\/www.tayfunbavbek.com\/de\/wp-json\/wp\/v2\/comments?post=1098"}],"version-history":[{"count":3,"href":"https:\/\/www.tayfunbavbek.com\/de\/wp-json\/wp\/v2\/pages\/1098\/revisions"}],"predecessor-version":[{"id":1204,"href":"https:\/\/www.tayfunbavbek.com\/de\/wp-json\/wp\/v2\/pages\/1098\/revisions\/1204"}],"up":[{"embeddable":true,"href":"https:\/\/www.tayfunbavbek.com\/de\/wp-json\/wp\/v2\/pages\/998"}],"wp:attachment":[{"href":"https:\/\/www.tayfunbavbek.com\/de\/wp-json\/wp\/v2\/media?parent=1098"}],"curies":[{"name":"wp","href":"https:\/\/api.w.org\/{rel}","templated":true}]}}