{"id":1138,"date":"2024-01-25T19:11:45","date_gmt":"2024-01-25T19:11:45","guid":{"rendered":"https:\/\/www.tayfunbavbek.com\/?page_id=1138"},"modified":"2024-01-25T19:47:34","modified_gmt":"2024-01-25T19:47:34","slug":"augentest","status":"publish","type":"page","link":"https:\/\/www.tayfunbavbek.com\/de\/augentest\/","title":{"rendered":"Augentest"},"content":{"rendered":"\n\t<section class=\"section hide-for-medium\" id=\"section_145007158\">\n\t\t<div class=\"bg section-bg fill bg-fill  bg-loaded\" >\n\n\t\t\t\n\t\t\t\n\t\t\t\n\n\t\t<\/div>\n\n\t\t\n\n\t\t<div class=\"section-content relative\">\n\t\t\t\n\n<div class=\"row\"  id=\"row-698309080\">\n\n\n\t<div id=\"col-1735685462\" class=\"col small-12 large-12\"  >\n\t\t\t\t<div class=\"col-inner\"  >\n\t\t\t\n\t\t\t\n\n\t<div id=\"gap-339572796\" class=\"gap-element clearfix\" style=\"display:block; height:auto;\">\n\t\t\n<style>\n#gap-339572796 {\n  padding-top: 30px;\n}\n<\/style>\n\t<\/div>\n\t\n\n<h2>Augentest<\/h2>\n<p>Sie k\u00f6nnen den Sehtest, den Astigmatismustest, den Farbenblindheitstest und den Duochromtest aus dem unten stehenden Bereich durchf\u00fchren. Beachten Sie jedoch bitte, dass dieser Test eine Untersuchung durch einen Augenarzt nicht ersetzt. Unabh\u00e4ngig vom Ergebnis dieses Tests sollten Sie bitte einen Fachmann konsultieren.<\/p>\n\n\n\n<div style=\"position:relative; width:100%; height:0; padding-bottom:65.25%;\">\n    <iframe src=\"https:\/\/www.dunyagoz.com\/goz-testleri\/\" style=\"position:absolute; top:0; left:0; width:100%; height:100%; border:0;\"><\/iframe>\n<\/div>\n\n\n\t\t<\/div>\n\t\t\t\t\t<\/div>\n\n\t\n\n<\/div>\n\n\t\t<\/div>\n\n\t\t\n<style>\n#section_145007158 {\n  padding-top: 0px;\n  padding-bottom: 0px;\n}\n<\/style>\n\t<\/section>\n\t\n\t<section class=\"section\" id=\"section_371601499\">\n\t\t<div class=\"bg section-bg fill bg-fill  bg-loaded\" >\n\n\t\t\t\n\t\t\t\n\t\t\t\n\n\t\t<\/div>\n\n\t\t\n\n\t\t<div class=\"section-content relative\">\n\t\t\t\n\n<div class=\"row show-for-medium\"  id=\"row-1237299937\">\n\n\n\t<div id=\"col-1204557060\" class=\"col small-12 large-12\"  >\n\t\t\t\t<div class=\"col-inner dark\"  >\n\t\t\t\n\t\t\t\n\n<h3>Yaln\u0131zca Bilgisayar Ekranlar\u0131nda G\u00f6r\u00fcnt\u00fclenebilir<\/h3>\n<p>Testin daha g\u00fcvenli ve sa\u011fl\u0131kl\u0131 bir \u015fekilde tamamlanabilmesi i\u00e7in l\u00fctfen bu sayfay\u0131 yaln\u0131zca bilgisayar ekranlar\u0131nda g\u00f6r\u00fcnt\u00fcleyiniz. Tablet ve mobil cihazlar i\u00e7in uygun de\u011fildir.<\/p>\n\n\t\t<\/div>\n\t\t\t\t\n<style>\n#col-1204557060 > .col-inner {\n  padding: 25px 25px 25px 25px;\n}\n<\/style>\n\t<\/div>\n\n\t\n\n\n<style>\n#row-1237299937 > .col > .col-inner {\n  padding: 25px 25px 25px 25px;\n  background-color: #5c9bf3;\n}\n<\/style>\n<\/div>\n\n\t\t<\/div>\n\n\t\t\n<style>\n#section_371601499 {\n  padding-top: 30px;\n  padding-bottom: 30px;\n}\n<\/style>\n\t<\/section>\n\t\n\n","protected":false},"excerpt":{"rendered":"","protected":false},"author":1,"featured_media":0,"parent":0,"menu_order":0,"comment_status":"closed","ping_status":"closed","template":"","meta":{"footnotes":""},"class_list":["post-1138","page","type-page","status-publish","hentry"],"_links":{"self":[{"href":"https:\/\/www.tayfunbavbek.com\/de\/wp-json\/wp\/v2\/pages\/1138","targetHints":{"allow":["GET"]}}],"collection":[{"href":"https:\/\/www.tayfunbavbek.com\/de\/wp-json\/wp\/v2\/pages"}],"about":[{"href":"https:\/\/www.tayfunbavbek.com\/de\/wp-json\/wp\/v2\/types\/page"}],"author":[{"embeddable":true,"href":"https:\/\/www.tayfunbavbek.com\/de\/wp-json\/wp\/v2\/users\/1"}],"replies":[{"embeddable":true,"href":"https:\/\/www.tayfunbavbek.com\/de\/wp-json\/wp\/v2\/comments?post=1138"}],"version-history":[{"count":2,"href":"https:\/\/www.tayfunbavbek.com\/de\/wp-json\/wp\/v2\/pages\/1138\/revisions"}],"predecessor-version":[{"id":1140,"href":"https:\/\/www.tayfunbavbek.com\/de\/wp-json\/wp\/v2\/pages\/1138\/revisions\/1140"}],"wp:attachment":[{"href":"https:\/\/www.tayfunbavbek.com\/de\/wp-json\/wp\/v2\/media?parent=1138"}],"curies":[{"name":"wp","href":"https:\/\/api.w.org\/{rel}","templated":true}]}}