{"id":995,"date":"2024-01-11T19:54:10","date_gmt":"2024-01-11T19:54:10","guid":{"rendered":"https:\/\/www.tayfunbavbek.com\/?page_id=995"},"modified":"2024-01-25T15:38:27","modified_gmt":"2024-01-25T15:38:27","slug":"ueber-mich","status":"publish","type":"page","link":"https:\/\/www.tayfunbavbek.com\/de\/ueber-mich\/","title":{"rendered":"\u00dcber mich"},"content":{"rendered":"\n\t<section class=\"section\" id=\"section_1780461341\">\n\t\t<div class=\"bg section-bg fill bg-fill  bg-loaded\" >\n\n\t\t\t\n\t\t\t\n\t\t\t\n\n\t\t<\/div>\n\n\t\t\n\n\t\t<div class=\"section-content relative\">\n\t\t\t\n\n<div class=\"row row-large\"  id=\"row-228598102\">\n\n\n\t<div id=\"col-17605249\" class=\"col medium-12 small-12 large-4\"  >\n\t\t<div class=\"is-sticky-column\"><div class=\"is-sticky-column__inner\">\t\t<div class=\"col-inner\"  >\n\t\t\t\n\t\t\t\n\n<div class=\"row row-large align-equal\"  id=\"row-1673624391\">\n\n\n\t<div id=\"col-376424100\" class=\"col bavbek-pp medium-6 small-12 large-12\"  >\n\t\t\t\t<div class=\"col-inner\"  >\n\t\t\t\n\t\t\t\n\n\t<div class=\"box has-hover   has-hover box-text-bottom\" >\n\n\t\t<div class=\"box-image\" >\n\t\t\t\t\t\t<div class=\"\" >\n\t\t\t\t<img loading=\"lazy\" decoding=\"async\" width=\"400\" height=\"400\" src=\"https:\/\/www.tayfunbavbek.com\/wp-content\/uploads\/2024\/01\/hakkimda.jpg\" class=\"attachment- size-\" alt=\"\" srcset=\"https:\/\/www.tayfunbavbek.com\/wp-content\/uploads\/2024\/01\/hakkimda.jpg 400w, https:\/\/www.tayfunbavbek.com\/wp-content\/uploads\/2024\/01\/hakkimda-280x280.jpg 280w\" sizes=\"auto, (max-width: 400px) 100vw, 400px\" \/>\t\t\t\t\t\t\t\t\t\t\t<\/div>\n\t\t\t\t\t<\/div>\n\n\t\t<div class=\"box-text text-center dark\" style=\"background-color:rgb(73, 154, 250);padding:30px 30px 30px 30px;\">\n\t\t\t<div class=\"box-text-inner\">\n\t\t\t\t\n\n\t<div id=\"text-2987878468\" class=\"text\">\n\t\t\n\n<h3>Pers\u00f6nliche Informationen<\/h3>\n\n\t\t\n<style>\n#text-2987878468 {\n  text-align: left;\n}\n<\/style>\n\t<\/div>\n\t\n\n\n<style>\n.tb-divider {\nwidth:100%;\nheight:1px;\nbackground:#82B9FC;\nmargin-top:1rem;\nmargin-bottom:1rem;\n}\n<\/style>\n\n<div class=\"tb-divider\">\n\n<\/div>\n\n\t<div id=\"text-3746494429\" class=\"text\">\n\t\t\n\n<p>Telefon: 0 542 124 15 50<\/p>\n<p>Office: 0 542 124 15 50<\/p>\n<p>E-Mail: info@tayfunbavbek.com<\/p>\n\n\t\t\n<style>\n#text-3746494429 {\n  text-align: left;\n  color: rgb(255, 255, 255);\n}\n#text-3746494429 > * {\n  color: rgb(255, 255, 255);\n}\n<\/style>\n\t<\/div>\n\t\n\t<div id=\"gap-47319679\" class=\"gap-element clearfix\" style=\"display:block; height:auto;\">\n\t\t\n<style>\n#gap-47319679 {\n  padding-top: 26px;\n}\n<\/style>\n\t<\/div>\n\t\n\n<div class=\"social-icons follow-icons full-width text-left\" ><a href=\"http:\/\/www.facebook.com\/profdrtayfunbavbek\" target=\"_blank\" data-label=\"Facebook\" class=\"icon button circle is-outline facebook tooltip\" title=\"Auf Facebook folgen\" aria-label=\"Auf Facebook folgen\" rel=\"noopener nofollow\"><i class=\"icon-facebook\" ><\/i><\/a><a href=\"http:\/\/www.instagram.com\/profdrtayfunbavbek\" target=\"_blank\" data-label=\"Instagram\" class=\"icon button circle is-outline instagram tooltip\" title=\"Auf Instagram folgen\" aria-label=\"Auf Instagram folgen\" rel=\"noopener nofollow\"><i class=\"icon-instagram\" ><\/i><\/a><a href=\"http:\/\/www.twitter.com\/profdrtayfunbavbek\" data-label=\"Twitter\" target=\"_blank\" class=\"icon button circle is-outline twitter tooltip\" title=\"Auf Twitter folgen\" aria-label=\"Auf Twitter folgen\" rel=\"noopener nofollow\"><i class=\"icon-twitter\" ><\/i><\/a><a href=\"mailto:tayfunbavbek@gmail.com\" data-label=\"E-mail\" target=\"_blank\" class=\"icon button circle is-outline email tooltip\" title=\"Sende uns eine E-Mail\" aria-label=\"Sende uns eine E-Mail\" rel=\"nofollow noopener\" ><i class=\"icon-envelop\" ><\/i><\/a><a href=\"http:\/\/www.youtube.com\/profdrtayfunbavbek\" data-label=\"YouTube\" target=\"_blank\" class=\"icon button circle is-outline youtube tooltip\" title=\"Auf YouTube folgen\" aria-label=\"Auf YouTube folgen\" rel=\"noopener nofollow\"><i class=\"icon-youtube\" ><\/i><\/a><\/div>\n\n\n\t\t\t<\/div>\n\t\t<\/div>\n\t<\/div>\n\t\n\t<div id=\"gap-2014793460\" class=\"gap-element clearfix hide-for-medium\" style=\"display:block; height:auto;\">\n\t\t\n<style>\n#gap-2014793460 {\n  padding-top: 30px;\n}\n<\/style>\n\t<\/div>\n\t\n\n\n\t\t<\/div>\n\t\t\t\t\n<style>\n#col-376424100 > .col-inner {\n  padding: 0px 0px 0px 0px;\n}\n@media (min-width:550px) {\n  #col-376424100 > .col-inner {\n    padding: 0px 30px 0px 0px;\n  }\n}\n<\/style>\n\t<\/div>\n\n\t\n\n\t<div id=\"col-220703127\" class=\"col bg-color medium-6 small-12 large-12\"  >\n\t\t\t\t<div class=\"col-inner dark\"  >\n\t\t\t\n\t\t\t\n\n\t<div id=\"gap-495838257\" class=\"gap-element clearfix\" style=\"display:block; height:auto;\">\n\t\t\n<style>\n#gap-495838257 {\n  padding-top: 30px;\n}\n<\/style>\n\t<\/div>\n\t\n\n<h3>Online einen Termin vereinbaren<\/h3>\n<p style=\"opacity:0.8;\">Sie k\u00f6nnen ganz einfach einen Termin vereinbaren, indem Sie das Terminformular unten ausf\u00fcllen oder <a style=\"color:#fff;\" href=\"https:\/\/api.whatsapp.com\/send?phone=905421241550&amp;text=Merhaba,%20randevu%20olu%C5%9Fturmak%20istiyorum.\" target=\"_blank\" rel=\"noopener\"><b>hier klicken<\/b><\/a>, um uns \u00fcber Whatsapp zu kontaktieren.\n<\/p>\n\n\n<div class=\"wpcf7 no-js\" id=\"wpcf7-f1226-o1\" lang=\"de-DE\" dir=\"ltr\" data-wpcf7-id=\"1226\">\n<div class=\"screen-reader-response\"><p role=\"status\" aria-live=\"polite\" aria-atomic=\"true\"><\/p> <ul><\/ul><\/div>\n<form action=\"\/de\/wp-json\/wp\/v2\/pages\/995#wpcf7-f1226-o1\" method=\"post\" class=\"wpcf7-form init\" aria-label=\"Kontaktformular\" novalidate=\"novalidate\" data-status=\"init\">\n<fieldset class=\"hidden-fields-container\"><input type=\"hidden\" name=\"_wpcf7\" value=\"1226\" \/><input type=\"hidden\" name=\"_wpcf7_version\" value=\"6.1.5\" \/><input type=\"hidden\" name=\"_wpcf7_locale\" value=\"de_DE\" \/><input type=\"hidden\" name=\"_wpcf7_unit_tag\" value=\"wpcf7-f1226-o1\" \/><input type=\"hidden\" name=\"_wpcf7_container_post\" value=\"0\" \/><input type=\"hidden\" name=\"_wpcf7_posted_data_hash\" value=\"\" \/><input type=\"hidden\" name=\"_wpcf7_recaptcha_response\" value=\"\" \/>\n<\/fieldset>\n<style>\n .row {\n display: flex;\n flex-wrap: wrap;\n margin-bottom: 15px;\n }\n\n .column {\n flex: 50%;\n padding: 0 15px;\n box-sizing: border-box;\n }\n\n @media (max-width: 1024px) {\n .row {\n flex-direction: column;\n margin-bottom: 0;\n }\n}\n<\/style>\n<p><label><br \/>\n<span class=\"wpcf7-form-control-wrap\" data-name=\"your-name\"><input size=\"40\" maxlength=\"400\" class=\"wpcf7-form-control wpcf7-text wpcf7-validates-as-required\" aria-required=\"true\" aria-invalid=\"false\" placeholder=\"Name-Nachname\" value=\"\" type=\"text\" name=\"your-name\" \/><\/span><br \/>\n<\/label>\n<\/p>\n<p><label><br \/>\n<span class=\"wpcf7-form-control-wrap\" data-name=\"your-phone\"><input size=\"40\" maxlength=\"400\" class=\"wpcf7-form-control wpcf7-text wpcf7-validates-as-required\" aria-required=\"true\" aria-invalid=\"false\" placeholder=\"Telefon\" value=\"\" type=\"text\" name=\"your-phone\" \/><\/span><br \/>\n<\/label>\n<\/p>\n<p><label><br \/>\n<span class=\"wpcf7-form-control-wrap\" data-name=\"your-email\"><input size=\"40\" maxlength=\"400\" class=\"wpcf7-form-control wpcf7-email wpcf7-validates-as-required wpcf7-text wpcf7-validates-as-email\" aria-required=\"true\" aria-invalid=\"false\" placeholder=\"E-Mail\" value=\"\" type=\"email\" name=\"your-email\" \/><\/span><br \/>\n<\/label>\n<\/p>\n<p><label><br \/>\n<span class=\"wpcf7-form-control-wrap\" data-name=\"your-date\"><input class=\"wpcf7-form-control wpcf7-date wpcf7-validates-as-required wpcf7-validates-as-date\" aria-required=\"true\" aria-invalid=\"false\" value=\"\" type=\"date\" name=\"your-date\" \/><\/span><br \/>\n<\/label>\n<\/p>\n<div class=\"row\">\n\t<div class=\"column\">\n\t\t<p><label><br \/>\n<span class=\"wpcf7-form-control-wrap\" data-name=\"your-hours\"><select class=\"wpcf7-form-control wpcf7-select wpcf7-validates-as-required\" aria-required=\"true\" aria-invalid=\"false\" name=\"your-hours\"><option value=\"09\">09<\/option><option value=\"10\">10<\/option><option value=\"11\">11<\/option><option value=\"12\">12<\/option><option value=\"13\">13<\/option><option value=\"14\">14<\/option><option value=\"15\">15<\/option><option value=\"16\">16<\/option><option value=\"17\">17<\/option><\/select><\/span><br \/>\n<\/label>\n\t\t<\/p>\n\t<\/div>\n\t<div class=\"column\">\n\t\t<p><label><br \/>\n<span class=\"wpcf7-form-control-wrap\" data-name=\"your-mins\"><select class=\"wpcf7-form-control wpcf7-select wpcf7-validates-as-required\" aria-required=\"true\" aria-invalid=\"false\" name=\"your-mins\"><option value=\"00\">00<\/option><option value=\"30\">30<\/option><\/select><\/span><br \/>\n<\/label>\n\t\t<\/p>\n\t<\/div>\n<\/div>\n<p><div class=\"cf7-cf-turnstile\" style=\"margin-top: 0px; margin-bottom: -15px;\"> <div id=\"cf-turnstile-cf7-1312426975\" class=\"cf-turnstile\" data-sitekey=\"0x4AAAAAABDpirJKhxsIQ7BD\" data-theme=\"light\" data-language=\"auto\" data-size=\"normal\" data-retry=\"auto\" data-retry-interval=\"1000\" data-refresh-expired=\"auto\" data-refresh-timeout=\"auto\" data-action=\"contact-form-7\" data-callback=\"turnstileCF7Callback\" data-appearance=\"always\"><\/div> <script>document.addEventListener(\"DOMContentLoaded\", function() { setTimeout(function(){ var e=document.getElementById(\"cf-turnstile-cf7-1312426975\"); if(e&&!e.innerHTML.trim()){turnstile.render(e, {sitekey:\"0x4AAAAAABDpirJKhxsIQ7BD\"});} }, 200); });<\/script> <br class=\"cf-turnstile-br cf-turnstile-br-cf7-1312426975\"> <style>#cf-turnstile-cf7-1312426975 { margin-left: -15px; }<\/style> <script>document.addEventListener(\"DOMContentLoaded\",function(){document.querySelectorAll('.wpcf7-form').forEach(function(e){e.addEventListener('submit',function(){if(document.getElementById('cf-turnstile-cf7-1312426975')){setTimeout(function(){turnstile.reset('#cf-turnstile-cf7-1312426975');},1000)}})})});<\/script> <\/div><br\/><input class=\"wpcf7-form-control wpcf7-submit has-spinner\" type=\"submit\" value=\"Randevu Talep Et\" \/>\n<\/p><p style=\"display: none !important;\" class=\"akismet-fields-container\" data-prefix=\"_wpcf7_ak_\"><label>&#916;<textarea name=\"_wpcf7_ak_hp_textarea\" cols=\"45\" rows=\"8\" maxlength=\"100\"><\/textarea><\/label><input type=\"hidden\" id=\"ak_js_1\" name=\"_wpcf7_ak_js\" value=\"197\"\/><script>document.getElementById( \"ak_js_1\" ).setAttribute( \"value\", ( new Date() ).getTime() );<\/script><\/p><div class=\"wpcf7-response-output\" aria-hidden=\"true\"><\/div>\n<\/form>\n<\/div>\n\n\n\n\t\t<\/div>\n\t\t\t\t\n<style>\n#col-220703127 > .col-inner {\n  padding: 12px 12px 12px 12px;\n}\n@media (min-width:550px) {\n  #col-220703127 > .col-inner {\n    padding: 12px 12px 0px 12px;\n  }\n}\n<\/style>\n\t<\/div>\n\n\t\n\n<\/div>\n\n\t\t<\/div>\n\t\t<\/div><\/div>\t\t\t<\/div>\n\n\t\n\n\t<div id=\"col-1589737009\" class=\"col remove-padding medium-12 small-12 large-8 medium-col-first\"  >\n\t\t\t\t<div class=\"col-inner\"  >\n\t\t\t\n\t\t\t\n\n<div class=\"row\"  id=\"row-598583176\">\n\n\n\t<div id=\"col-1176867262\" class=\"col remove-padding small-12 large-12\"  >\n\t\t\t\t<div class=\"col-inner\" style=\"background-color:rgb(244, 245, 248);\" >\n\t\t\t\n\t\t\t\n\n<h2 style=\"margin-bottom:8px;\">Prof. Dr. Tayfun Bavbek<\/h2>\n<p style=\"font-weight:800; color:#2b2d97;\">Facharzt f\u00fcr Augenheilkunde<\/p>\n\n<div class=\"is-divider divider clearfix\" style=\"margin-top:2rem;margin-bottom:2rem;max-width:100%;height:1px;\"><\/div>\n\n<p><span style=\"font-weight: 400;\">Prof. Dr. Tayfun BAVBEK hat sein Bachelorstudium erfolgreich abgeschlossen, das er an der Medizinischen Fakult\u00e4t der Universit\u00e4t Istanbul begonnen hat, und den Titel eines Doktors der Medizin erworben. Seine Facharztausbildung hat er an der Universit\u00e4t Marmara abgeschlossen und ist nun Spezialist f\u00fcr Augenkrankheiten.<\/span><\/p>\n\t<div class=\"img has-hover x md-x lg-x y md-y lg-y\" id=\"image_1802945345\">\n\t\t\t\t\t\t\t\t<div class=\"img-inner dark\" >\n\t\t\t<img loading=\"lazy\" decoding=\"async\" width=\"1284\" height=\"1270\" src=\"https:\/\/www.tayfunbavbek.com\/wp-content\/uploads\/2024\/01\/IMG_0715.jpg\" class=\"attachment-original size-original\" alt=\"\" srcset=\"https:\/\/www.tayfunbavbek.com\/wp-content\/uploads\/2024\/01\/IMG_0715.jpg 1284w, https:\/\/www.tayfunbavbek.com\/wp-content\/uploads\/2024\/01\/IMG_0715-404x400.jpg 404w, https:\/\/www.tayfunbavbek.com\/wp-content\/uploads\/2024\/01\/IMG_0715-809x800.jpg 809w, https:\/\/www.tayfunbavbek.com\/wp-content\/uploads\/2024\/01\/IMG_0715-768x760.jpg 768w\" sizes=\"auto, (max-width: 1284px) 100vw, 1284px\" \/>\t\t\t\t\t\t\n\t\t\t\t\t<\/div>\n\t\t\t\t\t\t\t\t\n<style>\n#image_1802945345 {\n  width: 100%;\n}\n<\/style>\n\t<\/div>\n\t\n\n\n\t\t<\/div>\n\t\t\t\t\n<style>\n#col-1176867262 > .col-inner {\n  padding: 25px 25px 25px 25px;\n}\n@media (min-width:550px) {\n  #col-1176867262 > .col-inner {\n    padding: 25px 25px 25px 25px;\n  }\n}\n@media (min-width:850px) {\n  #col-1176867262 > .col-inner {\n    padding: 50px 50px 50px 50px;\n  }\n}\n<\/style>\n\t<\/div>\n\n\t\n\n<\/div>\n\t<div id=\"gap-836928661\" class=\"gap-element clearfix\" style=\"display:block; height:auto;\">\n\t\t\n<style>\n#gap-836928661 {\n  padding-top: 50px;\n}\n<\/style>\n\t<\/div>\n\t\n\n<h3>Ausbildung &#038; Erfahrung<\/h3>\n\n\t<div id=\"gap-159175983\" class=\"gap-element clearfix\" style=\"display:block; height:auto;\">\n\t\t\n<style>\n#gap-159175983 {\n  padding-top: 30px;\n}\n<\/style>\n\t<\/div>\n\t\n\n<div class=\"row\"  id=\"row-445354621\">\n\n\n\t<div id=\"col-1141641791\" class=\"col remove-padding small-12 large-12\"  >\n\t\t\t\t<div class=\"col-inner\" style=\"background-color:rgb(244, 245, 248);\" >\n\t\t\t\n\t\t\t\n\n<div class=\"row row-collapse border-b\"  id=\"row-1418871001\">\n\n\n\t<div id=\"col-12088918\" class=\"col medium-4 small-12 large-4\"  >\n\t\t\t\t<div class=\"col-inner\"  >\n\t\t\t\n\t\t\t\n\n\t<div id=\"text-83240194\" class=\"text\">\n\t\t\n\n<p><strong>Medizinische Fakult\u00e4t<\/strong><\/p>\n\n\t\t\n<style>\n#text-83240194 {\n  color: rgb(0, 35, 75);\n}\n#text-83240194 > * {\n  color: rgb(0, 35, 75);\n}\n<\/style>\n\t<\/div>\n\t\n\n\t\t<\/div>\n\t\t\t\t\t<\/div>\n\n\t\n\n\t<div id=\"col-827959214\" class=\"col medium-8 small-12 large-8\"  >\n\t\t\t\t<div class=\"col-inner\"  >\n\t\t\t\n\t\t\t\n\n<p>Medizinische Fakult\u00e4t der Universit\u00e4t Istanbul<\/p>\n\n\n\t\t<\/div>\n\t\t\t\t\t<\/div>\n\n\t\n\n<\/div>\n<div class=\"row row-collapse border-b\"  id=\"row-359344430\">\n\n\n\t<div id=\"col-1919262123\" class=\"col medium-4 small-12 large-4\"  >\n\t\t\t\t<div class=\"col-inner\"  >\n\t\t\t\n\t\t\t\n\n\t<div id=\"text-3159142573\" class=\"text\">\n\t\t\n\n<p><strong>Spezialisierung<\/strong><\/p>\n\n\t\t\n<style>\n#text-3159142573 {\n  color: rgb(0, 35, 75);\n}\n#text-3159142573 > * {\n  color: rgb(0, 35, 75);\n}\n<\/style>\n\t<\/div>\n\t\n\n\t\t<\/div>\n\t\t\t\t\t<\/div>\n\n\t\n\n\t<div id=\"col-1987652945\" class=\"col medium-8 small-12 large-8\"  >\n\t\t\t\t<div class=\"col-inner\"  >\n\t\t\t\n\t\t\t\n\n<p>Medizinische Fakult\u00e4t der Marmara-Universit\u00e4t<\/p>\n\n\n\t\t<\/div>\n\t\t\t\t\t<\/div>\n\n\t\n\n<\/div>\n<div class=\"row row-collapse border-b\"  id=\"row-121365133\">\n\n\n\t<div id=\"col-318506207\" class=\"col medium-4 small-12 large-4\"  >\n\t\t\t\t<div class=\"col-inner\"  >\n\t\t\t\n\t\t\t\n\n\t<div id=\"text-2083223378\" class=\"text\">\n\t\t\n\n<p><strong>Spezialgebiete<\/strong><\/p>\n\n\t\t\n<style>\n#text-2083223378 {\n  color: rgb(0, 35, 75);\n}\n#text-2083223378 > * {\n  color: rgb(0, 35, 75);\n}\n<\/style>\n\t<\/div>\n\t\n\n\t\t<\/div>\n\t\t\t\t\t<\/div>\n\n\t\n\n\t<div id=\"col-1291083398\" class=\"col medium-8 small-12 large-8\"  >\n\t\t\t\t<div class=\"col-inner\"  >\n\t\t\t\n\t\t\t\n\n<p>Spezialist f\u00fcr Kataraktchirurgie, Vitreoretinale Chirurgie, Glaukom und Uveitis<\/p>\n\n\n\t\t<\/div>\n\t\t\t\t\t<\/div>\n\n\t\n\n<\/div>\n<div class=\"row row-collapse\"  id=\"row-730173866\">\n\n\n\t<div id=\"col-1428378363\" class=\"col medium-4 small-12 large-4\"  >\n\t\t\t\t<div class=\"col-inner\"  >\n\t\t\t\n\t\t\t\n\n\t<div id=\"text-4276215024\" class=\"text\">\n\t\t\n\n<p><strong>Jahr<\/strong><\/p>\n\n\t\t\n<style>\n#text-4276215024 {\n  color: rgb(0, 35, 75);\n}\n#text-4276215024 > * {\n  color: rgb(0, 35, 75);\n}\n<\/style>\n\t<\/div>\n\t\n\n\t\t<\/div>\n\t\t\t\t\t<\/div>\n\n\t\n\n\t<div id=\"col-1299216021\" class=\"col medium-8 small-12 large-8\"  >\n\t\t\t\t<div class=\"col-inner\"  >\n\t\t\t\n\t\t\t\n\n<p>19<\/p>\n\n\t\t<\/div>\n\t\t\t\t\t<\/div>\n\n\t\n\n<\/div>\n\n\t\t<\/div>\n\t\t\t\t\n<style>\n#col-1141641791 > .col-inner {\n  padding: 25px 25px 25px 25px;\n}\n@media (min-width:850px) {\n  #col-1141641791 > .col-inner {\n    padding: 50px 50px 50px 50px;\n  }\n}\n<\/style>\n\t<\/div>\n\n\t\n\n<\/div>\n\t<div id=\"gap-1174590346\" class=\"gap-element clearfix\" style=\"display:block; height:auto;\">\n\t\t\n<style>\n#gap-1174590346 {\n  padding-top: 50px;\n}\n<\/style>\n\t<\/div>\n\t\n\n<h3>Arzt Notiz<\/h3>\n\n\t<div id=\"gap-1109093034\" class=\"gap-element clearfix\" style=\"display:block; height:auto;\">\n\t\t\n<style>\n#gap-1109093034 {\n  padding-top: 30px;\n}\n<\/style>\n\t<\/div>\n\t\n\n<div class=\"row\"  id=\"row-375219936\">\n\n\n\t<div id=\"col-933178421\" class=\"col remove-padding small-12 large-12\"  >\n\t\t\t\t<div class=\"col-inner\" style=\"background-color:rgb(244, 245, 248);\" >\n\t\t\t\n\t\t\t\n\n\t<div id=\"text-1672775786\" class=\"text\">\n\t\t\n\n<h3>Unser Hauptziel ist es, den Erfolg bis zum Ende zu verfolgen.<\/h3>\n<p class=\"strong\">Prof. Dr. Tayfun Bavbek<\/p>\n\n\t\t\n<style>\n#text-1672775786 {\n  text-align: center;\n}\n<\/style>\n\t<\/div>\n\t\n\n\t\t<\/div>\n\t\t\t\t\n<style>\n#col-933178421 > .col-inner {\n  padding: 50px 50px 50px 50px;\n}\n<\/style>\n\t<\/div>\n\n\t\n\n<\/div>\n\t<div id=\"gap-353597976\" class=\"gap-element clearfix\" style=\"display:block; height:auto;\">\n\t\t\n<style>\n#gap-353597976 {\n  padding-top: 50px;\n}\n<\/style>\n\t<\/div>\n\t\n\n<h3>Blog<\/h3>\n\t<div id=\"gap-1137563357\" class=\"gap-element clearfix\" style=\"display:block; height:auto;\">\n\t\t\n<style>\n#gap-1137563357 {\n  padding-top: 30px;\n}\n<\/style>\n\t<\/div>\n\t\n\n\n  \n    <div class=\"row large-columns-1 medium-columns-1 small-columns-1\" >\n  <div class=\"col post-item\" >\n\t\t\t<div class=\"col-inner\">\n\t\t\t\t<div class=\"box box-vertical box-text-middle box-blog-post has-hover\">\n            \t\t\t\t\t<div class=\"box-image\" style=\"width:40%;\">\n  \t\t\t\t\t\t<div class=\"image-zoom image-cover\" style=\"padding-top:100%;\">\n\t\t\t\t\t\t\t<a href=\"https:\/\/www.tayfunbavbek.com\/de\/was-ist-die-hornhaut\/\" class=\"plain\" aria-label=\"Was ist die Hornhaut?\">\n\t\t\t\t\t\t\t\t<img loading=\"lazy\" decoding=\"async\" width=\"840\" height=\"480\" src=\"https:\/\/www.tayfunbavbek.com\/wp-content\/uploads\/2024\/01\/kornea2a-1.webp\" class=\"attachment-original size-original wp-post-image\" alt=\"\" srcset=\"https:\/\/www.tayfunbavbek.com\/wp-content\/uploads\/2024\/01\/kornea2a-1.webp 840w, https:\/\/www.tayfunbavbek.com\/wp-content\/uploads\/2024\/01\/kornea2a-1-700x400.webp 700w, https:\/\/www.tayfunbavbek.com\/wp-content\/uploads\/2024\/01\/kornea2a-1-768x439.webp 768w\" sizes=\"auto, (max-width: 840px) 100vw, 840px\" \/>\t\t\t\t\t\t\t<\/a>\n  \t\t\t\t\t\t\t  \t\t\t\t\t\t\t  \t\t\t\t\t\t<\/div>\n  \t\t\t\t\t\t  \t\t\t\t\t<\/div>\n          \t\t\t\t\t<div class=\"box-text text-left\" style=\"background-color:rgb(222, 238, 254);padding:0px 48px 0px 48px;\">\n\t\t\t\t\t<div class=\"box-text-inner blog-post-inner\">\n\n\t\t\t\t\t\n\t\t\t\t\t\t\t\t\t\t\t<p class=\"cat-label tag-label is-xxsmall op-7 uppercase\">\n\t\t\t\t\tUnkategorisiert \t\t\t\t\t<\/p>\n\t\t\t\t\t\t\t\t\t\t<h5 class=\"post-title is-xxlarge \">\n\t\t\t\t\t\t<a href=\"https:\/\/www.tayfunbavbek.com\/de\/was-ist-die-hornhaut\/\" class=\"plain\">Was ist die Hornhaut?<\/a>\n\t\t\t\t\t<\/h5>\n\t\t\t\t\t\t\t\t\t\t<div class=\"is-divider\"><\/div>\n\t\t\t\t\t\t\t\t\t\t<p class=\"from_the_blog_excerpt \">\n\t\t\t\t\t\tZus\u00e4tzlich dazu verf\u00fcgt sie \u00fcber eine Funktion, die das Auge vor \u00e4u\u00dferen Einfl\u00fcssen sch\u00fctzt. Die...\t\t\t\t\t<\/p>\n\t\t\t\t\t                    \n\t\t\t\t\t\n\t\t\t\t\t\n\t\t\t\t\t<\/div>\n\t\t\t\t\t<\/div>\n\t\t\t\t\t\t\t\t\t\t\t\t\t\t\t\t<div class=\"badge absolute top post-date badge-square\">\n\t\t\t\t\t\t\t<div class=\"badge-inner\">\n\t\t\t\t\t\t\t\t<span class=\"post-date-day\">16<\/span><br>\n\t\t\t\t\t\t\t\t<span class=\"post-date-month is-xsmall\">Jan.<\/span>\n\t\t\t\t\t\t\t<\/div>\n\t\t\t\t\t\t<\/div>\n\t\t\t\t\t\t\t\t\t<\/div>\n\t\t\t<\/div>\n\t\t<\/div><div class=\"col post-item\" >\n\t\t\t<div class=\"col-inner\">\n\t\t\t\t<div class=\"box box-vertical box-text-middle box-blog-post has-hover\">\n            \t\t\t\t\t<div class=\"box-image\" style=\"width:40%;\">\n  \t\t\t\t\t\t<div class=\"image-zoom image-cover\" style=\"padding-top:100%;\">\n\t\t\t\t\t\t\t<a href=\"https:\/\/www.tayfunbavbek.com\/de\/in-der-augengesundheit-ist-die-bedeutung-der-fruehzeitigen-diagnose-gross\/\" class=\"plain\" aria-label=\"In der Augengesundheit ist die Bedeutung der fr\u00fchzeitigen Diagnose gro\u00df\">\n\t\t\t\t\t\t\t\t<img loading=\"lazy\" decoding=\"async\" width=\"840\" height=\"520\" src=\"https:\/\/www.tayfunbavbek.com\/wp-content\/uploads\/2024\/01\/Basliksiz-1.webp\" class=\"attachment-original size-original wp-post-image\" alt=\"\" srcset=\"https:\/\/www.tayfunbavbek.com\/wp-content\/uploads\/2024\/01\/Basliksiz-1.webp 840w, https:\/\/www.tayfunbavbek.com\/wp-content\/uploads\/2024\/01\/Basliksiz-1-646x400.webp 646w, https:\/\/www.tayfunbavbek.com\/wp-content\/uploads\/2024\/01\/Basliksiz-1-768x475.webp 768w\" sizes=\"auto, (max-width: 840px) 100vw, 840px\" \/>\t\t\t\t\t\t\t<\/a>\n  \t\t\t\t\t\t\t  \t\t\t\t\t\t\t  \t\t\t\t\t\t<\/div>\n  \t\t\t\t\t\t  \t\t\t\t\t<\/div>\n          \t\t\t\t\t<div class=\"box-text text-left\" style=\"background-color:rgb(222, 238, 254);padding:0px 48px 0px 48px;\">\n\t\t\t\t\t<div class=\"box-text-inner blog-post-inner\">\n\n\t\t\t\t\t\n\t\t\t\t\t\t\t\t\t\t\t<p class=\"cat-label tag-label is-xxsmall op-7 uppercase\">\n\t\t\t\t\tUnkategorisiert \t\t\t\t\t<\/p>\n\t\t\t\t\t\t\t\t\t\t<h5 class=\"post-title is-xxlarge \">\n\t\t\t\t\t\t<a href=\"https:\/\/www.tayfunbavbek.com\/de\/in-der-augengesundheit-ist-die-bedeutung-der-fruehzeitigen-diagnose-gross\/\" class=\"plain\">In der Augengesundheit ist die Bedeutung der fr\u00fchzeitigen Diagnose gro\u00df<\/a>\n\t\t\t\t\t<\/h5>\n\t\t\t\t\t\t\t\t\t\t<div class=\"is-divider\"><\/div>\n\t\t\t\t\t\t\t\t\t\t<p class=\"from_the_blog_excerpt \">\n\t\t\t\t\t\tDer Spezialist f\u00fcr Augengesundheit und -krankheiten, Prof. Dr. Tayfun Bavbek, erkl\u00e4rte: \u201eEs gibt eine einfache...\t\t\t\t\t<\/p>\n\t\t\t\t\t                    \n\t\t\t\t\t\n\t\t\t\t\t\n\t\t\t\t\t<\/div>\n\t\t\t\t\t<\/div>\n\t\t\t\t\t\t\t\t\t\t\t\t\t\t\t\t<div class=\"badge absolute top post-date badge-square\">\n\t\t\t\t\t\t\t<div class=\"badge-inner\">\n\t\t\t\t\t\t\t\t<span class=\"post-date-day\">16<\/span><br>\n\t\t\t\t\t\t\t\t<span class=\"post-date-month is-xsmall\">Jan.<\/span>\n\t\t\t\t\t\t\t<\/div>\n\t\t\t\t\t\t<\/div>\n\t\t\t\t\t\t\t\t\t<\/div>\n\t\t\t<\/div>\n\t\t<\/div><div class=\"col post-item\" >\n\t\t\t<div class=\"col-inner\">\n\t\t\t\t<div class=\"box box-vertical box-text-middle box-blog-post has-hover\">\n            \t\t\t\t\t<div class=\"box-image\" style=\"width:40%;\">\n  \t\t\t\t\t\t<div class=\"image-zoom image-cover\" style=\"padding-top:100%;\">\n\t\t\t\t\t\t\t<a href=\"https:\/\/www.tayfunbavbek.com\/de\/wenn-sie-augenallergien-haben-achten-sie-auf-folgendes\/\" class=\"plain\" aria-label=\"Wenn Sie Augenallergien haben, achten Sie auf Folgendes!\">\n\t\t\t\t\t\t\t\t<img loading=\"lazy\" decoding=\"async\" width=\"840\" height=\"520\" src=\"https:\/\/www.tayfunbavbek.com\/wp-content\/uploads\/2024\/01\/alerji.webp\" class=\"attachment-original size-original wp-post-image\" alt=\"\" srcset=\"https:\/\/www.tayfunbavbek.com\/wp-content\/uploads\/2024\/01\/alerji.webp 840w, https:\/\/www.tayfunbavbek.com\/wp-content\/uploads\/2024\/01\/alerji-646x400.webp 646w, https:\/\/www.tayfunbavbek.com\/wp-content\/uploads\/2024\/01\/alerji-768x475.webp 768w\" sizes=\"auto, (max-width: 840px) 100vw, 840px\" \/>\t\t\t\t\t\t\t<\/a>\n  \t\t\t\t\t\t\t  \t\t\t\t\t\t\t  \t\t\t\t\t\t<\/div>\n  \t\t\t\t\t\t  \t\t\t\t\t<\/div>\n          \t\t\t\t\t<div class=\"box-text text-left\" style=\"background-color:rgb(222, 238, 254);padding:0px 48px 0px 48px;\">\n\t\t\t\t\t<div class=\"box-text-inner blog-post-inner\">\n\n\t\t\t\t\t\n\t\t\t\t\t\t\t\t\t\t\t<p class=\"cat-label tag-label is-xxsmall op-7 uppercase\">\n\t\t\t\t\tUnkategorisiert \t\t\t\t\t<\/p>\n\t\t\t\t\t\t\t\t\t\t<h5 class=\"post-title is-xxlarge \">\n\t\t\t\t\t\t<a href=\"https:\/\/www.tayfunbavbek.com\/de\/wenn-sie-augenallergien-haben-achten-sie-auf-folgendes\/\" class=\"plain\">Wenn Sie Augenallergien haben, achten Sie auf Folgendes!<\/a>\n\t\t\t\t\t<\/h5>\n\t\t\t\t\t\t\t\t\t\t<div class=\"is-divider\"><\/div>\n\t\t\t\t\t\t\t\t\t\t<p class=\"from_the_blog_excerpt \">\n\t\t\t\t\t\tFacharzt f\u00fcr Augengesundheit und Augenkrankheiten Prof. Dr. Tayfun Bavbek: \u201aBesonders wenn Sie unter einer Augenallergie...\t\t\t\t\t<\/p>\n\t\t\t\t\t                    \n\t\t\t\t\t\n\t\t\t\t\t\n\t\t\t\t\t<\/div>\n\t\t\t\t\t<\/div>\n\t\t\t\t\t\t\t\t\t\t\t\t\t\t\t\t<div class=\"badge absolute top post-date badge-square\">\n\t\t\t\t\t\t\t<div class=\"badge-inner\">\n\t\t\t\t\t\t\t\t<span class=\"post-date-day\">16<\/span><br>\n\t\t\t\t\t\t\t\t<span class=\"post-date-month is-xsmall\">Jan.<\/span>\n\t\t\t\t\t\t\t<\/div>\n\t\t\t\t\t\t<\/div>\n\t\t\t\t\t\t\t\t\t<\/div>\n\t\t\t<\/div>\n\t\t<\/div><\/div>\n\n\n\t\t<\/div>\n\t\t\t\t\t<\/div>\n\n\t\n\n<\/div>\n\n\t\t<\/div>\n\n\t\t\n<style>\n#section_1780461341 {\n  padding-top: 0px;\n  padding-bottom: 0px;\n}\n@media (min-width:550px) {\n  #section_1780461341 {\n    padding-top: 0px;\n    padding-bottom: 0px;\n  }\n}\n@media (min-width:850px) {\n  #section_1780461341 {\n    padding-top: 30px;\n    padding-bottom: 30px;\n  }\n}\n<\/style>\n\t<\/section>\n\t\n\n","protected":false},"excerpt":{"rendered":"","protected":false},"author":1,"featured_media":0,"parent":0,"menu_order":0,"comment_status":"closed","ping_status":"closed","template":"","meta":{"footnotes":""},"class_list":["post-995","page","type-page","status-publish","hentry"],"_links":{"self":[{"href":"https:\/\/www.tayfunbavbek.com\/de\/wp-json\/wp\/v2\/pages\/995","targetHints":{"allow":["GET"]}}],"collection":[{"href":"https:\/\/www.tayfunbavbek.com\/de\/wp-json\/wp\/v2\/pages"}],"about":[{"href":"https:\/\/www.tayfunbavbek.com\/de\/wp-json\/wp\/v2\/types\/page"}],"author":[{"embeddable":true,"href":"https:\/\/www.tayfunbavbek.com\/de\/wp-json\/wp\/v2\/users\/1"}],"replies":[{"embeddable":true,"href":"https:\/\/www.tayfunbavbek.com\/de\/wp-json\/wp\/v2\/comments?post=995"}],"version-history":[{"count":2,"href":"https:\/\/www.tayfunbavbek.com\/de\/wp-json\/wp\/v2\/pages\/995\/revisions"}],"predecessor-version":[{"id":997,"href":"https:\/\/www.tayfunbavbek.com\/de\/wp-json\/wp\/v2\/pages\/995\/revisions\/997"}],"wp:attachment":[{"href":"https:\/\/www.tayfunbavbek.com\/de\/wp-json\/wp\/v2\/media?parent=995"}],"curies":[{"name":"wp","href":"https:\/\/api.w.org\/{rel}","templated":true}]}}