{"id":948,"date":"2024-01-24T19:10:51","date_gmt":"2024-01-24T19:10:51","guid":{"rendered":"https:\/\/www.tayfunbavbek.com\/?page_id=948"},"modified":"2024-01-24T19:30:19","modified_gmt":"2024-01-24T19:30:19","slug":"yapim-asamasinda","status":"publish","type":"page","link":"https:\/\/www.tayfunbavbek.com\/en\/yapim-asamasinda\/","title":{"rendered":"Yap\u0131m A\u015famas\u0131nda"},"content":{"rendered":"\n\t<section class=\"section is-full-height\" id=\"section_789622589\">\n\t\t<div class=\"bg section-bg fill bg-fill  \" >\n\n\t\t\t\n\t\t\t\n\t\t\t\n\n\t\t<\/div>\n\n\t\t\n\n\t\t<div class=\"section-content relative\">\n\t\t\t\n\n\t<div id=\"gap-1710549211\" class=\"gap-element clearfix\" style=\"display:block; height:auto;\">\n\t\t\n<style>\n#gap-1710549211 {\n  padding-top: 30px;\n}\n<\/style>\n\t<\/div>\n\t\n\n<div class=\"row align-middle align-center\"  id=\"row-68263538\">\n\n\n\t<div id=\"col-1618163048\" class=\"col medium-7 small-12 large-7\"  >\n\t\t\t\t<div class=\"col-inner\"  >\n\t\t\t\n\t\t\t\n\n<h3>Ge\u00e7ici Yap\u0131m A\u015famas\u0131nda<\/h3>\n<p>Sevgili Ziyaret\u00e7imiz,<\/p>\n<p>\u015eu anda sitemizde \u00f6nemli g\u00fcncellemeler ve iyile\u015ftirmeler yap\u0131l\u0131yor. Size daha iyi bir deneyim sunabilmek ad\u0131na, web sitemizi g\u00fcncelliyoruz. Bu s\u00fcre\u00e7te sitemiz ge\u00e7ici olarak kullan\u0131lamayacak, ancak \u00e7ok yak\u0131nda sizlerle bulu\u015facak.<\/p>\n<p>G\u00f6z sa\u011fl\u0131\u011f\u0131n\u0131z bizim i\u00e7in \u00f6nemlidir. Sizlere daha iyi hizmet verebilmek amac\u0131yla, uzman ekibimiz taraf\u0131ndan yap\u0131lan g\u00fcncellemelerle birlikte daha modern, kullan\u0131c\u0131 dostu ve bilgilendirici bir web sitesi sunmay\u0131 hedefliyoruz.<\/p>\n<p>E\u011fer acil bir konuda yard\u0131ma ihtiyac\u0131n\u0131z varsa, l\u00fctfen a\u015fa\u011f\u0131daki ileti\u015fim bilgilerimizi kullanarak bizimle ileti\u015fime ge\u00e7in:<\/p>\n<p>\ud83d\udcde Telefon: +90 542 124 15 50<br \/>\n\ud83d\udce7 E-posta: tayfunbavbek@gmail.com<\/p>\n<p>Bu s\u00fcre\u00e7te bize g\u00f6sterdi\u011finiz anlay\u0131\u015f i\u00e7in te\u015fekk\u00fcr ederiz. Yenilenmi\u015f web sitemizle tekrar g\u00f6r\u00fc\u015fmek \u00fczere!<\/p>\n<p>Sayg\u0131lar\u0131mla,<br \/>\nTayfun Bavbek Ekibi<\/p>\n\n\n\t\t<\/div>\n\t\t\t\t\n<style>\n#col-1618163048 > .col-inner {\n  padding: 40px 40px 40px 40px;\n}\n<\/style>\n\t<\/div>\n\n\t\n\n\n<style>\n#row-68263538 > .col > .col-inner {\n  background-color: rgb(255, 255, 255);\n  border-radius: 6px;\n}\n<\/style>\n<\/div>\n\n\t\t<\/div>\n\n\t\t\n<style>\n#section_789622589 {\n  padding-top: 30px;\n  padding-bottom: 30px;\n  min-height: 500px;\n}\n#section_789622589 .section-bg.bg-loaded {\n  background-image: url(https:\/\/www.tayfunbavbek.com\/wp-content\/uploads\/2024\/01\/eyeglasses-with-eye-test-table-on-white-optometri-2023-11-27-05-31-18-utc-1.jpg);\n}\n#section_789622589 .section-bg {\n  background-position: 56% 39%;\n}\n@media (min-width:550px) {\n  #section_789622589 {\n    min-height: 100vh;\n  }\n}\n<\/style>\n\t<\/section>\n\t\n\n","protected":false},"excerpt":{"rendered":"","protected":false},"author":1,"featured_media":0,"parent":0,"menu_order":0,"comment_status":"closed","ping_status":"closed","template":"page-blank-landingpage.php","meta":{"footnotes":""},"class_list":["post-948","page","type-page","status-publish","hentry"],"_links":{"self":[{"href":"https:\/\/www.tayfunbavbek.com\/en\/wp-json\/wp\/v2\/pages\/948","targetHints":{"allow":["GET"]}}],"collection":[{"href":"https:\/\/www.tayfunbavbek.com\/en\/wp-json\/wp\/v2\/pages"}],"about":[{"href":"https:\/\/www.tayfunbavbek.com\/en\/wp-json\/wp\/v2\/types\/page"}],"author":[{"embeddable":true,"href":"https:\/\/www.tayfunbavbek.com\/en\/wp-json\/wp\/v2\/users\/1"}],"replies":[{"embeddable":true,"href":"https:\/\/www.tayfunbavbek.com\/en\/wp-json\/wp\/v2\/comments?post=948"}],"version-history":[{"count":3,"href":"https:\/\/www.tayfunbavbek.com\/en\/wp-json\/wp\/v2\/pages\/948\/revisions"}],"predecessor-version":[{"id":957,"href":"https:\/\/www.tayfunbavbek.com\/en\/wp-json\/wp\/v2\/pages\/948\/revisions\/957"}],"wp:attachment":[{"href":"https:\/\/www.tayfunbavbek.com\/en\/wp-json\/wp\/v2\/media?parent=948"}],"curies":[{"name":"wp","href":"https:\/\/api.w.org\/{rel}","templated":true}]}}